{"id":12000,"date":"2026-01-06T11:59:01","date_gmt":"2026-01-06T10:59:01","guid":{"rendered":"https:\/\/legrenierdelatour.be\/brocante\/?post_type=product&#038;p=12000"},"modified":"2026-01-06T13:26:07","modified_gmt":"2026-01-06T12:26:07","slug":"ceramique-murale-sainte-agathe-roger-guerin-bouffioulx","status":"publish","type":"product","link":"https:\/\/legrenierdelatour.be\/brocante\/produit\/ceramique-murale-sainte-agathe-roger-guerin-bouffioulx\/","title":{"rendered":"C\u00e9ramique murale, Sainte Barbe, Roger Gu\u00e9rin Bouffioulx"},"content":{"rendered":"<p>Relief mural de Sainte Barbe en c\u00e9ramique (34 cm de haut) issu de la manufacture Bouffioulx, une r\u00e9alisation de Roger Gu\u00e9rin (c\u00e9ramiste belge 1896-1954 Art D\u00e9co). A l\u2019arri\u00e8re se trouve le cachet de l\u2019artiste \u00ab Gr\u00e8s Gu\u00e9rin Bouffioulx \u00bb, ainsi que L18 en relief. On trouve \u00e9galement \u00ab L13 \u00bb en peinture dor\u00e9e. L\u2019ensemble est en parfait \u00e9tat. Repr\u00e9sentant belge de la c\u00e9ramique Art D\u00e9co, Roger Gu\u00e9rin fut form\u00e9 par Willem Delsaux dans sa poterie \u00ab L\u2019escarboucle \u00bb, ainsi qu\u2019\u00e0 l\u2019occasion de divers s\u00e9jours \u00e0 S\u00e8vres, avant de conna\u00eetre un vif succ\u00e8s d\u00e8s 1919. Il contribua d\u00e8s lors au froton du Mus\u00e9um d\u2019histoire Naturelle \u00e0 Bruxelles, aux d\u00e9cors de la gare Montparnasse \u00e0 Paris, \u00e0 la cage d\u2019escalier du Palais de justice de Charleroi.<\/p>\n<div>R\u00e9f 47.91<\/div>\n","protected":false},"excerpt":{"rendered":"<p>Relief mural de Sainte Barbe en c\u00e9ramique (34 cm de haut) issu de la manufacture Bouffioulx, une r\u00e9alisation de Roger Gu\u00e9rin (c\u00e9ramiste belge 1896-1954 Art D\u00e9co). A l\u2019arri\u00e8re se trouve le cachet de l\u2019artiste \u00ab Gr\u00e8s Gu\u00e9rin Bouffioulx \u00bb, ainsi que L18 en relief. On trouve \u00e9galement \u00ab L13 \u00bb en peinture dor\u00e9e. L\u2019ensemble est&hellip;&nbsp;<a href=\"https:\/\/legrenierdelatour.be\/brocante\/produit\/ceramique-murale-sainte-agathe-roger-guerin-bouffioulx\/\" class=\"\" rel=\"bookmark\">Lire la suite &raquo;<span class=\"screen-reader-text\">C\u00e9ramique murale, Sainte Barbe, Roger Gu\u00e9rin Bouffioulx<\/span><\/a><\/p>\n","protected":false},"featured_media":12012,"comment_status":"open","ping_status":"closed","template":"","meta":{"neve_meta_sidebar":"","neve_meta_container":"","neve_meta_enable_content_width":"off","neve_meta_content_width":100,"neve_meta_title_alignment":"","neve_meta_author_avatar":"","neve_post_elements_order":"","neve_meta_disable_header":"","neve_meta_disable_footer":"","neve_meta_disable_title":""},"product_brand":[],"product_cat":[37,202,16,167,34],"product_tag":[],"class_list":{"0":"post-12000","1":"product","2":"type-product","3":"status-publish","4":"has-post-thumbnail","6":"product_cat-belgique","7":"product_cat-bouffioulx","8":"product_cat-ceramique","9":"product_cat-peintures-et-sculptures","10":"product_cat-religiosa","12":"first","13":"instock","14":"shipping-taxable","15":"purchasable","16":"product-type-simple"},"_links":{"self":[{"href":"https:\/\/legrenierdelatour.be\/brocante\/wp-json\/wp\/v2\/product\/12000","targetHints":{"allow":["GET"]}}],"collection":[{"href":"https:\/\/legrenierdelatour.be\/brocante\/wp-json\/wp\/v2\/product"}],"about":[{"href":"https:\/\/legrenierdelatour.be\/brocante\/wp-json\/wp\/v2\/types\/product"}],"replies":[{"embeddable":true,"href":"https:\/\/legrenierdelatour.be\/brocante\/wp-json\/wp\/v2\/comments?post=12000"}],"wp:featuredmedia":[{"embeddable":true,"href":"https:\/\/legrenierdelatour.be\/brocante\/wp-json\/wp\/v2\/media\/12012"}],"wp:attachment":[{"href":"https:\/\/legrenierdelatour.be\/brocante\/wp-json\/wp\/v2\/media?parent=12000"}],"wp:term":[{"taxonomy":"product_brand","embeddable":true,"href":"https:\/\/legrenierdelatour.be\/brocante\/wp-json\/wp\/v2\/product_brand?post=12000"},{"taxonomy":"product_cat","embeddable":true,"href":"https:\/\/legrenierdelatour.be\/brocante\/wp-json\/wp\/v2\/product_cat?post=12000"},{"taxonomy":"product_tag","embeddable":true,"href":"https:\/\/legrenierdelatour.be\/brocante\/wp-json\/wp\/v2\/product_tag?post=12000"}],"curies":[{"name":"wp","href":"https:\/\/api.w.org\/{rel}","templated":true}]}}