{"id":11993,"date":"2025-12-31T10:51:59","date_gmt":"2025-12-31T09:51:59","guid":{"rendered":"https:\/\/legrenierdelatour.be\/brocante\/?post_type=product&#038;p=11993"},"modified":"2025-12-31T10:51:59","modified_gmt":"2025-12-31T09:51:59","slug":"gravure-luxembourg-le-viaduc-de-klausen-besselich-1870","status":"publish","type":"product","link":"https:\/\/legrenierdelatour.be\/brocante\/produit\/gravure-luxembourg-le-viaduc-de-klausen-besselich-1870\/","title":{"rendered":"Gravure Luxembourg, le viaduc de Klausen, Besselich, 1870"},"content":{"rendered":"<p>Gravure d\u2019une vue de Luxembourg (35&#215;25 cm) portant l\u2019inscription imprim\u00e9e \u00ab\u00a0Luxemburg. Der Viadukt von Klausen. von Besselich.\u00a0\u00bb. Cette garcure date de plus ou moins 1870 et a \u00e9t\u00e9 r\u00e9alis\u00e9e par Besselich. cette gravure est tr\u00e8s bien encadr\u00e9e.<\/p>\n<div>R\u00e9f 47.86<\/div>\n","protected":false},"excerpt":{"rendered":"<p>Gravure d\u2019une vue de Luxembourg (35&#215;25 cm) portant l\u2019inscription imprim\u00e9e \u00ab\u00a0Luxemburg. Der Viadukt von Klausen. von Besselich.\u00a0\u00bb. Cette garcure date de plus ou moins 1870 et a \u00e9t\u00e9 r\u00e9alis\u00e9e par Besselich. cette gravure est tr\u00e8s bien encadr\u00e9e. R\u00e9f 47.86<\/p>\n","protected":false},"featured_media":11994,"comment_status":"open","ping_status":"closed","template":"","meta":{"neve_meta_sidebar":"","neve_meta_container":"","neve_meta_enable_content_width":"off","neve_meta_content_width":100,"neve_meta_title_alignment":"","neve_meta_author_avatar":"","neve_post_elements_order":"","neve_meta_disable_header":"","neve_meta_disable_footer":"","neve_meta_disable_title":""},"product_brand":[],"product_cat":[166,167],"product_tag":[],"class_list":{"0":"post-11993","1":"product","2":"type-product","3":"status-publish","4":"has-post-thumbnail","6":"product_cat-luxemburgensia-luxemburgensia","7":"product_cat-peintures-et-sculptures","9":"first","10":"instock","11":"shipping-taxable","12":"purchasable","13":"product-type-simple"},"_links":{"self":[{"href":"https:\/\/legrenierdelatour.be\/brocante\/wp-json\/wp\/v2\/product\/11993","targetHints":{"allow":["GET"]}}],"collection":[{"href":"https:\/\/legrenierdelatour.be\/brocante\/wp-json\/wp\/v2\/product"}],"about":[{"href":"https:\/\/legrenierdelatour.be\/brocante\/wp-json\/wp\/v2\/types\/product"}],"replies":[{"embeddable":true,"href":"https:\/\/legrenierdelatour.be\/brocante\/wp-json\/wp\/v2\/comments?post=11993"}],"wp:featuredmedia":[{"embeddable":true,"href":"https:\/\/legrenierdelatour.be\/brocante\/wp-json\/wp\/v2\/media\/11994"}],"wp:attachment":[{"href":"https:\/\/legrenierdelatour.be\/brocante\/wp-json\/wp\/v2\/media?parent=11993"}],"wp:term":[{"taxonomy":"product_brand","embeddable":true,"href":"https:\/\/legrenierdelatour.be\/brocante\/wp-json\/wp\/v2\/product_brand?post=11993"},{"taxonomy":"product_cat","embeddable":true,"href":"https:\/\/legrenierdelatour.be\/brocante\/wp-json\/wp\/v2\/product_cat?post=11993"},{"taxonomy":"product_tag","embeddable":true,"href":"https:\/\/legrenierdelatour.be\/brocante\/wp-json\/wp\/v2\/product_tag?post=11993"}],"curies":[{"name":"wp","href":"https:\/\/api.w.org\/{rel}","templated":true}]}}