{"id":11992,"date":"2025-12-31T10:23:38","date_gmt":"2025-12-31T09:23:38","guid":{"rendered":"https:\/\/legrenierdelatour.be\/brocante\/?post_type=product&#038;p=11992"},"modified":"2025-12-31T10:23:38","modified_gmt":"2025-12-31T09:23:38","slug":"cendrier-souce-charlemagne-villeroy-boch","status":"publish","type":"product","link":"https:\/\/legrenierdelatour.be\/brocante\/produit\/cendrier-souce-charlemagne-villeroy-boch\/","title":{"rendered":"Cendrier, Souce Charlemagne, Villeroy &#038; Boch"},"content":{"rendered":"<p>Cendrier en fa\u00efence (19 cm de c\u00f4t\u00e9) \u00e9dit\u00e9 pour la Source Charlemagne, marque de limonade produite par la brasseri Piedboeuf \u00e0 Jupille sur Meuse. Cr\u00e9\u00e9e en 1853, cette brasserie captait l\u2019eau de la source Charlemagne pour le brassage de ses bi\u00e8res et plus tard de ses limonades. Ce cendrier produit par Villeroy &amp; Boch date des ann\u00e9es 1950.<\/p>\n<div>\n<div>R\u00e9f 47.85<\/div>\n<\/div>\n","protected":false},"excerpt":{"rendered":"<p>Cendrier en fa\u00efence (19 cm de c\u00f4t\u00e9) \u00e9dit\u00e9 pour la Source Charlemagne, marque de limonade produite par la brasseri Piedboeuf \u00e0 Jupille sur Meuse. Cr\u00e9\u00e9e en 1853, cette brasserie captait l\u2019eau de la source Charlemagne pour le brassage de ses bi\u00e8res et plus tard de ses limonades. Ce cendrier produit par Villeroy &amp; Boch date&hellip;&nbsp;<a href=\"https:\/\/legrenierdelatour.be\/brocante\/produit\/cendrier-souce-charlemagne-villeroy-boch\/\" class=\"\" rel=\"bookmark\">Lire la suite &raquo;<span class=\"screen-reader-text\">Cendrier, Souce Charlemagne, Villeroy &#038; Boch<\/span><\/a><\/p>\n","protected":false},"featured_media":11989,"comment_status":"open","ping_status":"closed","template":"","meta":{"neve_meta_sidebar":"","neve_meta_container":"","neve_meta_enable_content_width":"off","neve_meta_content_width":100,"neve_meta_title_alignment":"","neve_meta_author_avatar":"","neve_post_elements_order":"","neve_meta_disable_header":"","neve_meta_disable_footer":"","neve_meta_disable_title":""},"product_brand":[],"product_cat":[15],"product_tag":[],"class_list":{"0":"post-11992","1":"product","2":"type-product","3":"status-publish","4":"has-post-thumbnail","6":"product_cat-non-classe","8":"first","9":"instock","10":"shipping-taxable","11":"purchasable","12":"product-type-simple"},"_links":{"self":[{"href":"https:\/\/legrenierdelatour.be\/brocante\/wp-json\/wp\/v2\/product\/11992","targetHints":{"allow":["GET"]}}],"collection":[{"href":"https:\/\/legrenierdelatour.be\/brocante\/wp-json\/wp\/v2\/product"}],"about":[{"href":"https:\/\/legrenierdelatour.be\/brocante\/wp-json\/wp\/v2\/types\/product"}],"replies":[{"embeddable":true,"href":"https:\/\/legrenierdelatour.be\/brocante\/wp-json\/wp\/v2\/comments?post=11992"}],"wp:featuredmedia":[{"embeddable":true,"href":"https:\/\/legrenierdelatour.be\/brocante\/wp-json\/wp\/v2\/media\/11989"}],"wp:attachment":[{"href":"https:\/\/legrenierdelatour.be\/brocante\/wp-json\/wp\/v2\/media?parent=11992"}],"wp:term":[{"taxonomy":"product_brand","embeddable":true,"href":"https:\/\/legrenierdelatour.be\/brocante\/wp-json\/wp\/v2\/product_brand?post=11992"},{"taxonomy":"product_cat","embeddable":true,"href":"https:\/\/legrenierdelatour.be\/brocante\/wp-json\/wp\/v2\/product_cat?post=11992"},{"taxonomy":"product_tag","embeddable":true,"href":"https:\/\/legrenierdelatour.be\/brocante\/wp-json\/wp\/v2\/product_tag?post=11992"}],"curies":[{"name":"wp","href":"https:\/\/api.w.org\/{rel}","templated":true}]}}