{"id":11991,"date":"2025-12-31T10:15:41","date_gmt":"2025-12-31T09:15:41","guid":{"rendered":"https:\/\/legrenierdelatour.be\/brocante\/?post_type=product&#038;p=11991"},"modified":"2025-12-31T10:22:14","modified_gmt":"2025-12-31T09:22:14","slug":"cendrier-piedboeuf-jupille-villeroy-boch","status":"publish","type":"product","link":"https:\/\/legrenierdelatour.be\/brocante\/produit\/cendrier-piedboeuf-jupille-villeroy-boch\/","title":{"rendered":"Cendrier Piedboeuf Jupille, Villeroy &#038; Boch"},"content":{"rendered":"<div data-subtree=\"aimfl,mfl\" data-processed=\"true\">\n<p>Cendrier en fa\u00efence (14 cm de c\u00f4t\u00e9) \u00e9dit\u00e9 pour la bi\u00e8re Piedboeuf en 1953. 1853 est l\u2019ann\u00e9e de fondation de la brasseri P\u00efedboeuf \u00e0 Jupille sur Meuse, l\u2019anc\u00eatre de la c\u00e9l\u00e8bre marque de bi\u00e8re Jupiler. Ce cendrier a sans doute \u00e9t\u00e9 \u00e9dit\u00e9 pour le 100\u00e8 anniversaire de la cr\u00e9ation, et a \u00e9t\u00e9 produit par Villeroy &amp; Boch Luxembourg.<\/p>\n<div>R\u00e9f 47.84<\/div>\n<\/div>\n","protected":false},"excerpt":{"rendered":"<p>Cendrier en fa\u00efence (14 cm de c\u00f4t\u00e9) \u00e9dit\u00e9 pour la bi\u00e8re Piedboeuf en 1953. 1853 est l\u2019ann\u00e9e de fondation de la brasseri P\u00efedboeuf \u00e0 Jupille sur Meuse, l\u2019anc\u00eatre de la c\u00e9l\u00e8bre marque de bi\u00e8re Jupiler. Ce cendrier a sans doute \u00e9t\u00e9 \u00e9dit\u00e9 pour le 100\u00e8 anniversaire de la cr\u00e9ation, et a \u00e9t\u00e9 produit par Villeroy&hellip;&nbsp;<a href=\"https:\/\/legrenierdelatour.be\/brocante\/produit\/cendrier-piedboeuf-jupille-villeroy-boch\/\" class=\"\" rel=\"bookmark\">Lire la suite &raquo;<span class=\"screen-reader-text\">Cendrier Piedboeuf Jupille, Villeroy &#038; Boch<\/span><\/a><\/p>\n","protected":false},"featured_media":11987,"comment_status":"open","ping_status":"closed","template":"","meta":{"neve_meta_sidebar":"","neve_meta_container":"","neve_meta_enable_content_width":"off","neve_meta_content_width":100,"neve_meta_title_alignment":"","neve_meta_author_avatar":"","neve_post_elements_order":"","neve_meta_disable_header":"","neve_meta_disable_footer":"","neve_meta_disable_title":""},"product_brand":[],"product_cat":[183,16,29],"product_tag":[],"class_list":{"0":"post-11991","1":"product","2":"type-product","3":"status-publish","4":"has-post-thumbnail","6":"product_cat-bureau-et-fumoir","7":"product_cat-ceramique","8":"product_cat-villeroy-boch","10":"first","11":"instock","12":"shipping-taxable","13":"purchasable","14":"product-type-simple"},"_links":{"self":[{"href":"https:\/\/legrenierdelatour.be\/brocante\/wp-json\/wp\/v2\/product\/11991","targetHints":{"allow":["GET"]}}],"collection":[{"href":"https:\/\/legrenierdelatour.be\/brocante\/wp-json\/wp\/v2\/product"}],"about":[{"href":"https:\/\/legrenierdelatour.be\/brocante\/wp-json\/wp\/v2\/types\/product"}],"replies":[{"embeddable":true,"href":"https:\/\/legrenierdelatour.be\/brocante\/wp-json\/wp\/v2\/comments?post=11991"}],"wp:featuredmedia":[{"embeddable":true,"href":"https:\/\/legrenierdelatour.be\/brocante\/wp-json\/wp\/v2\/media\/11987"}],"wp:attachment":[{"href":"https:\/\/legrenierdelatour.be\/brocante\/wp-json\/wp\/v2\/media?parent=11991"}],"wp:term":[{"taxonomy":"product_brand","embeddable":true,"href":"https:\/\/legrenierdelatour.be\/brocante\/wp-json\/wp\/v2\/product_brand?post=11991"},{"taxonomy":"product_cat","embeddable":true,"href":"https:\/\/legrenierdelatour.be\/brocante\/wp-json\/wp\/v2\/product_cat?post=11991"},{"taxonomy":"product_tag","embeddable":true,"href":"https:\/\/legrenierdelatour.be\/brocante\/wp-json\/wp\/v2\/product_tag?post=11991"}],"curies":[{"name":"wp","href":"https:\/\/api.w.org\/{rel}","templated":true}]}}