{"id":11984,"date":"2025-12-31T10:05:45","date_gmt":"2025-12-31T09:05:45","guid":{"rendered":"https:\/\/legrenierdelatour.be\/brocante\/?post_type=product&#038;p=11984"},"modified":"2025-12-31T10:05:45","modified_gmt":"2025-12-31T09:05:45","slug":"assiette-en-majolique-villeroy-boch-schramberg-art-nouveau","status":"publish","type":"product","link":"https:\/\/legrenierdelatour.be\/brocante\/produit\/assiette-en-majolique-villeroy-boch-schramberg-art-nouveau\/","title":{"rendered":"Assiette en majolique, Villeroy&#038; Boch Schramberg, Art Nouveau"},"content":{"rendered":"<p>Petite assiette en barbotine (17 cm de diam\u00e8tre) portant un d\u00e9cor de clochettes blanches (perce-neiges ou muguets). Dessous se trouve la marque dans un cercle VBS, pour Villeroy &amp; Boch Schramberg, ainsi que le num\u00e9ro 1315\/9. La manufacture de Schramberg a \u00e9t\u00e9 fond\u00e9e en 1823 par Isidor Faist avant d\u2019\u00eatre rachet\u00e9e par Villeroy et Boch avec ses mod\u00e8les. Une nouvelle fabrique est fond\u00e9e en 1912 par Moritz Meyer. Villeroy &amp; Boch ne produisit \u00e0 Schramberg que de 1883 \u00e0 1912.<\/p>\n<div>Deux exemplaires disponibles en parfait \u00e9tat disponibles au prix de 35\u20ac pi\u00e8ce.<\/p>\n<div>R\u00e9f 47.83<\/div>\n<\/div>\n","protected":false},"excerpt":{"rendered":"<p>Petite assiette en barbotine (17 cm de diam\u00e8tre) portant un d\u00e9cor de clochettes blanches (perce-neiges ou muguets). Dessous se trouve la marque dans un cercle VBS, pour Villeroy &amp; Boch Schramberg, ainsi que le num\u00e9ro 1315\/9. La manufacture de Schramberg a \u00e9t\u00e9 fond\u00e9e en 1823 par Isidor Faist avant d\u2019\u00eatre rachet\u00e9e par Villeroy et Boch&hellip;&nbsp;<a href=\"https:\/\/legrenierdelatour.be\/brocante\/produit\/assiette-en-majolique-villeroy-boch-schramberg-art-nouveau\/\" class=\"\" rel=\"bookmark\">Lire la suite &raquo;<span class=\"screen-reader-text\">Assiette en majolique, Villeroy&#038; Boch Schramberg, Art Nouveau<\/span><\/a><\/p>\n","protected":false},"featured_media":11985,"comment_status":"open","ping_status":"closed","template":"","meta":{"neve_meta_sidebar":"","neve_meta_container":"","neve_meta_enable_content_width":"off","neve_meta_content_width":100,"neve_meta_title_alignment":"","neve_meta_author_avatar":"","neve_post_elements_order":"","neve_meta_disable_header":"","neve_meta_disable_footer":"","neve_meta_disable_title":""},"product_brand":[],"product_cat":[16,29],"product_tag":[],"class_list":{"0":"post-11984","1":"product","2":"type-product","3":"status-publish","4":"has-post-thumbnail","6":"product_cat-ceramique","7":"product_cat-villeroy-boch","9":"first","10":"instock","11":"shipping-taxable","12":"purchasable","13":"product-type-simple"},"_links":{"self":[{"href":"https:\/\/legrenierdelatour.be\/brocante\/wp-json\/wp\/v2\/product\/11984","targetHints":{"allow":["GET"]}}],"collection":[{"href":"https:\/\/legrenierdelatour.be\/brocante\/wp-json\/wp\/v2\/product"}],"about":[{"href":"https:\/\/legrenierdelatour.be\/brocante\/wp-json\/wp\/v2\/types\/product"}],"replies":[{"embeddable":true,"href":"https:\/\/legrenierdelatour.be\/brocante\/wp-json\/wp\/v2\/comments?post=11984"}],"wp:featuredmedia":[{"embeddable":true,"href":"https:\/\/legrenierdelatour.be\/brocante\/wp-json\/wp\/v2\/media\/11985"}],"wp:attachment":[{"href":"https:\/\/legrenierdelatour.be\/brocante\/wp-json\/wp\/v2\/media?parent=11984"}],"wp:term":[{"taxonomy":"product_brand","embeddable":true,"href":"https:\/\/legrenierdelatour.be\/brocante\/wp-json\/wp\/v2\/product_brand?post=11984"},{"taxonomy":"product_cat","embeddable":true,"href":"https:\/\/legrenierdelatour.be\/brocante\/wp-json\/wp\/v2\/product_cat?post=11984"},{"taxonomy":"product_tag","embeddable":true,"href":"https:\/\/legrenierdelatour.be\/brocante\/wp-json\/wp\/v2\/product_tag?post=11984"}],"curies":[{"name":"wp","href":"https:\/\/api.w.org\/{rel}","templated":true}]}}