{"id":11978,"date":"2025-12-29T15:32:55","date_gmt":"2025-12-29T14:32:55","guid":{"rendered":"https:\/\/legrenierdelatour.be\/brocante\/?post_type=product&#038;p=11978"},"modified":"2025-12-29T15:32:55","modified_gmt":"2025-12-29T14:32:55","slug":"horloge-oeil-de-boeuf-napoleon-iii-henrion-arlon","status":"publish","type":"product","link":"https:\/\/legrenierdelatour.be\/brocante\/produit\/horloge-oeil-de-boeuf-napoleon-iii-henrion-arlon\/","title":{"rendered":"Horloge Oeil de boeuf, Napol\u00e9on III, Henrion Arlon"},"content":{"rendered":"<p>Belle horloge murale \u00ab oeil-de-boeuf \u00bb (51&#215;62 cm) probablement de l\u2019Epoque Napol\u00e9on III (1850-1870) avec un cadre noirci de forme chantourn\u00e9e et des incrustations de nacre dans des motifs d\u00e9coratifs. le cadran \u00e9maill\u00e9 porte des chiffres romains \u00e9maill\u00e9s. Le cadran porte les inscriptions \u00ab Henrion\u00a0\u00bb et \u00ab Arlon \u00bb. La maison Herion existe depuis 1850 \u00e0 Arlon (peut-\u00eatre avant \u00e0 Virton).<\/p>\n<div>R\u00e9f 47.82<\/div>\n","protected":false},"excerpt":{"rendered":"<p>Belle horloge murale \u00ab oeil-de-boeuf \u00bb (51&#215;62 cm) probablement de l\u2019Epoque Napol\u00e9on III (1850-1870) avec un cadre noirci de forme chantourn\u00e9e et des incrustations de nacre dans des motifs d\u00e9coratifs. le cadran \u00e9maill\u00e9 porte des chiffres romains \u00e9maill\u00e9s. Le cadran porte les inscriptions \u00ab Henrion\u00a0\u00bb et \u00ab Arlon \u00bb. La maison Herion existe depuis 1850&hellip;&nbsp;<a href=\"https:\/\/legrenierdelatour.be\/brocante\/produit\/horloge-oeil-de-boeuf-napoleon-iii-henrion-arlon\/\" class=\"\" rel=\"bookmark\">Lire la suite &raquo;<span class=\"screen-reader-text\">Horloge Oeil de boeuf, Napol\u00e9on III, Henrion Arlon<\/span><\/a><\/p>\n","protected":false},"featured_media":11979,"comment_status":"open","ping_status":"closed","template":"","meta":{"neve_meta_sidebar":"","neve_meta_container":"","neve_meta_enable_content_width":"off","neve_meta_content_width":100,"neve_meta_title_alignment":"","neve_meta_author_avatar":"","neve_post_elements_order":"","neve_meta_disable_header":"","neve_meta_disable_footer":"","neve_meta_disable_title":""},"product_brand":[],"product_cat":[176,23,31],"product_tag":[],"class_list":{"0":"post-11978","1":"product","2":"type-product","3":"status-publish","4":"has-post-thumbnail","6":"product_cat-horloges","7":"product_cat-mobilier","8":"product_cat-pays-darlon","10":"first","11":"instock","12":"shipping-taxable","13":"purchasable","14":"product-type-simple"},"_links":{"self":[{"href":"https:\/\/legrenierdelatour.be\/brocante\/wp-json\/wp\/v2\/product\/11978","targetHints":{"allow":["GET"]}}],"collection":[{"href":"https:\/\/legrenierdelatour.be\/brocante\/wp-json\/wp\/v2\/product"}],"about":[{"href":"https:\/\/legrenierdelatour.be\/brocante\/wp-json\/wp\/v2\/types\/product"}],"replies":[{"embeddable":true,"href":"https:\/\/legrenierdelatour.be\/brocante\/wp-json\/wp\/v2\/comments?post=11978"}],"wp:featuredmedia":[{"embeddable":true,"href":"https:\/\/legrenierdelatour.be\/brocante\/wp-json\/wp\/v2\/media\/11979"}],"wp:attachment":[{"href":"https:\/\/legrenierdelatour.be\/brocante\/wp-json\/wp\/v2\/media?parent=11978"}],"wp:term":[{"taxonomy":"product_brand","embeddable":true,"href":"https:\/\/legrenierdelatour.be\/brocante\/wp-json\/wp\/v2\/product_brand?post=11978"},{"taxonomy":"product_cat","embeddable":true,"href":"https:\/\/legrenierdelatour.be\/brocante\/wp-json\/wp\/v2\/product_cat?post=11978"},{"taxonomy":"product_tag","embeddable":true,"href":"https:\/\/legrenierdelatour.be\/brocante\/wp-json\/wp\/v2\/product_tag?post=11978"}],"curies":[{"name":"wp","href":"https:\/\/api.w.org\/{rel}","templated":true}]}}