{"id":1197,"date":"2022-03-31T18:01:12","date_gmt":"2022-03-31T16:01:12","guid":{"rendered":"https:\/\/legrenierdelatour.be\/brocante\/?post_type=product&#038;p=1197"},"modified":"2022-05-19T15:43:29","modified_gmt":"2022-05-19T13:43:29","slug":"vase-alforan-35-12","status":"publish","type":"product","link":"https:\/\/legrenierdelatour.be\/brocante\/produit\/vase-alforan-35-12\/","title":{"rendered":"Vase Alforan 35\/12"},"content":{"rendered":"<p>Vase \u00e0 d\u00e9cor de fleurs (12 cm de haut), produit par Alforan Keramik. Cr\u00e9\u00e9e en 1859 pr Peter Fohr, la manufacture commen\u00e7a \u00e0 produire de la c\u00e9ramique d\u00e9corative en 1934. En 1945, elle fut divis\u00e9e entre les deux fr\u00e8res: \u00a0Alfred Fohr qui cr\u00e9a Alforan \u00e0 Ransbach-Baumbach et : Wilhem qui cr\u00e9a Fohr-Keramik. Il n\u2019est pas connu de date de cessation de Alforan, mais les pi\u00e8ces connues datent des ann\u00e9es 1950. Le vase est en tr\u00e8s bon \u00e9tat.<\/p>\n<div>R\u00e9f 10.70<\/div>\n","protected":false},"excerpt":{"rendered":"<p>Vase \u00e0 d\u00e9cor de fleurs (12 cm de haut), produit par Alforan Keramik. Cr\u00e9\u00e9e en 1859 pr Peter Fohr, la manufacture commen\u00e7a \u00e0 produire de la c\u00e9ramique d\u00e9corative en 1934. En 1945, elle fut divis\u00e9e entre les deux fr\u00e8res: \u00a0Alfred Fohr qui cr\u00e9a Alforan \u00e0 Ransbach-Baumbach et : Wilhem qui cr\u00e9a Fohr-Keramik. Il n\u2019est pas&hellip;&nbsp;<a href=\"https:\/\/legrenierdelatour.be\/brocante\/produit\/vase-alforan-35-12\/\" class=\"\" rel=\"bookmark\">Lire la suite &raquo;<span class=\"screen-reader-text\">Vase Alforan 35\/12<\/span><\/a><\/p>\n","protected":false},"featured_media":1176,"comment_status":"open","ping_status":"closed","template":"","meta":{"neve_meta_sidebar":"","neve_meta_container":"","neve_meta_enable_content_width":"off","neve_meta_content_width":100,"neve_meta_title_alignment":"","neve_meta_author_avatar":"","neve_post_elements_order":"","neve_meta_disable_header":"","neve_meta_disable_footer":"","neve_meta_disable_title":""},"product_brand":[],"product_cat":[48,170,16,47],"product_tag":[103,19,50,49],"class_list":{"0":"post-1197","1":"product","2":"type-product","3":"status-publish","4":"has-post-thumbnail","6":"product_cat-allemagne","7":"product_cat-autres-producteurs","8":"product_cat-ceramique","9":"product_cat-west-germany","10":"product_tag-alforan","11":"product_tag-faience","12":"product_tag-fat-lava","13":"product_tag-west-germany","15":"first","16":"instock","17":"shipping-taxable","18":"purchasable","19":"product-type-simple"},"_links":{"self":[{"href":"https:\/\/legrenierdelatour.be\/brocante\/wp-json\/wp\/v2\/product\/1197","targetHints":{"allow":["GET"]}}],"collection":[{"href":"https:\/\/legrenierdelatour.be\/brocante\/wp-json\/wp\/v2\/product"}],"about":[{"href":"https:\/\/legrenierdelatour.be\/brocante\/wp-json\/wp\/v2\/types\/product"}],"replies":[{"embeddable":true,"href":"https:\/\/legrenierdelatour.be\/brocante\/wp-json\/wp\/v2\/comments?post=1197"}],"wp:featuredmedia":[{"embeddable":true,"href":"https:\/\/legrenierdelatour.be\/brocante\/wp-json\/wp\/v2\/media\/1176"}],"wp:attachment":[{"href":"https:\/\/legrenierdelatour.be\/brocante\/wp-json\/wp\/v2\/media?parent=1197"}],"wp:term":[{"taxonomy":"product_brand","embeddable":true,"href":"https:\/\/legrenierdelatour.be\/brocante\/wp-json\/wp\/v2\/product_brand?post=1197"},{"taxonomy":"product_cat","embeddable":true,"href":"https:\/\/legrenierdelatour.be\/brocante\/wp-json\/wp\/v2\/product_cat?post=1197"},{"taxonomy":"product_tag","embeddable":true,"href":"https:\/\/legrenierdelatour.be\/brocante\/wp-json\/wp\/v2\/product_tag?post=1197"}],"curies":[{"name":"wp","href":"https:\/\/api.w.org\/{rel}","templated":true}]}}