{"id":1196,"date":"2022-03-31T17:47:52","date_gmt":"2022-03-31T15:47:52","guid":{"rendered":"https:\/\/legrenierdelatour.be\/brocante\/?post_type=product&#038;p=1196"},"modified":"2022-05-19T15:43:50","modified_gmt":"2022-05-19T13:43:50","slug":"pichet-west-germany-munchen-902","status":"publish","type":"product","link":"https:\/\/legrenierdelatour.be\/brocante\/produit\/pichet-west-germany-munchen-902\/","title":{"rendered":"Pichet West Germany M\u00fcnchen 902"},"content":{"rendered":"<p>Pichet west Germany (15 cm haut) avec repr\u00e9sentation en relief de M\u00fcnchen en Allemagne. En tr\u00e8s bon \u00e9tat, il a sans doute \u00e9t\u00e9 produit dans les ann\u00e9es 1970.<\/p>\n<div>R\u00e9f 10.69<\/div>\n","protected":false},"excerpt":{"rendered":"<p>Pichet west Germany (15 cm haut) avec repr\u00e9sentation en relief de M\u00fcnchen en Allemagne. En tr\u00e8s bon \u00e9tat, il a sans doute \u00e9t\u00e9 produit dans les ann\u00e9es 1970. R\u00e9f 10.69<\/p>\n","protected":false},"featured_media":1174,"comment_status":"open","ping_status":"closed","template":"","meta":{"neve_meta_sidebar":"","neve_meta_container":"","neve_meta_enable_content_width":"off","neve_meta_content_width":100,"neve_meta_title_alignment":"","neve_meta_author_avatar":"","neve_post_elements_order":"","neve_meta_disable_header":"","neve_meta_disable_footer":"","neve_meta_disable_title":""},"product_brand":[],"product_cat":[48,16,47],"product_tag":[19,49],"class_list":{"0":"post-1196","1":"product","2":"type-product","3":"status-publish","4":"has-post-thumbnail","6":"product_cat-allemagne","7":"product_cat-ceramique","8":"product_cat-west-germany","9":"product_tag-faience","10":"product_tag-west-germany","12":"first","13":"instock","14":"shipping-taxable","15":"purchasable","16":"product-type-simple"},"_links":{"self":[{"href":"https:\/\/legrenierdelatour.be\/brocante\/wp-json\/wp\/v2\/product\/1196","targetHints":{"allow":["GET"]}}],"collection":[{"href":"https:\/\/legrenierdelatour.be\/brocante\/wp-json\/wp\/v2\/product"}],"about":[{"href":"https:\/\/legrenierdelatour.be\/brocante\/wp-json\/wp\/v2\/types\/product"}],"replies":[{"embeddable":true,"href":"https:\/\/legrenierdelatour.be\/brocante\/wp-json\/wp\/v2\/comments?post=1196"}],"wp:featuredmedia":[{"embeddable":true,"href":"https:\/\/legrenierdelatour.be\/brocante\/wp-json\/wp\/v2\/media\/1174"}],"wp:attachment":[{"href":"https:\/\/legrenierdelatour.be\/brocante\/wp-json\/wp\/v2\/media?parent=1196"}],"wp:term":[{"taxonomy":"product_brand","embeddable":true,"href":"https:\/\/legrenierdelatour.be\/brocante\/wp-json\/wp\/v2\/product_brand?post=1196"},{"taxonomy":"product_cat","embeddable":true,"href":"https:\/\/legrenierdelatour.be\/brocante\/wp-json\/wp\/v2\/product_cat?post=1196"},{"taxonomy":"product_tag","embeddable":true,"href":"https:\/\/legrenierdelatour.be\/brocante\/wp-json\/wp\/v2\/product_tag?post=1196"}],"curies":[{"name":"wp","href":"https:\/\/api.w.org\/{rel}","templated":true}]}}