{"id":11953,"date":"2025-12-28T17:41:18","date_gmt":"2025-12-28T16:41:18","guid":{"rendered":"https:\/\/legrenierdelatour.be\/brocante\/?post_type=product&#038;p=11953"},"modified":"2025-12-28T17:41:18","modified_gmt":"2025-12-28T16:41:18","slug":"peinture-a-lhuile-nature-morte-yvette-lichtfus","status":"publish","type":"product","link":"https:\/\/legrenierdelatour.be\/brocante\/produit\/peinture-a-lhuile-nature-morte-yvette-lichtfus\/","title":{"rendered":"Peinture \u00e0 l&rsquo;huile, Nature morte, Yvette Lichtfus"},"content":{"rendered":"<p>Peinture \u00e0 l\u2019huile sur toile (70&#215;80 cadre compris) d\u2019une Natture morte avec oiseaux, sign\u00e9e en bas \u00e0 gauche YV Lichtfus. Cette Nature morte est paradoxalement tr\u00e8s vivante et est tres joliment encadr\u00e9e. Yvette Lichtfus (Arlon 1925-Ixelles 2014), apprit la peinture chez le peintre De Wit, ainsi qu\u2019\u00e0 l\u2019acad\u00e9mie des Beaux-Arts de Bruxelles. L\u2019essentiel pour elle est de capter la lumi\u00e8re, de laisser chanter les couleurs, avec une palette de tons chauds. M\u00eame si elle ne se revendique d\u2019aucune \u00e9cole, ses oeuvres tendent vers un impressionnisme lumineux.<\/p>\n<div>R\u00e9f 47.75<\/div>\n","protected":false},"excerpt":{"rendered":"<p>Peinture \u00e0 l\u2019huile sur toile (70&#215;80 cadre compris) d\u2019une Natture morte avec oiseaux, sign\u00e9e en bas \u00e0 gauche YV Lichtfus. Cette Nature morte est paradoxalement tr\u00e8s vivante et est tres joliment encadr\u00e9e. Yvette Lichtfus (Arlon 1925-Ixelles 2014), apprit la peinture chez le peintre De Wit, ainsi qu\u2019\u00e0 l\u2019acad\u00e9mie des Beaux-Arts de Bruxelles. L\u2019essentiel pour elle&hellip;&nbsp;<a href=\"https:\/\/legrenierdelatour.be\/brocante\/produit\/peinture-a-lhuile-nature-morte-yvette-lichtfus\/\" class=\"\" rel=\"bookmark\">Lire la suite &raquo;<span class=\"screen-reader-text\">Peinture \u00e0 l&rsquo;huile, Nature morte, Yvette Lichtfus<\/span><\/a><\/p>\n","protected":false},"featured_media":11954,"comment_status":"open","ping_status":"closed","template":"","meta":{"neve_meta_sidebar":"","neve_meta_container":"","neve_meta_enable_content_width":"off","neve_meta_content_width":100,"neve_meta_title_alignment":"","neve_meta_author_avatar":"","neve_post_elements_order":"","neve_meta_disable_header":"","neve_meta_disable_footer":"","neve_meta_disable_title":""},"product_brand":[],"product_cat":[31,167],"product_tag":[],"class_list":{"0":"post-11953","1":"product","2":"type-product","3":"status-publish","4":"has-post-thumbnail","6":"product_cat-pays-darlon","7":"product_cat-peintures-et-sculptures","9":"first","10":"instock","11":"shipping-taxable","12":"purchasable","13":"product-type-simple"},"_links":{"self":[{"href":"https:\/\/legrenierdelatour.be\/brocante\/wp-json\/wp\/v2\/product\/11953","targetHints":{"allow":["GET"]}}],"collection":[{"href":"https:\/\/legrenierdelatour.be\/brocante\/wp-json\/wp\/v2\/product"}],"about":[{"href":"https:\/\/legrenierdelatour.be\/brocante\/wp-json\/wp\/v2\/types\/product"}],"replies":[{"embeddable":true,"href":"https:\/\/legrenierdelatour.be\/brocante\/wp-json\/wp\/v2\/comments?post=11953"}],"wp:featuredmedia":[{"embeddable":true,"href":"https:\/\/legrenierdelatour.be\/brocante\/wp-json\/wp\/v2\/media\/11954"}],"wp:attachment":[{"href":"https:\/\/legrenierdelatour.be\/brocante\/wp-json\/wp\/v2\/media?parent=11953"}],"wp:term":[{"taxonomy":"product_brand","embeddable":true,"href":"https:\/\/legrenierdelatour.be\/brocante\/wp-json\/wp\/v2\/product_brand?post=11953"},{"taxonomy":"product_cat","embeddable":true,"href":"https:\/\/legrenierdelatour.be\/brocante\/wp-json\/wp\/v2\/product_cat?post=11953"},{"taxonomy":"product_tag","embeddable":true,"href":"https:\/\/legrenierdelatour.be\/brocante\/wp-json\/wp\/v2\/product_tag?post=11953"}],"curies":[{"name":"wp","href":"https:\/\/api.w.org\/{rel}","templated":true}]}}