{"id":11951,"date":"2025-12-28T13:07:48","date_gmt":"2025-12-28T12:07:48","guid":{"rendered":"https:\/\/legrenierdelatour.be\/brocante\/?post_type=product&#038;p=11951"},"modified":"2025-12-28T13:07:48","modified_gmt":"2025-12-28T12:07:48","slug":"gravure-montee-de-st-donat-camille-barthelemy","status":"publish","type":"product","link":"https:\/\/legrenierdelatour.be\/brocante\/produit\/gravure-montee-de-st-donat-camille-barthelemy\/","title":{"rendered":"Gravure Mont\u00e9e de St Donat, Camille Barth\u00e9l\u00e9my"},"content":{"rendered":"<p><span style=\"color: #000000;\">Gravure ( cuivre : 16,6&#215;11,8 cm; 30 x 25 cm cadre compris) repr\u00e9sentant l\u2019Eglise Saint Martin \u00e0 Arlon, vue depuis la mont\u00e9e vers Saint Donat\u00a0\u00bb est dat\u00e9e de 1955 <\/span>(inventori\u00e9e dans le livre de Andr\u00e9 Martin \u00ab\u00a0Camille Barth\u00e9l\u00e9my, Les gravures, p 201).\u00a0Cette gravure n\u2019est pas num\u00e9rot\u00e9e ni sign\u00e9e.\u00a0Elle est l\u2019oeuvre de Camille Barth\u00e9l\u00e9my (1890 Virton &#8211; 1961 Virton).Graveur (pointe-s\u00e8che), peintre (huile, aquarelle) et dessinateur, il v\u00e9cut et travailla \u00e0 Chiny et \u00e0 Chameleux, un petit hameau de Florenville situ\u00e9 \u00e0 la fronti\u00e8re fran\u00e7aise, pour \u00eatre aussi proche de la nature qu&rsquo;il cherchait \u00e0 restituer. Son professeur de dessin au coll\u00e8ge communal, Nestor Outer, lui remarqua tr\u00e8s t\u00f4t des dons pour le dessin et l&rsquo;encouragea \u00e0 poursuivre des \u00e9tudes artistiques. De 1906 \u00e0 1914, il fr\u00e9quenta l\u2019Acad\u00e9mie des Beaux-Arts \u00e0 Bruxelles et fit ses d\u00e9buts chez des peintres d\u00e9corateurs. Il pratique la peinture \u00e0 partir de 1916, mais se consacra aussi \u00e0 l&rsquo;enseignement du dessin \u00e0 l\u2019\u00c9cole moyenne de Schaerbeek et de Diest. Attir\u00e9 d&rsquo;abord par les paysages flamands et l&rsquo;impressionnisme, il revint peu \u00e0 peu \u00e0 peindre les Ardennes en couleurs fortes et formes g\u00e9om\u00e9tris\u00e9es. L\u2019exposition L\u2019Ardenne sous la neige (Bruxelles, 1931) le consacre comme l\u2019un des meilleurs peintres de la r\u00e9gion. Il s&rsquo;en \u00e9loigne pourtant et s\u2019installe, \u00e0 Chiny, dans une maison qu\u2019il avait acquise en 1922 avec Ir\u00e8ne Fech, institutrice \u00e0 Arlon qu&rsquo;il avait \u00e9pous\u00e9e en 1920, et s&rsquo;attacher \u00e0 la peinture des paysages gaumais.<\/p>\n<div>R\u00e9f 47.73<\/div>\n","protected":false},"excerpt":{"rendered":"<p>Gravure ( cuivre : 16,6&#215;11,8 cm; 30 x 25 cm cadre compris) repr\u00e9sentant l\u2019Eglise Saint Martin \u00e0 Arlon, vue depuis la mont\u00e9e vers Saint Donat\u00a0\u00bb est dat\u00e9e de 1955 (inventori\u00e9e dans le livre de Andr\u00e9 Martin \u00ab\u00a0Camille Barth\u00e9l\u00e9my, Les gravures, p 201).\u00a0Cette gravure n\u2019est pas num\u00e9rot\u00e9e ni sign\u00e9e.\u00a0Elle est l\u2019oeuvre de Camille Barth\u00e9l\u00e9my (1890 Virton&hellip;&nbsp;<a href=\"https:\/\/legrenierdelatour.be\/brocante\/produit\/gravure-montee-de-st-donat-camille-barthelemy\/\" class=\"\" rel=\"bookmark\">Lire la suite &raquo;<span class=\"screen-reader-text\">Gravure Mont\u00e9e de St Donat, Camille Barth\u00e9l\u00e9my<\/span><\/a><\/p>\n","protected":false},"featured_media":11944,"comment_status":"open","ping_status":"closed","template":"","meta":{"neve_meta_sidebar":"","neve_meta_container":"","neve_meta_enable_content_width":"off","neve_meta_content_width":100,"neve_meta_title_alignment":"","neve_meta_author_avatar":"","neve_post_elements_order":"","neve_meta_disable_header":"","neve_meta_disable_footer":"","neve_meta_disable_title":""},"product_brand":[],"product_cat":[31,167],"product_tag":[],"class_list":{"0":"post-11951","1":"product","2":"type-product","3":"status-publish","4":"has-post-thumbnail","6":"product_cat-pays-darlon","7":"product_cat-peintures-et-sculptures","9":"first","10":"instock","11":"shipping-taxable","12":"purchasable","13":"product-type-simple"},"_links":{"self":[{"href":"https:\/\/legrenierdelatour.be\/brocante\/wp-json\/wp\/v2\/product\/11951","targetHints":{"allow":["GET"]}}],"collection":[{"href":"https:\/\/legrenierdelatour.be\/brocante\/wp-json\/wp\/v2\/product"}],"about":[{"href":"https:\/\/legrenierdelatour.be\/brocante\/wp-json\/wp\/v2\/types\/product"}],"replies":[{"embeddable":true,"href":"https:\/\/legrenierdelatour.be\/brocante\/wp-json\/wp\/v2\/comments?post=11951"}],"wp:featuredmedia":[{"embeddable":true,"href":"https:\/\/legrenierdelatour.be\/brocante\/wp-json\/wp\/v2\/media\/11944"}],"wp:attachment":[{"href":"https:\/\/legrenierdelatour.be\/brocante\/wp-json\/wp\/v2\/media?parent=11951"}],"wp:term":[{"taxonomy":"product_brand","embeddable":true,"href":"https:\/\/legrenierdelatour.be\/brocante\/wp-json\/wp\/v2\/product_brand?post=11951"},{"taxonomy":"product_cat","embeddable":true,"href":"https:\/\/legrenierdelatour.be\/brocante\/wp-json\/wp\/v2\/product_cat?post=11951"},{"taxonomy":"product_tag","embeddable":true,"href":"https:\/\/legrenierdelatour.be\/brocante\/wp-json\/wp\/v2\/product_tag?post=11951"}],"curies":[{"name":"wp","href":"https:\/\/api.w.org\/{rel}","templated":true}]}}