{"id":11948,"date":"2025-12-28T12:31:35","date_gmt":"2025-12-28T11:31:35","guid":{"rendered":"https:\/\/legrenierdelatour.be\/brocante\/?post_type=product&#038;p=11948"},"modified":"2025-12-28T12:31:36","modified_gmt":"2025-12-28T11:31:36","slug":"pique-fleurs-en-verre-kralik-art-deco","status":"publish","type":"product","link":"https:\/\/legrenierdelatour.be\/brocante\/produit\/pique-fleurs-en-verre-kralik-art-deco\/","title":{"rendered":"Pique-fleurs en verre, Kralik Art D\u00e9co"},"content":{"rendered":"<p>Joli pique-fleurs (14 cm de haut) en verre avec anneau en laiton. Ce \u00ab\u00a0vase\u00a0\u00bb en verre mouchet\u00e9 style confettis est sans doute une production tch\u00e8que durant la p\u00e9riode Art D\u00e9co (1930-1940). Il s\u2019agit sans doute d\u2019une production de la manufacture Wilhelm Kralik Sohn (1881-1940).<\/p>\n<div>R\u00e9f 47.70<\/div>\n","protected":false},"excerpt":{"rendered":"<p>Joli pique-fleurs (14 cm de haut) en verre avec anneau en laiton. Ce \u00ab\u00a0vase\u00a0\u00bb en verre mouchet\u00e9 style confettis est sans doute une production tch\u00e8que durant la p\u00e9riode Art D\u00e9co (1930-1940). Il s\u2019agit sans doute d\u2019une production de la manufacture Wilhelm Kralik Sohn (1881-1940). R\u00e9f 47.70<\/p>\n","protected":false},"featured_media":11939,"comment_status":"open","ping_status":"closed","template":"","meta":{"neve_meta_sidebar":"","neve_meta_container":"","neve_meta_enable_content_width":"off","neve_meta_content_width":100,"neve_meta_title_alignment":"","neve_meta_author_avatar":"","neve_post_elements_order":"","neve_meta_disable_header":"","neve_meta_disable_footer":"","neve_meta_disable_title":""},"product_brand":[],"product_cat":[22],"product_tag":[],"class_list":{"0":"post-11948","1":"product","2":"type-product","3":"status-publish","4":"has-post-thumbnail","6":"product_cat-verrerie","8":"first","9":"instock","10":"shipping-taxable","11":"purchasable","12":"product-type-simple"},"_links":{"self":[{"href":"https:\/\/legrenierdelatour.be\/brocante\/wp-json\/wp\/v2\/product\/11948","targetHints":{"allow":["GET"]}}],"collection":[{"href":"https:\/\/legrenierdelatour.be\/brocante\/wp-json\/wp\/v2\/product"}],"about":[{"href":"https:\/\/legrenierdelatour.be\/brocante\/wp-json\/wp\/v2\/types\/product"}],"replies":[{"embeddable":true,"href":"https:\/\/legrenierdelatour.be\/brocante\/wp-json\/wp\/v2\/comments?post=11948"}],"wp:featuredmedia":[{"embeddable":true,"href":"https:\/\/legrenierdelatour.be\/brocante\/wp-json\/wp\/v2\/media\/11939"}],"wp:attachment":[{"href":"https:\/\/legrenierdelatour.be\/brocante\/wp-json\/wp\/v2\/media?parent=11948"}],"wp:term":[{"taxonomy":"product_brand","embeddable":true,"href":"https:\/\/legrenierdelatour.be\/brocante\/wp-json\/wp\/v2\/product_brand?post=11948"},{"taxonomy":"product_cat","embeddable":true,"href":"https:\/\/legrenierdelatour.be\/brocante\/wp-json\/wp\/v2\/product_cat?post=11948"},{"taxonomy":"product_tag","embeddable":true,"href":"https:\/\/legrenierdelatour.be\/brocante\/wp-json\/wp\/v2\/product_tag?post=11948"}],"curies":[{"name":"wp","href":"https:\/\/api.w.org\/{rel}","templated":true}]}}