{"id":1194,"date":"2022-03-31T17:33:16","date_gmt":"2022-03-31T15:33:16","guid":{"rendered":"https:\/\/legrenierdelatour.be\/brocante\/?post_type=product&#038;p=1194"},"modified":"2022-05-19T15:44:47","modified_gmt":"2022-05-19T13:44:47","slug":"assiette-grevenmacher-jang-poos-villeroy-boch","status":"publish","type":"product","link":"https:\/\/legrenierdelatour.be\/brocante\/produit\/assiette-grevenmacher-jang-poos-villeroy-boch\/","title":{"rendered":"Assiette Grevenmacher Jang Poos Villeroy &#038; Boch"},"content":{"rendered":"<p>Petite assiette (20 cm de diam\u00e8tre) avec une repr\u00e9sentation de \u00ab\u00a0Ze\u2019entscheier Grevenmacher\u00a0\u00bb de Jang Poos. Elle a \u00e9t\u00e9 \u00e9dit\u00e9e par l\u2019Amicale des Anciens du C.S. Grevenmacher\u00a0\u00bb en 1979, et produite par Villeroy et Boch Luxembourg. Elle est en tr\u00e8s bon \u00e9tat.<\/p>\n<div>R\u00e9f 10.67<\/div>\n","protected":false},"excerpt":{"rendered":"<p>Petite assiette (20 cm de diam\u00e8tre) avec une repr\u00e9sentation de \u00ab\u00a0Ze\u2019entscheier Grevenmacher\u00a0\u00bb de Jang Poos. Elle a \u00e9t\u00e9 \u00e9dit\u00e9e par l\u2019Amicale des Anciens du C.S. Grevenmacher\u00a0\u00bb en 1979, et produite par Villeroy et Boch Luxembourg. Elle est en tr\u00e8s bon \u00e9tat. R\u00e9f 10.67<\/p>\n","protected":false},"featured_media":1168,"comment_status":"open","ping_status":"closed","template":"","meta":{"neve_meta_sidebar":"","neve_meta_container":"","neve_meta_enable_content_width":"off","neve_meta_content_width":100,"neve_meta_title_alignment":"","neve_meta_author_avatar":"","neve_post_elements_order":"","neve_meta_disable_header":"","neve_meta_disable_footer":"","neve_meta_disable_title":""},"product_brand":[],"product_cat":[16,165,30,166,29],"product_tag":[19,83,32],"class_list":{"0":"post-1194","1":"product","2":"type-product","3":"status-publish","4":"has-post-thumbnail","6":"product_cat-ceramique","7":"product_cat-luxembourg","8":"product_cat-luxemburgensia","9":"product_cat-luxemburgensia-luxemburgensia","10":"product_cat-villeroy-boch","11":"product_tag-faience","12":"product_tag-luxemburgensia","13":"product_tag-villeroy-et-boch","15":"first","16":"instock","17":"shipping-taxable","18":"purchasable","19":"product-type-simple"},"_links":{"self":[{"href":"https:\/\/legrenierdelatour.be\/brocante\/wp-json\/wp\/v2\/product\/1194","targetHints":{"allow":["GET"]}}],"collection":[{"href":"https:\/\/legrenierdelatour.be\/brocante\/wp-json\/wp\/v2\/product"}],"about":[{"href":"https:\/\/legrenierdelatour.be\/brocante\/wp-json\/wp\/v2\/types\/product"}],"replies":[{"embeddable":true,"href":"https:\/\/legrenierdelatour.be\/brocante\/wp-json\/wp\/v2\/comments?post=1194"}],"wp:featuredmedia":[{"embeddable":true,"href":"https:\/\/legrenierdelatour.be\/brocante\/wp-json\/wp\/v2\/media\/1168"}],"wp:attachment":[{"href":"https:\/\/legrenierdelatour.be\/brocante\/wp-json\/wp\/v2\/media?parent=1194"}],"wp:term":[{"taxonomy":"product_brand","embeddable":true,"href":"https:\/\/legrenierdelatour.be\/brocante\/wp-json\/wp\/v2\/product_brand?post=1194"},{"taxonomy":"product_cat","embeddable":true,"href":"https:\/\/legrenierdelatour.be\/brocante\/wp-json\/wp\/v2\/product_cat?post=1194"},{"taxonomy":"product_tag","embeddable":true,"href":"https:\/\/legrenierdelatour.be\/brocante\/wp-json\/wp\/v2\/product_tag?post=1194"}],"curies":[{"name":"wp","href":"https:\/\/api.w.org\/{rel}","templated":true}]}}