{"id":11931,"date":"2025-12-28T12:02:27","date_gmt":"2025-12-28T11:02:27","guid":{"rendered":"https:\/\/legrenierdelatour.be\/brocante\/?post_type=product&#038;p=11931"},"modified":"2025-12-28T12:02:27","modified_gmt":"2025-12-28T11:02:27","slug":"porte-plume-en-faience-fine-paris-19-e-siecle","status":"publish","type":"product","link":"https:\/\/legrenierdelatour.be\/brocante\/produit\/porte-plume-en-faience-fine-paris-19-e-siecle\/","title":{"rendered":"Porte-plume en fa\u00efence fine, Paris 19 \u00e8 si\u00e8cle"},"content":{"rendered":"<p>Porte plume en fa\u00efence fine (26 cm de haut) repr\u00e9sentant un gentilhomme en habit sur un un socle. Cette fa\u00efnce est d\u00e9cor\u00e9e de dorures peintes \u00e0 la main, et date du milieu du 19\u00e8 si\u00e8cle. Elle est en parfait \u00e9tat. Il pourrait s\u2019agit d\u2019une production de Paris, dans le style de Jacob Petit (1796-1868). Il n&rsquo;y a pas de marque visible.<\/p>\n<div>R\u00e9f 47.69<\/div>\n","protected":false},"excerpt":{"rendered":"<p>Porte plume en fa\u00efence fine (26 cm de haut) repr\u00e9sentant un gentilhomme en habit sur un un socle. Cette fa\u00efnce est d\u00e9cor\u00e9e de dorures peintes \u00e0 la main, et date du milieu du 19\u00e8 si\u00e8cle. Elle est en parfait \u00e9tat. Il pourrait s\u2019agit d\u2019une production de Paris, dans le style de Jacob Petit (1796-1868). Il&hellip;&nbsp;<a href=\"https:\/\/legrenierdelatour.be\/brocante\/produit\/porte-plume-en-faience-fine-paris-19-e-siecle\/\" class=\"\" rel=\"bookmark\">Lire la suite &raquo;<span class=\"screen-reader-text\">Porte-plume en fa\u00efence fine, Paris 19 \u00e8 si\u00e8cle<\/span><\/a><\/p>\n","protected":false},"featured_media":11932,"comment_status":"open","ping_status":"closed","template":"","meta":{"neve_meta_sidebar":"","neve_meta_container":"","neve_meta_enable_content_width":"off","neve_meta_content_width":100,"neve_meta_title_alignment":"","neve_meta_author_avatar":"","neve_post_elements_order":"","neve_meta_disable_header":"","neve_meta_disable_footer":"","neve_meta_disable_title":""},"product_brand":[],"product_cat":[16,59],"product_tag":[],"class_list":{"0":"post-11931","1":"product","2":"type-product","3":"status-publish","4":"has-post-thumbnail","6":"product_cat-ceramique","7":"product_cat-france","9":"first","10":"instock","11":"shipping-taxable","12":"purchasable","13":"product-type-simple"},"_links":{"self":[{"href":"https:\/\/legrenierdelatour.be\/brocante\/wp-json\/wp\/v2\/product\/11931","targetHints":{"allow":["GET"]}}],"collection":[{"href":"https:\/\/legrenierdelatour.be\/brocante\/wp-json\/wp\/v2\/product"}],"about":[{"href":"https:\/\/legrenierdelatour.be\/brocante\/wp-json\/wp\/v2\/types\/product"}],"replies":[{"embeddable":true,"href":"https:\/\/legrenierdelatour.be\/brocante\/wp-json\/wp\/v2\/comments?post=11931"}],"wp:featuredmedia":[{"embeddable":true,"href":"https:\/\/legrenierdelatour.be\/brocante\/wp-json\/wp\/v2\/media\/11932"}],"wp:attachment":[{"href":"https:\/\/legrenierdelatour.be\/brocante\/wp-json\/wp\/v2\/media?parent=11931"}],"wp:term":[{"taxonomy":"product_brand","embeddable":true,"href":"https:\/\/legrenierdelatour.be\/brocante\/wp-json\/wp\/v2\/product_brand?post=11931"},{"taxonomy":"product_cat","embeddable":true,"href":"https:\/\/legrenierdelatour.be\/brocante\/wp-json\/wp\/v2\/product_cat?post=11931"},{"taxonomy":"product_tag","embeddable":true,"href":"https:\/\/legrenierdelatour.be\/brocante\/wp-json\/wp\/v2\/product_tag?post=11931"}],"curies":[{"name":"wp","href":"https:\/\/api.w.org\/{rel}","templated":true}]}}