{"id":11922,"date":"2025-11-22T12:16:50","date_gmt":"2025-11-22T11:16:50","guid":{"rendered":"https:\/\/legrenierdelatour.be\/brocante\/?post_type=product&#038;p=11922"},"modified":"2025-11-22T12:16:50","modified_gmt":"2025-11-22T11:16:50","slug":"peinture-camille-tibesar-l-roolant","status":"publish","type":"product","link":"https:\/\/legrenierdelatour.be\/brocante\/produit\/peinture-camille-tibesar-l-roolant\/","title":{"rendered":"Peinture \u00ab\u00a0Camille Tibesar\u00a0\u00bb, L.Roolant"},"content":{"rendered":"<p>Peinture \u00e0 l\u2019huile (34&#215;45 cm) de Camille Tibesar de Weyler. La peinture est en tr\u00e8s mauvais \u00e9tat (3 accrocs) et est sign\u00e9e L.Roolant. Il s\u2019agirait de Camille Tibesar, originaire de Weyler, qui aurait \u00e9t\u00e9 agent de s\u00fbret\u00e9 de l\u2019\u00e9tat. L.Roolant est sans doute un artiste n\u00e9erlandophone (Breda NL?), ayant travaill\u00e9 en tous cas dans les ann\u00e9es 1930.<\/p>\n<div>R\u00e9f 47.62<\/div>\n","protected":false},"excerpt":{"rendered":"<p>Peinture \u00e0 l\u2019huile (34&#215;45 cm) de Camille Tibesar de Weyler. La peinture est en tr\u00e8s mauvais \u00e9tat (3 accrocs) et est sign\u00e9e L.Roolant. Il s\u2019agirait de Camille Tibesar, originaire de Weyler, qui aurait \u00e9t\u00e9 agent de s\u00fbret\u00e9 de l\u2019\u00e9tat. L.Roolant est sans doute un artiste n\u00e9erlandophone (Breda NL?), ayant travaill\u00e9 en tous cas dans les&hellip;&nbsp;<a href=\"https:\/\/legrenierdelatour.be\/brocante\/produit\/peinture-camille-tibesar-l-roolant\/\" class=\"\" rel=\"bookmark\">Lire la suite &raquo;<span class=\"screen-reader-text\">Peinture \u00ab\u00a0Camille Tibesar\u00a0\u00bb, L.Roolant<\/span><\/a><\/p>\n","protected":false},"featured_media":11921,"comment_status":"open","ping_status":"closed","template":"","meta":{"neve_meta_sidebar":"","neve_meta_container":"","neve_meta_enable_content_width":"off","neve_meta_content_width":100,"neve_meta_title_alignment":"","neve_meta_author_avatar":"","neve_post_elements_order":"","neve_meta_disable_header":"","neve_meta_disable_footer":"","neve_meta_disable_title":""},"product_brand":[],"product_cat":[31,167],"product_tag":[],"class_list":{"0":"post-11922","1":"product","2":"type-product","3":"status-publish","4":"has-post-thumbnail","6":"product_cat-pays-darlon","7":"product_cat-peintures-et-sculptures","9":"first","10":"instock","11":"shipping-taxable","12":"purchasable","13":"product-type-simple"},"_links":{"self":[{"href":"https:\/\/legrenierdelatour.be\/brocante\/wp-json\/wp\/v2\/product\/11922","targetHints":{"allow":["GET"]}}],"collection":[{"href":"https:\/\/legrenierdelatour.be\/brocante\/wp-json\/wp\/v2\/product"}],"about":[{"href":"https:\/\/legrenierdelatour.be\/brocante\/wp-json\/wp\/v2\/types\/product"}],"replies":[{"embeddable":true,"href":"https:\/\/legrenierdelatour.be\/brocante\/wp-json\/wp\/v2\/comments?post=11922"}],"wp:featuredmedia":[{"embeddable":true,"href":"https:\/\/legrenierdelatour.be\/brocante\/wp-json\/wp\/v2\/media\/11921"}],"wp:attachment":[{"href":"https:\/\/legrenierdelatour.be\/brocante\/wp-json\/wp\/v2\/media?parent=11922"}],"wp:term":[{"taxonomy":"product_brand","embeddable":true,"href":"https:\/\/legrenierdelatour.be\/brocante\/wp-json\/wp\/v2\/product_brand?post=11922"},{"taxonomy":"product_cat","embeddable":true,"href":"https:\/\/legrenierdelatour.be\/brocante\/wp-json\/wp\/v2\/product_cat?post=11922"},{"taxonomy":"product_tag","embeddable":true,"href":"https:\/\/legrenierdelatour.be\/brocante\/wp-json\/wp\/v2\/product_tag?post=11922"}],"curies":[{"name":"wp","href":"https:\/\/api.w.org\/{rel}","templated":true}]}}