{"id":11908,"date":"2025-11-22T11:32:30","date_gmt":"2025-11-22T10:32:30","guid":{"rendered":"https:\/\/legrenierdelatour.be\/brocante\/?post_type=product&#038;p=11908"},"modified":"2025-11-22T11:32:31","modified_gmt":"2025-11-22T10:32:31","slug":"cave-a-liqueur-en-verre-peint-de-papillons-fin-19e-siecle","status":"publish","type":"product","link":"https:\/\/legrenierdelatour.be\/brocante\/produit\/cave-a-liqueur-en-verre-peint-de-papillons-fin-19e-siecle\/","title":{"rendered":"Cave \u00e0 liqueur en verre peint de papillons, fin 19\u00e8 si\u00e8cle"},"content":{"rendered":"<p>Bel oeuf-cave (26 cm de hau) en verre peint d\u2019un d\u00e9cor de papillons en partie en relief, contenant un flacon \u00e0 liqueur et 4 petits verres \u00e0 liqueur (il en manque 2). Ce \u00ab\u00a0minibar\u00a0\u00bb est de couleur orange \u00e0 l\u2019int\u00e9rieur et peint main de papillons \u00e0 l&rsquo;ext\u00e9rieur. Il poss\u00e8de un anneau m\u00e9tallique int\u00e9r\u00e9ieur pouvant contenir le flacon et les verres. r\u00e9alis\u00e9 en deux parties de verre, la jonction est un anneau m\u00e9tallique en laiton. Cet ensemble date sans doute de la fin du 19\u00e8 si\u00e8cle. Il s\u2019agit sans doute d\u2019une production de Boh\u00e8me.<\/p>\n<div>R\u00e9f 47.60<\/div>\n","protected":false},"excerpt":{"rendered":"<p>Bel oeuf-cave (26 cm de hau) en verre peint d\u2019un d\u00e9cor de papillons en partie en relief, contenant un flacon \u00e0 liqueur et 4 petits verres \u00e0 liqueur (il en manque 2). Ce \u00ab\u00a0minibar\u00a0\u00bb est de couleur orange \u00e0 l\u2019int\u00e9rieur et peint main de papillons \u00e0 l&rsquo;ext\u00e9rieur. Il poss\u00e8de un anneau m\u00e9tallique int\u00e9r\u00e9ieur pouvant contenir&hellip;&nbsp;<a href=\"https:\/\/legrenierdelatour.be\/brocante\/produit\/cave-a-liqueur-en-verre-peint-de-papillons-fin-19e-siecle\/\" class=\"\" rel=\"bookmark\">Lire la suite &raquo;<span class=\"screen-reader-text\">Cave \u00e0 liqueur en verre peint de papillons, fin 19\u00e8 si\u00e8cle<\/span><\/a><\/p>\n","protected":false},"featured_media":11912,"comment_status":"open","ping_status":"closed","template":"","meta":{"neve_meta_sidebar":"","neve_meta_container":"","neve_meta_enable_content_width":"off","neve_meta_content_width":100,"neve_meta_title_alignment":"","neve_meta_author_avatar":"","neve_post_elements_order":"","neve_meta_disable_header":"","neve_meta_disable_footer":"","neve_meta_disable_title":""},"product_brand":[],"product_cat":[183,22],"product_tag":[],"class_list":{"0":"post-11908","1":"product","2":"type-product","3":"status-publish","4":"has-post-thumbnail","6":"product_cat-bureau-et-fumoir","7":"product_cat-verrerie","9":"first","10":"instock","11":"shipping-taxable","12":"purchasable","13":"product-type-simple"},"_links":{"self":[{"href":"https:\/\/legrenierdelatour.be\/brocante\/wp-json\/wp\/v2\/product\/11908","targetHints":{"allow":["GET"]}}],"collection":[{"href":"https:\/\/legrenierdelatour.be\/brocante\/wp-json\/wp\/v2\/product"}],"about":[{"href":"https:\/\/legrenierdelatour.be\/brocante\/wp-json\/wp\/v2\/types\/product"}],"replies":[{"embeddable":true,"href":"https:\/\/legrenierdelatour.be\/brocante\/wp-json\/wp\/v2\/comments?post=11908"}],"wp:featuredmedia":[{"embeddable":true,"href":"https:\/\/legrenierdelatour.be\/brocante\/wp-json\/wp\/v2\/media\/11912"}],"wp:attachment":[{"href":"https:\/\/legrenierdelatour.be\/brocante\/wp-json\/wp\/v2\/media?parent=11908"}],"wp:term":[{"taxonomy":"product_brand","embeddable":true,"href":"https:\/\/legrenierdelatour.be\/brocante\/wp-json\/wp\/v2\/product_brand?post=11908"},{"taxonomy":"product_cat","embeddable":true,"href":"https:\/\/legrenierdelatour.be\/brocante\/wp-json\/wp\/v2\/product_cat?post=11908"},{"taxonomy":"product_tag","embeddable":true,"href":"https:\/\/legrenierdelatour.be\/brocante\/wp-json\/wp\/v2\/product_tag?post=11908"}],"curies":[{"name":"wp","href":"https:\/\/api.w.org\/{rel}","templated":true}]}}