{"id":11903,"date":"2025-11-21T18:37:14","date_gmt":"2025-11-21T17:37:14","guid":{"rendered":"https:\/\/legrenierdelatour.be\/brocante\/?post_type=product&#038;p=11903"},"modified":"2025-11-21T18:38:18","modified_gmt":"2025-11-21T17:38:18","slug":"vase-en-ceramique-antoine-dubois-echassiers","status":"publish","type":"product","link":"https:\/\/legrenierdelatour.be\/brocante\/produit\/vase-en-ceramique-antoine-dubois-echassiers\/","title":{"rendered":"Vase en c\u00e9ramique, Antoine Dubois, \u00ab\u00a0Echassiers\u00a0\u00bb"},"content":{"rendered":"<p>Grand vase en fa\u00efence (30 cm de haut) sign\u00e9 A. Dubois, Antoine Dubois (1869-1949) , et pr\u00e9sentant un d\u00e9cor peint \u00e0 la main de grues et de fleurs de cerisier, typique de la p\u00e9riode Art D\u00e9co (1920-1930). Antoine Dubois a fond\u00e9 sa propre entreprise, initialement appel\u00e9e \u00ab\u00a0Poterie de Mons en Belgique\u00a0\u00bb en 1920, qui est devenue plus tard \u00ab\u00a0La C\u00e9ramique Montoise\u00a0\u00bb.<\/p>\n<div>R\u00e9f 47.55<\/div>\n","protected":false},"excerpt":{"rendered":"<p>Grand vase en fa\u00efence (30 cm de haut) sign\u00e9 A. Dubois, Antoine Dubois (1869-1949) , et pr\u00e9sentant un d\u00e9cor peint \u00e0 la main de grues et de fleurs de cerisier, typique de la p\u00e9riode Art D\u00e9co (1920-1930). Antoine Dubois a fond\u00e9 sa propre entreprise, initialement appel\u00e9e \u00ab\u00a0Poterie de Mons en Belgique\u00a0\u00bb en 1920, qui est&hellip;&nbsp;<a href=\"https:\/\/legrenierdelatour.be\/brocante\/produit\/vase-en-ceramique-antoine-dubois-echassiers\/\" class=\"\" rel=\"bookmark\">Lire la suite &raquo;<span class=\"screen-reader-text\">Vase en c\u00e9ramique, Antoine Dubois, \u00ab\u00a0Echassiers\u00a0\u00bb<\/span><\/a><\/p>\n","protected":false},"featured_media":11899,"comment_status":"open","ping_status":"closed","template":"","meta":{"neve_meta_sidebar":"","neve_meta_container":"","neve_meta_enable_content_width":"off","neve_meta_content_width":100,"neve_meta_title_alignment":"","neve_meta_author_avatar":"","neve_post_elements_order":"","neve_meta_disable_header":"","neve_meta_disable_footer":"","neve_meta_disable_title":""},"product_brand":[],"product_cat":[37,187,16],"product_tag":[],"class_list":{"0":"post-11903","1":"product","2":"type-product","3":"status-publish","4":"has-post-thumbnail","6":"product_cat-belgique","7":"product_cat-ceramique-montoise","8":"product_cat-ceramique","10":"first","11":"instock","12":"shipping-taxable","13":"purchasable","14":"product-type-simple"},"_links":{"self":[{"href":"https:\/\/legrenierdelatour.be\/brocante\/wp-json\/wp\/v2\/product\/11903","targetHints":{"allow":["GET"]}}],"collection":[{"href":"https:\/\/legrenierdelatour.be\/brocante\/wp-json\/wp\/v2\/product"}],"about":[{"href":"https:\/\/legrenierdelatour.be\/brocante\/wp-json\/wp\/v2\/types\/product"}],"replies":[{"embeddable":true,"href":"https:\/\/legrenierdelatour.be\/brocante\/wp-json\/wp\/v2\/comments?post=11903"}],"wp:featuredmedia":[{"embeddable":true,"href":"https:\/\/legrenierdelatour.be\/brocante\/wp-json\/wp\/v2\/media\/11899"}],"wp:attachment":[{"href":"https:\/\/legrenierdelatour.be\/brocante\/wp-json\/wp\/v2\/media?parent=11903"}],"wp:term":[{"taxonomy":"product_brand","embeddable":true,"href":"https:\/\/legrenierdelatour.be\/brocante\/wp-json\/wp\/v2\/product_brand?post=11903"},{"taxonomy":"product_cat","embeddable":true,"href":"https:\/\/legrenierdelatour.be\/brocante\/wp-json\/wp\/v2\/product_cat?post=11903"},{"taxonomy":"product_tag","embeddable":true,"href":"https:\/\/legrenierdelatour.be\/brocante\/wp-json\/wp\/v2\/product_tag?post=11903"}],"curies":[{"name":"wp","href":"https:\/\/api.w.org\/{rel}","templated":true}]}}