{"id":11891,"date":"2025-11-21T16:26:44","date_gmt":"2025-11-21T15:26:44","guid":{"rendered":"https:\/\/legrenierdelatour.be\/brocante\/?post_type=product&#038;p=11891"},"modified":"2025-11-21T16:26:44","modified_gmt":"2025-11-21T15:26:44","slug":"petit-plateau-pour-tuc-par-keith-haring","status":"publish","type":"product","link":"https:\/\/legrenierdelatour.be\/brocante\/produit\/petit-plateau-pour-tuc-par-keith-haring\/","title":{"rendered":"Petit plateau pour TUC par Keith Haring"},"content":{"rendered":"<p>Petit plateau m\u00e9tal (15&#215;21 cm), publicit\u00e9 pour TUC, dessin\u00e9 par Keith Haring (1958-1990).<\/p>\n<div>R\u00e9f 47.49<\/div>\n","protected":false},"excerpt":{"rendered":"<p>Petit plateau m\u00e9tal (15&#215;21 cm), publicit\u00e9 pour TUC, dessin\u00e9 par Keith Haring (1958-1990). R\u00e9f 47.49<\/p>\n","protected":false},"featured_media":11881,"comment_status":"open","ping_status":"closed","template":"","meta":{"neve_meta_sidebar":"","neve_meta_container":"","neve_meta_enable_content_width":"off","neve_meta_content_width":100,"neve_meta_title_alignment":"","neve_meta_author_avatar":"","neve_post_elements_order":"","neve_meta_disable_header":"","neve_meta_disable_footer":"","neve_meta_disable_title":""},"product_brand":[],"product_cat":[173],"product_tag":[],"class_list":{"0":"post-11891","1":"product","2":"type-product","3":"status-publish","4":"has-post-thumbnail","6":"product_cat-objets-de-publicite","8":"first","9":"instock","10":"shipping-taxable","11":"purchasable","12":"product-type-simple"},"_links":{"self":[{"href":"https:\/\/legrenierdelatour.be\/brocante\/wp-json\/wp\/v2\/product\/11891","targetHints":{"allow":["GET"]}}],"collection":[{"href":"https:\/\/legrenierdelatour.be\/brocante\/wp-json\/wp\/v2\/product"}],"about":[{"href":"https:\/\/legrenierdelatour.be\/brocante\/wp-json\/wp\/v2\/types\/product"}],"replies":[{"embeddable":true,"href":"https:\/\/legrenierdelatour.be\/brocante\/wp-json\/wp\/v2\/comments?post=11891"}],"wp:featuredmedia":[{"embeddable":true,"href":"https:\/\/legrenierdelatour.be\/brocante\/wp-json\/wp\/v2\/media\/11881"}],"wp:attachment":[{"href":"https:\/\/legrenierdelatour.be\/brocante\/wp-json\/wp\/v2\/media?parent=11891"}],"wp:term":[{"taxonomy":"product_brand","embeddable":true,"href":"https:\/\/legrenierdelatour.be\/brocante\/wp-json\/wp\/v2\/product_brand?post=11891"},{"taxonomy":"product_cat","embeddable":true,"href":"https:\/\/legrenierdelatour.be\/brocante\/wp-json\/wp\/v2\/product_cat?post=11891"},{"taxonomy":"product_tag","embeddable":true,"href":"https:\/\/legrenierdelatour.be\/brocante\/wp-json\/wp\/v2\/product_tag?post=11891"}],"curies":[{"name":"wp","href":"https:\/\/api.w.org\/{rel}","templated":true}]}}