{"id":1187,"date":"2022-03-31T13:31:32","date_gmt":"2022-03-31T11:31:32","guid":{"rendered":"https:\/\/legrenierdelatour.be\/brocante\/?post_type=product&#038;p=1187"},"modified":"2023-02-28T20:39:17","modified_gmt":"2023-02-28T19:39:17","slug":"plaques-en-fonte-fam-luxembourg","status":"publish","type":"product","link":"https:\/\/legrenierdelatour.be\/brocante\/produit\/plaques-en-fonte-fam-luxembourg\/","title":{"rendered":"Plaques en fonte FAM Luxembourg"},"content":{"rendered":"<p>10 plaques en fonte, coul\u00e9es par la soci\u00e9t\u00e9 FAM Mersch-Luxembourg (ferm\u00e9e en 1983)<\/p>\n<div>&#8211; Hollerich d\u2019Prinz-Hary\u2019s Gare , sign\u00e9e L\u00e9 T.<\/div>\n<div>&#8211; Ecusson de Jean l&rsquo;Aveugle et inscription \u00ab\u00a0Jean l\u2019Aveugle\u00a0\u00bb 1296 1346.<\/div>\n<div>&#8211; Beiendag 1977 Mersch, sign\u00e9 G Pang (?)<\/div>\n<div>&#8211; Suessemer Kannerschlass Ville d\u2019Esch-sur-alzette<\/div>\n<div>&#8211; Merch FAM, sing\u00e9 Lt. A l\u2019rri\u00e8re : Premi\u00e8re coul\u00e9e \u00e9lectrique en pr\u00e9sence de SAR Le Grand Duc Jean de Luxembourg 26 aout 1975 (vendue)<\/div>\n<div>&#8211; Dalheim-Welfrange 1977 L T<\/div>\n<div>&#8211; Emaischen 77 K et derri\u00e8re \u00ab\u00a0Copyright Amicale Foschmarter\u00a0\u00bb FAM<\/div>\n<div>&#8211; Aal Haiser am Gronn FAM : vendue<\/div>\n<div>&#8211; Emaischen 78 FAM\u00a0\u00ab\u00a0Copyright Amicale Foschmarter\u00a0\u00bb<\/div>\n<div>&#8211; P\u00e4rel d&rsquo;Rochus Kapell<\/div>\n<div>&#8211; Cercle Philat\u00e9lique Kleinbettingen<\/div>\n<div>Les plaques sont vendues \u00e0 la pi\u00e8ce au prix de 10\u20ac.<\/div>\n<div>R\u00e9f 3.9<\/div>\n","protected":false},"excerpt":{"rendered":"<p>10 plaques en fonte, coul\u00e9es par la soci\u00e9t\u00e9 FAM Mersch-Luxembourg (ferm\u00e9e en 1983) &#8211; Hollerich d\u2019Prinz-Hary\u2019s Gare , sign\u00e9e L\u00e9 T. &#8211; Ecusson de Jean l&rsquo;Aveugle et inscription \u00ab\u00a0Jean l\u2019Aveugle\u00a0\u00bb 1296 1346. &#8211; Beiendag 1977 Mersch, sign\u00e9 G Pang (?) &#8211; Suessemer Kannerschlass Ville d\u2019Esch-sur-alzette &#8211; Merch FAM, sing\u00e9 Lt. A l\u2019rri\u00e8re : Premi\u00e8re coul\u00e9e&hellip;&nbsp;<a href=\"https:\/\/legrenierdelatour.be\/brocante\/produit\/plaques-en-fonte-fam-luxembourg\/\" class=\"\" rel=\"bookmark\">Lire la suite &raquo;<span class=\"screen-reader-text\">Plaques en fonte FAM Luxembourg<\/span><\/a><\/p>\n","protected":false},"featured_media":1159,"comment_status":"open","ping_status":"closed","template":"","meta":{"neve_meta_sidebar":"","neve_meta_container":"","neve_meta_enable_content_width":"off","neve_meta_content_width":100,"neve_meta_title_alignment":"","neve_meta_author_avatar":"","neve_post_elements_order":"","neve_meta_disable_header":"","neve_meta_disable_footer":"","neve_meta_disable_title":""},"product_brand":[],"product_cat":[30,166],"product_tag":[83],"class_list":{"0":"post-1187","1":"product","2":"type-product","3":"status-publish","4":"has-post-thumbnail","6":"product_cat-luxemburgensia","7":"product_cat-luxemburgensia-luxemburgensia","8":"product_tag-luxemburgensia","10":"first","11":"instock","12":"shipping-taxable","13":"purchasable","14":"product-type-simple"},"_links":{"self":[{"href":"https:\/\/legrenierdelatour.be\/brocante\/wp-json\/wp\/v2\/product\/1187","targetHints":{"allow":["GET"]}}],"collection":[{"href":"https:\/\/legrenierdelatour.be\/brocante\/wp-json\/wp\/v2\/product"}],"about":[{"href":"https:\/\/legrenierdelatour.be\/brocante\/wp-json\/wp\/v2\/types\/product"}],"replies":[{"embeddable":true,"href":"https:\/\/legrenierdelatour.be\/brocante\/wp-json\/wp\/v2\/comments?post=1187"}],"wp:featuredmedia":[{"embeddable":true,"href":"https:\/\/legrenierdelatour.be\/brocante\/wp-json\/wp\/v2\/media\/1159"}],"wp:attachment":[{"href":"https:\/\/legrenierdelatour.be\/brocante\/wp-json\/wp\/v2\/media?parent=1187"}],"wp:term":[{"taxonomy":"product_brand","embeddable":true,"href":"https:\/\/legrenierdelatour.be\/brocante\/wp-json\/wp\/v2\/product_brand?post=1187"},{"taxonomy":"product_cat","embeddable":true,"href":"https:\/\/legrenierdelatour.be\/brocante\/wp-json\/wp\/v2\/product_cat?post=1187"},{"taxonomy":"product_tag","embeddable":true,"href":"https:\/\/legrenierdelatour.be\/brocante\/wp-json\/wp\/v2\/product_tag?post=1187"}],"curies":[{"name":"wp","href":"https:\/\/api.w.org\/{rel}","templated":true}]}}