{"id":11864,"date":"2025-11-20T14:17:04","date_gmt":"2025-11-20T13:17:04","guid":{"rendered":"https:\/\/legrenierdelatour.be\/brocante\/?post_type=product&#038;p=11864"},"modified":"2025-11-20T14:17:04","modified_gmt":"2025-11-20T13:17:04","slug":"assiette-decorative-longwy","status":"publish","type":"product","link":"https:\/\/legrenierdelatour.be\/brocante\/produit\/assiette-decorative-longwy\/","title":{"rendered":"Assiette d\u00e9corative Longwy"},"content":{"rendered":"<p>Belle assiette d\u00e9corative (25 cm de diam\u00e8tre) en Emaux de Longwy. Elle porte le cachet utilis\u00e9 \u00e0 partir de 1939-40 jusqu\u2019\u00e0 la cessation d\u2019activit\u00e9 de l\u2019usine en 1977. Elle est en parfait \u00e9tat.<\/p>\n<div>R\u00e9f 47.42<\/div>\n","protected":false},"excerpt":{"rendered":"<p>Belle assiette d\u00e9corative (25 cm de diam\u00e8tre) en Emaux de Longwy. Elle porte le cachet utilis\u00e9 \u00e0 partir de 1939-40 jusqu\u2019\u00e0 la cessation d\u2019activit\u00e9 de l\u2019usine en 1977. Elle est en parfait \u00e9tat. R\u00e9f 47.42<\/p>\n","protected":false},"featured_media":11870,"comment_status":"open","ping_status":"closed","template":"","meta":{"neve_meta_sidebar":"","neve_meta_container":"","neve_meta_enable_content_width":"off","neve_meta_content_width":100,"neve_meta_title_alignment":"","neve_meta_author_avatar":"","neve_post_elements_order":"","neve_meta_disable_header":"","neve_meta_disable_footer":"","neve_meta_disable_title":""},"product_brand":[],"product_cat":[16,59,66],"product_tag":[],"class_list":{"0":"post-11864","1":"product","2":"type-product","3":"status-publish","4":"has-post-thumbnail","6":"product_cat-ceramique","7":"product_cat-france","8":"product_cat-longwy","10":"first","11":"instock","12":"shipping-taxable","13":"purchasable","14":"product-type-simple"},"_links":{"self":[{"href":"https:\/\/legrenierdelatour.be\/brocante\/wp-json\/wp\/v2\/product\/11864","targetHints":{"allow":["GET"]}}],"collection":[{"href":"https:\/\/legrenierdelatour.be\/brocante\/wp-json\/wp\/v2\/product"}],"about":[{"href":"https:\/\/legrenierdelatour.be\/brocante\/wp-json\/wp\/v2\/types\/product"}],"replies":[{"embeddable":true,"href":"https:\/\/legrenierdelatour.be\/brocante\/wp-json\/wp\/v2\/comments?post=11864"}],"wp:featuredmedia":[{"embeddable":true,"href":"https:\/\/legrenierdelatour.be\/brocante\/wp-json\/wp\/v2\/media\/11870"}],"wp:attachment":[{"href":"https:\/\/legrenierdelatour.be\/brocante\/wp-json\/wp\/v2\/media?parent=11864"}],"wp:term":[{"taxonomy":"product_brand","embeddable":true,"href":"https:\/\/legrenierdelatour.be\/brocante\/wp-json\/wp\/v2\/product_brand?post=11864"},{"taxonomy":"product_cat","embeddable":true,"href":"https:\/\/legrenierdelatour.be\/brocante\/wp-json\/wp\/v2\/product_cat?post=11864"},{"taxonomy":"product_tag","embeddable":true,"href":"https:\/\/legrenierdelatour.be\/brocante\/wp-json\/wp\/v2\/product_tag?post=11864"}],"curies":[{"name":"wp","href":"https:\/\/api.w.org\/{rel}","templated":true}]}}