{"id":11863,"date":"2025-11-20T13:39:21","date_gmt":"2025-11-20T12:39:21","guid":{"rendered":"https:\/\/legrenierdelatour.be\/brocante\/?post_type=product&#038;p=11863"},"modified":"2025-11-20T13:39:21","modified_gmt":"2025-11-20T12:39:21","slug":"bonbonniere-villeroy-boch-floralies-n3","status":"publish","type":"product","link":"https:\/\/legrenierdelatour.be\/brocante\/produit\/bonbonniere-villeroy-boch-floralies-n3\/","title":{"rendered":"Bonbonni\u00e8re Villeroy &#038; Boch, Floralies n\u00b03"},"content":{"rendered":"<p>Belle petite bonbonni\u00e8re (7 cm de diam\u00e8tre) produite par Villeroy &amp; Boch Luxembourg, et portant la d\u00e9coration \u00ab\u00a0Floralies n\u00b03\u00a0\u00bb. Elle est en parfait \u00e9tat.<\/p>\n<div>R\u00e9f 47.39<\/div>\n","protected":false},"excerpt":{"rendered":"<p>Belle petite bonbonni\u00e8re (7 cm de diam\u00e8tre) produite par Villeroy &amp; Boch Luxembourg, et portant la d\u00e9coration \u00ab\u00a0Floralies n\u00b03\u00a0\u00bb. Elle est en parfait \u00e9tat. R\u00e9f 47.39<\/p>\n","protected":false},"featured_media":11861,"comment_status":"open","ping_status":"closed","template":"","meta":{"neve_meta_sidebar":"","neve_meta_container":"","neve_meta_enable_content_width":"off","neve_meta_content_width":100,"neve_meta_title_alignment":"","neve_meta_author_avatar":"","neve_post_elements_order":"","neve_meta_disable_header":"","neve_meta_disable_footer":"","neve_meta_disable_title":""},"product_brand":[],"product_cat":[16,165,29],"product_tag":[],"class_list":{"0":"post-11863","1":"product","2":"type-product","3":"status-publish","4":"has-post-thumbnail","6":"product_cat-ceramique","7":"product_cat-luxembourg","8":"product_cat-villeroy-boch","10":"first","11":"instock","12":"shipping-taxable","13":"purchasable","14":"product-type-simple"},"_links":{"self":[{"href":"https:\/\/legrenierdelatour.be\/brocante\/wp-json\/wp\/v2\/product\/11863","targetHints":{"allow":["GET"]}}],"collection":[{"href":"https:\/\/legrenierdelatour.be\/brocante\/wp-json\/wp\/v2\/product"}],"about":[{"href":"https:\/\/legrenierdelatour.be\/brocante\/wp-json\/wp\/v2\/types\/product"}],"replies":[{"embeddable":true,"href":"https:\/\/legrenierdelatour.be\/brocante\/wp-json\/wp\/v2\/comments?post=11863"}],"wp:featuredmedia":[{"embeddable":true,"href":"https:\/\/legrenierdelatour.be\/brocante\/wp-json\/wp\/v2\/media\/11861"}],"wp:attachment":[{"href":"https:\/\/legrenierdelatour.be\/brocante\/wp-json\/wp\/v2\/media?parent=11863"}],"wp:term":[{"taxonomy":"product_brand","embeddable":true,"href":"https:\/\/legrenierdelatour.be\/brocante\/wp-json\/wp\/v2\/product_brand?post=11863"},{"taxonomy":"product_cat","embeddable":true,"href":"https:\/\/legrenierdelatour.be\/brocante\/wp-json\/wp\/v2\/product_cat?post=11863"},{"taxonomy":"product_tag","embeddable":true,"href":"https:\/\/legrenierdelatour.be\/brocante\/wp-json\/wp\/v2\/product_tag?post=11863"}],"curies":[{"name":"wp","href":"https:\/\/api.w.org\/{rel}","templated":true}]}}