{"id":11837,"date":"2025-10-20T10:00:41","date_gmt":"2025-10-20T08:00:41","guid":{"rendered":"https:\/\/legrenierdelatour.be\/brocante\/?post_type=product&#038;p=11837"},"modified":"2025-10-20T10:00:41","modified_gmt":"2025-10-20T08:00:41","slug":"fauteuil-canne-style-colonial-hollandais","status":"publish","type":"product","link":"https:\/\/legrenierdelatour.be\/brocante\/produit\/fauteuil-canne-style-colonial-hollandais\/","title":{"rendered":"Fauteuil cann\u00e9, style colonial hollandais"},"content":{"rendered":"<p>Joli fauteuil (assise 42 cm de haut, largeur 50cm) de style colonial hollandais, datant sans doute de la premi\u00e8re moiti\u00e9 du 20\u00e8 si\u00e8cle. Le fauteuil avec parties cann\u00e9es est en parfait \u00e9tat.<\/p>\n<div>R\u00e9f 47.20<\/div>\n","protected":false},"excerpt":{"rendered":"<p>Joli fauteuil (assise 42 cm de haut, largeur 50cm) de style colonial hollandais, datant sans doute de la premi\u00e8re moiti\u00e9 du 20\u00e8 si\u00e8cle. Le fauteuil avec parties cann\u00e9es est en parfait \u00e9tat. R\u00e9f 47.20<\/p>\n","protected":false},"featured_media":11838,"comment_status":"open","ping_status":"closed","template":"","meta":{"neve_meta_sidebar":"","neve_meta_container":"","neve_meta_enable_content_width":"off","neve_meta_content_width":100,"neve_meta_title_alignment":"","neve_meta_author_avatar":"","neve_post_elements_order":"","neve_meta_disable_header":"","neve_meta_disable_footer":"","neve_meta_disable_title":""},"product_brand":[],"product_cat":[23],"product_tag":[],"class_list":{"0":"post-11837","1":"product","2":"type-product","3":"status-publish","4":"has-post-thumbnail","6":"product_cat-mobilier","8":"first","9":"instock","10":"shipping-taxable","11":"purchasable","12":"product-type-simple"},"_links":{"self":[{"href":"https:\/\/legrenierdelatour.be\/brocante\/wp-json\/wp\/v2\/product\/11837","targetHints":{"allow":["GET"]}}],"collection":[{"href":"https:\/\/legrenierdelatour.be\/brocante\/wp-json\/wp\/v2\/product"}],"about":[{"href":"https:\/\/legrenierdelatour.be\/brocante\/wp-json\/wp\/v2\/types\/product"}],"replies":[{"embeddable":true,"href":"https:\/\/legrenierdelatour.be\/brocante\/wp-json\/wp\/v2\/comments?post=11837"}],"wp:featuredmedia":[{"embeddable":true,"href":"https:\/\/legrenierdelatour.be\/brocante\/wp-json\/wp\/v2\/media\/11838"}],"wp:attachment":[{"href":"https:\/\/legrenierdelatour.be\/brocante\/wp-json\/wp\/v2\/media?parent=11837"}],"wp:term":[{"taxonomy":"product_brand","embeddable":true,"href":"https:\/\/legrenierdelatour.be\/brocante\/wp-json\/wp\/v2\/product_brand?post=11837"},{"taxonomy":"product_cat","embeddable":true,"href":"https:\/\/legrenierdelatour.be\/brocante\/wp-json\/wp\/v2\/product_cat?post=11837"},{"taxonomy":"product_tag","embeddable":true,"href":"https:\/\/legrenierdelatour.be\/brocante\/wp-json\/wp\/v2\/product_tag?post=11837"}],"curies":[{"name":"wp","href":"https:\/\/api.w.org\/{rel}","templated":true}]}}