{"id":11830,"date":"2025-10-19T16:34:46","date_gmt":"2025-10-19T14:34:46","guid":{"rendered":"https:\/\/legrenierdelatour.be\/brocante\/?post_type=product&#038;p=11830"},"modified":"2025-10-19T16:37:39","modified_gmt":"2025-10-19T14:37:39","slug":"aquarelle-bouquet-au-seau-rouge-marie-howet","status":"publish","type":"product","link":"https:\/\/legrenierdelatour.be\/brocante\/produit\/aquarelle-bouquet-au-seau-rouge-marie-howet\/","title":{"rendered":"Aquarelle \u00ab\u00a0Bouquet au seau rouge\u00a0\u00bb, Marie Howet"},"content":{"rendered":"<p>Belle aquarelle (71&#215;87 cm cadre compris) repr\u00e9sentant un bouquet de fleurs dans un seau rouge. Ce grand tableau a \u00e9t\u00e9 r\u00e9alis\u00e9 par Marie Howet, signature en bas \u00e0 droite.<\/p>\n<div>\n<p>Marie Howet, bien qu\u2019\u00e9tant d\u2019origine libramontoise, fait sans aucun doute partie de ces artistes que l\u2019on peut consid\u00e9rer comme fondateurs de l\u2019\u00e9cole de Vresse. Ses liens d\u2019amiti\u00e9 avec Jos\u00e9 Chaidron en font \u00e9galement une figure habitu\u00e9e de la Glycine et du village de Vresse. Son \u0153uvre est \u00e9clectique mais toujours de haute qualit\u00e9.<\/p>\n<div>Elle suit les cours de l\u2019Ecole moyenne d\u2019Arlon et, \u00e0 l\u2019\u00e2ge de 16 ans, elle entre \u00e0 l\u2019Acad\u00e9mie des Beaux-Arts de Bruxelles. La guerre interrompt ses \u00e9tudes artistiques qu\u2019elle poursuit plus tard \u00e0 Paris, o\u00f9 elle se r\u00e9fugie avec sa famille. Une fois la guerre termin\u00e9e, elle retourne dans son pays natal et installe son atelier \u00e0 Rochehaut, le \u00ab petit vatican \u00bb. Elle est la premi\u00e8re femme \u00e0 recevoir le Prix de Rome en 1922.<\/div>\n<div>Son \u0153uvre est originale, \u00e0 la fois unique et diverse. Elle travaille \u00e0 la gouache, \u00e0 l\u2019huile, \u00e0 l\u2019aquarelle, au fusain ou au crayon des paysages d\u2019Ardenne, de Gr\u00e8ce ou d\u2019Italie, des natures mortes, des nus, des portraits ou des fleurs. Chacune de ses toiles traduit son amour pour la vie.<\/div>\n<div>Marie Howet est consid\u00e9r\u00e9e comme \u00e9tant l\u2019une des plus grandes artistes de l\u2019\u00c9cole de Vresse. Dans chacune de ses \u0153uvres, l\u2019on ressent sa parfaite ma\u00eetrise technique mais aussi une innombrable quantit\u00e9 d\u2019\u00e9motions. Ses \u0153uvres d\u00e9gagent une puissance tout \u00e0 fait impressionnante.<\/div>\n<\/div>\n<div>R\u00e9f 47.17<\/div>\n","protected":false},"excerpt":{"rendered":"<p>Belle aquarelle (71&#215;87 cm cadre compris) repr\u00e9sentant un bouquet de fleurs dans un seau rouge. Ce grand tableau a \u00e9t\u00e9 r\u00e9alis\u00e9 par Marie Howet, signature en bas \u00e0 droite. Marie Howet, bien qu\u2019\u00e9tant d\u2019origine libramontoise, fait sans aucun doute partie de ces artistes que l\u2019on peut consid\u00e9rer comme fondateurs de l\u2019\u00e9cole de Vresse. Ses liens&hellip;&nbsp;<a href=\"https:\/\/legrenierdelatour.be\/brocante\/produit\/aquarelle-bouquet-au-seau-rouge-marie-howet\/\" class=\"\" rel=\"bookmark\">Lire la suite &raquo;<span class=\"screen-reader-text\">Aquarelle \u00ab\u00a0Bouquet au seau rouge\u00a0\u00bb, Marie Howet<\/span><\/a><\/p>\n","protected":false},"featured_media":11829,"comment_status":"open","ping_status":"closed","template":"","meta":{"neve_meta_sidebar":"","neve_meta_container":"","neve_meta_enable_content_width":"off","neve_meta_content_width":100,"neve_meta_title_alignment":"","neve_meta_author_avatar":"","neve_post_elements_order":"","neve_meta_disable_header":"","neve_meta_disable_footer":"","neve_meta_disable_title":""},"product_brand":[],"product_cat":[31,167],"product_tag":[],"class_list":{"0":"post-11830","1":"product","2":"type-product","3":"status-publish","4":"has-post-thumbnail","6":"product_cat-pays-darlon","7":"product_cat-peintures-et-sculptures","9":"first","10":"instock","11":"shipping-taxable","12":"purchasable","13":"product-type-simple"},"_links":{"self":[{"href":"https:\/\/legrenierdelatour.be\/brocante\/wp-json\/wp\/v2\/product\/11830","targetHints":{"allow":["GET"]}}],"collection":[{"href":"https:\/\/legrenierdelatour.be\/brocante\/wp-json\/wp\/v2\/product"}],"about":[{"href":"https:\/\/legrenierdelatour.be\/brocante\/wp-json\/wp\/v2\/types\/product"}],"replies":[{"embeddable":true,"href":"https:\/\/legrenierdelatour.be\/brocante\/wp-json\/wp\/v2\/comments?post=11830"}],"wp:featuredmedia":[{"embeddable":true,"href":"https:\/\/legrenierdelatour.be\/brocante\/wp-json\/wp\/v2\/media\/11829"}],"wp:attachment":[{"href":"https:\/\/legrenierdelatour.be\/brocante\/wp-json\/wp\/v2\/media?parent=11830"}],"wp:term":[{"taxonomy":"product_brand","embeddable":true,"href":"https:\/\/legrenierdelatour.be\/brocante\/wp-json\/wp\/v2\/product_brand?post=11830"},{"taxonomy":"product_cat","embeddable":true,"href":"https:\/\/legrenierdelatour.be\/brocante\/wp-json\/wp\/v2\/product_cat?post=11830"},{"taxonomy":"product_tag","embeddable":true,"href":"https:\/\/legrenierdelatour.be\/brocante\/wp-json\/wp\/v2\/product_tag?post=11830"}],"curies":[{"name":"wp","href":"https:\/\/api.w.org\/{rel}","templated":true}]}}