{"id":11820,"date":"2025-10-19T16:24:35","date_gmt":"2025-10-19T14:24:35","guid":{"rendered":"https:\/\/legrenierdelatour.be\/brocante\/?post_type=product&#038;p=11820"},"modified":"2025-10-19T16:34:00","modified_gmt":"2025-10-19T14:34:00","slug":"gravure-combattant-1924-1918-armand-massonet","status":"publish","type":"product","link":"https:\/\/legrenierdelatour.be\/brocante\/produit\/gravure-combattant-1924-1918-armand-massonet\/","title":{"rendered":"Gravure Combattant 1924-1918, Armand Massonet"},"content":{"rendered":"<p>Gravure (35&#215;45 cm) rehauss\u00e9e de crayon blanc sign\u00e9e A. Massonet et dat\u00e9e 1919, offerte par la Ville d\u2019Arlon \u00e0 Charles Bier, combattant 1914-1918. Armand Massonet (Bruxelles 1892-Bruxelles 1979) est un peintre belge marqu\u00e9 par son exp\u00e9rience de la Premi\u00e8re Guerre Mondiale durant laquelle il est peintre attach\u00e9 \u00e0 l\u2019arm\u00e9e. Dessinateur, peintre et affichiste de talent, il a la capacit\u00e9 \u00e0 saisir avec la force du trait instantan\u00e9, d\u2019\u00e9voquer l\u2019agitation, le bruit, l\u2019atmosph\u00e8re de l\u2019\u00e9v\u00e8nement, et de donner l\u2019illusion qu\u2019il s\u2019agit d\u2019un cadrage serr\u00e9 d\u2019une sc\u00e8ne qui se prolonge au-del\u00e0 de la composition. Sp\u00e9cialiste du croquis enlev\u00e9, de la notation rapide, il ex\u00e9cuta surtout entre les deux guerres de nombreuse affiches. vers 1950, il cr\u00e9e de nombreuses affiches touristiques pour les Chemins de Fer belges. Il a entre autres cr\u00e9\u00e9 l\u2019affiche de l\u2019exposition d\u2019arlon comm\u00e9morant la \u00ab Bataille des Fronti\u00e8res \u00bb de 1914 .<\/p>\n<div>R\u00e9f 14.71<\/div>\n","protected":false},"excerpt":{"rendered":"<p>Gravure (35&#215;45 cm) rehauss\u00e9e de crayon blanc sign\u00e9e A. Massonet et dat\u00e9e 1919, offerte par la Ville d\u2019Arlon \u00e0 Charles Bier, combattant 1914-1918. Armand Massonet (Bruxelles 1892-Bruxelles 1979) est un peintre belge marqu\u00e9 par son exp\u00e9rience de la Premi\u00e8re Guerre Mondiale durant laquelle il est peintre attach\u00e9 \u00e0 l\u2019arm\u00e9e. Dessinateur, peintre et affichiste de talent,&hellip;&nbsp;<a href=\"https:\/\/legrenierdelatour.be\/brocante\/produit\/gravure-combattant-1924-1918-armand-massonet\/\" class=\"\" rel=\"bookmark\">Lire la suite &raquo;<span class=\"screen-reader-text\">Gravure Combattant 1924-1918, Armand Massonet<\/span><\/a><\/p>\n","protected":false},"featured_media":11823,"comment_status":"open","ping_status":"closed","template":"","meta":{"neve_meta_sidebar":"","neve_meta_container":"","neve_meta_enable_content_width":"off","neve_meta_content_width":100,"neve_meta_title_alignment":"","neve_meta_author_avatar":"","neve_post_elements_order":"","neve_meta_disable_header":"","neve_meta_disable_footer":"","neve_meta_disable_title":""},"product_brand":[],"product_cat":[31,167],"product_tag":[],"class_list":{"0":"post-11820","1":"product","2":"type-product","3":"status-publish","4":"has-post-thumbnail","6":"product_cat-pays-darlon","7":"product_cat-peintures-et-sculptures","9":"first","10":"instock","11":"shipping-taxable","12":"purchasable","13":"product-type-simple"},"_links":{"self":[{"href":"https:\/\/legrenierdelatour.be\/brocante\/wp-json\/wp\/v2\/product\/11820","targetHints":{"allow":["GET"]}}],"collection":[{"href":"https:\/\/legrenierdelatour.be\/brocante\/wp-json\/wp\/v2\/product"}],"about":[{"href":"https:\/\/legrenierdelatour.be\/brocante\/wp-json\/wp\/v2\/types\/product"}],"replies":[{"embeddable":true,"href":"https:\/\/legrenierdelatour.be\/brocante\/wp-json\/wp\/v2\/comments?post=11820"}],"wp:featuredmedia":[{"embeddable":true,"href":"https:\/\/legrenierdelatour.be\/brocante\/wp-json\/wp\/v2\/media\/11823"}],"wp:attachment":[{"href":"https:\/\/legrenierdelatour.be\/brocante\/wp-json\/wp\/v2\/media?parent=11820"}],"wp:term":[{"taxonomy":"product_brand","embeddable":true,"href":"https:\/\/legrenierdelatour.be\/brocante\/wp-json\/wp\/v2\/product_brand?post=11820"},{"taxonomy":"product_cat","embeddable":true,"href":"https:\/\/legrenierdelatour.be\/brocante\/wp-json\/wp\/v2\/product_cat?post=11820"},{"taxonomy":"product_tag","embeddable":true,"href":"https:\/\/legrenierdelatour.be\/brocante\/wp-json\/wp\/v2\/product_tag?post=11820"}],"curies":[{"name":"wp","href":"https:\/\/api.w.org\/{rel}","templated":true}]}}