{"id":11819,"date":"2025-10-18T16:26:05","date_gmt":"2025-10-18T14:26:05","guid":{"rendered":"https:\/\/legrenierdelatour.be\/brocante\/?post_type=product&#038;p=11819"},"modified":"2026-02-19T17:41:02","modified_gmt":"2026-02-19T16:41:02","slug":"vaisselle-vieux-luxembourg-villeroy-boch","status":"publish","type":"product","link":"https:\/\/legrenierdelatour.be\/brocante\/produit\/vaisselle-vieux-luxembourg-villeroy-boch\/","title":{"rendered":"Vaisselle \u00ab\u00a0Vieux Luxembourg\u00a0\u00bb, Villeroy &#038; Boch"},"content":{"rendered":"<p>Collection de vaisselle \u00ab\u00a0Vieux Luxembourg\u00a0\u00bb, produite par Villeroy &amp; Boch Luxembourg. les pi\u00e8ces sont vendues s\u00e9par\u00e9ment \u00e0 diff\u00e9rents prix.<\/p>\n<div>\n<p>R\u00e9f 47.16<\/p>\n<div><\/div>\n<div>2 sauci\u00e8res : 30\u20ac<\/div>\n<div>2 pots \u00e0 lait : 15\u20ac<\/div>\n<div>Panneau pr\u00e9sentoir : 35\u20ac non disponible<\/div>\n<div>Grande assiette de service : 30\u20ac<\/div>\n<div>Grand plat mi-haut : 30\u20ac<\/div>\n<div>3 pots \u00e0 \u00e9pice sur plateau : 85\u20ac<\/div>\n<div>4 planches \u00e0 tartiner : 12\u20ac pi\u00e8ce<\/div>\n<div>2 cafeti\u00e8re 3\/4 litre : 45\u20ac<\/div>\n<div>1 cafeti\u00e8re 1L : 45\u20ac<\/div>\n<div>6 assiettes \u00e0 pain : 8\u20ac pi\u00e8ce<\/div>\n<div>Grande terrine ovale : 115\u20ac<\/div>\n<div>Moyenne terrine ronde : 85\u20ac<\/div>\n<div>couvercle de petite terrine ronde : 10\u20ac<\/div>\n<div>7 assiettes \u00e0 soupe 22,5 cm : 15\u20ac<\/div>\n<div>8 assiettes plates 24 cm : 15\u20ac<\/div>\n<div>1 grande sous-tasse \u00a019 cm : 6\u20ac<\/div>\n<div>horloge : 85\u20ac<\/div>\n<div>louche \u00e0 sauce : 25\u20ac<\/div>\n<div>Serviteur : 35\u20ac (r\u00e9serv\u00e9)<\/div>\n<div>\n<div>5 petites tasses (7 cm de diam\u00e8tre) et sous-tasses (14 cm de diam\u00e8tre) : 10\u20ac par ensemble (1 sous-tasse en plus)<\/div>\n<div>6 tasses \u00e0 moka (6,5 cm de diam\u00e8tre) et sous-tasse (12 cm de diam\u00e8tre) : 10\u20ac l\u2019ensemble (1 sous-tasse en plus)<\/div>\n<div>9 sous-tasses \u00e0 caf\u00e9 (16 cm de diam\u00e8tre) : 5\u20ac pi\u00e8ce<\/div>\n<div>Chauffe-plat : 25\u20ac<\/div>\n<div>1 Th\u00e9i\u00e8re : 35\u20ac<\/div>\n<\/div>\n<\/div>\n<div><\/div>\n","protected":false},"excerpt":{"rendered":"<p>Collection de vaisselle \u00ab\u00a0Vieux Luxembourg\u00a0\u00bb, produite par Villeroy &amp; Boch Luxembourg. les pi\u00e8ces sont vendues s\u00e9par\u00e9ment \u00e0 diff\u00e9rents prix. R\u00e9f 47.16 2 sauci\u00e8res : 30\u20ac 2 pots \u00e0 lait : 15\u20ac Panneau pr\u00e9sentoir : 35\u20ac non disponible Grande assiette de service : 30\u20ac Grand plat mi-haut : 30\u20ac 3 pots \u00e0 \u00e9pice sur plateau :&hellip;&nbsp;<a href=\"https:\/\/legrenierdelatour.be\/brocante\/produit\/vaisselle-vieux-luxembourg-villeroy-boch\/\" class=\"\" rel=\"bookmark\">Lire la suite &raquo;<span class=\"screen-reader-text\">Vaisselle \u00ab\u00a0Vieux Luxembourg\u00a0\u00bb, Villeroy &#038; Boch<\/span><\/a><\/p>\n","protected":false},"featured_media":11815,"comment_status":"open","ping_status":"closed","template":"","meta":{"neve_meta_sidebar":"","neve_meta_container":"","neve_meta_enable_content_width":"off","neve_meta_content_width":100,"neve_meta_title_alignment":"","neve_meta_author_avatar":"","neve_post_elements_order":"","neve_meta_disable_header":"","neve_meta_disable_footer":"","neve_meta_disable_title":""},"product_brand":[],"product_cat":[172,16,165,29],"product_tag":[],"class_list":{"0":"post-11819","1":"product","2":"type-product","3":"status-publish","4":"has-post-thumbnail","6":"product_cat-en-cuisine","7":"product_cat-ceramique","8":"product_cat-luxembourg","9":"product_cat-villeroy-boch","11":"first","12":"instock","13":"shipping-taxable","14":"purchasable","15":"product-type-simple"},"_links":{"self":[{"href":"https:\/\/legrenierdelatour.be\/brocante\/wp-json\/wp\/v2\/product\/11819","targetHints":{"allow":["GET"]}}],"collection":[{"href":"https:\/\/legrenierdelatour.be\/brocante\/wp-json\/wp\/v2\/product"}],"about":[{"href":"https:\/\/legrenierdelatour.be\/brocante\/wp-json\/wp\/v2\/types\/product"}],"replies":[{"embeddable":true,"href":"https:\/\/legrenierdelatour.be\/brocante\/wp-json\/wp\/v2\/comments?post=11819"}],"wp:featuredmedia":[{"embeddable":true,"href":"https:\/\/legrenierdelatour.be\/brocante\/wp-json\/wp\/v2\/media\/11815"}],"wp:attachment":[{"href":"https:\/\/legrenierdelatour.be\/brocante\/wp-json\/wp\/v2\/media?parent=11819"}],"wp:term":[{"taxonomy":"product_brand","embeddable":true,"href":"https:\/\/legrenierdelatour.be\/brocante\/wp-json\/wp\/v2\/product_brand?post=11819"},{"taxonomy":"product_cat","embeddable":true,"href":"https:\/\/legrenierdelatour.be\/brocante\/wp-json\/wp\/v2\/product_cat?post=11819"},{"taxonomy":"product_tag","embeddable":true,"href":"https:\/\/legrenierdelatour.be\/brocante\/wp-json\/wp\/v2\/product_tag?post=11819"}],"curies":[{"name":"wp","href":"https:\/\/api.w.org\/{rel}","templated":true}]}}