{"id":11807,"date":"2025-10-14T16:22:29","date_gmt":"2025-10-14T14:22:29","guid":{"rendered":"https:\/\/legrenierdelatour.be\/brocante\/?post_type=product&#038;p=11807"},"modified":"2025-10-14T16:23:38","modified_gmt":"2025-10-14T14:23:38","slug":"peinture-arlon-jean-baptiste-lambe-1936","status":"publish","type":"product","link":"https:\/\/legrenierdelatour.be\/brocante\/produit\/peinture-arlon-jean-baptiste-lambe-1936\/","title":{"rendered":"Peinture \u00ab\u00a0Arlon\u00a0\u00bb, Jean-Baptiste Lamb\u00e9 1936"},"content":{"rendered":"<p>Huile sur toile (102&#215;71 cm cadre compris) d\u2019un panorama d\u2019Arlon avec prairies en avant-plan. Cette toile est sign\u00e9e en bas \u00e0 droite \u00ab Lamb\u00e9 JB \u00bb et dat\u00e9e 1936. Bizarrement, elle est sign\u00e9e et dat\u00e9e deux fois. \u00a0Jean-Baptiste Lamb\u00e9 (1867 Arlon -1952 Arlon) \u00e9tait un peintre portraitiste et paysagiste, dessinateur et aquarelliste. Apr\u00e8s des \u00e9tudes atistiques \u00e0 Buxelles, et Anvers, le Prix de Rome, il fut professeur de dessin \u00e0 l\u2019Ath\u00e9n\u00e9e Royal d\u2019Arlon, ) l\u2019Acad\u00e9mie des Beaux arts et \u00e0 l\u2019Ecole Industrielle d\u2019Arlon. Son atelier \u00e9tait situ\u00e9 Chemin de Clairefontaine. Il fut entre autres le ma\u00eetre de Lucien Bidaine et Emile Meyers.<\/p>\n<div>R\u00e9f 47.14<\/div>\n","protected":false},"excerpt":{"rendered":"<p>Huile sur toile (102&#215;71 cm cadre compris) d\u2019un panorama d\u2019Arlon avec prairies en avant-plan. Cette toile est sign\u00e9e en bas \u00e0 droite \u00ab Lamb\u00e9 JB \u00bb et dat\u00e9e 1936. Bizarrement, elle est sign\u00e9e et dat\u00e9e deux fois. \u00a0Jean-Baptiste Lamb\u00e9 (1867 Arlon -1952 Arlon) \u00e9tait un peintre portraitiste et paysagiste, dessinateur et aquarelliste. Apr\u00e8s des \u00e9tudes&hellip;&nbsp;<a href=\"https:\/\/legrenierdelatour.be\/brocante\/produit\/peinture-arlon-jean-baptiste-lambe-1936\/\" class=\"\" rel=\"bookmark\">Lire la suite &raquo;<span class=\"screen-reader-text\">Peinture \u00ab\u00a0Arlon\u00a0\u00bb, Jean-Baptiste Lamb\u00e9 1936<\/span><\/a><\/p>\n","protected":false},"featured_media":11808,"comment_status":"open","ping_status":"closed","template":"","meta":{"neve_meta_sidebar":"","neve_meta_container":"","neve_meta_enable_content_width":"off","neve_meta_content_width":100,"neve_meta_title_alignment":"","neve_meta_author_avatar":"","neve_post_elements_order":"","neve_meta_disable_header":"","neve_meta_disable_footer":"","neve_meta_disable_title":""},"product_brand":[],"product_cat":[31,167],"product_tag":[],"class_list":{"0":"post-11807","1":"product","2":"type-product","3":"status-publish","4":"has-post-thumbnail","6":"product_cat-pays-darlon","7":"product_cat-peintures-et-sculptures","9":"first","10":"instock","11":"shipping-taxable","12":"purchasable","13":"product-type-simple"},"_links":{"self":[{"href":"https:\/\/legrenierdelatour.be\/brocante\/wp-json\/wp\/v2\/product\/11807","targetHints":{"allow":["GET"]}}],"collection":[{"href":"https:\/\/legrenierdelatour.be\/brocante\/wp-json\/wp\/v2\/product"}],"about":[{"href":"https:\/\/legrenierdelatour.be\/brocante\/wp-json\/wp\/v2\/types\/product"}],"replies":[{"embeddable":true,"href":"https:\/\/legrenierdelatour.be\/brocante\/wp-json\/wp\/v2\/comments?post=11807"}],"wp:featuredmedia":[{"embeddable":true,"href":"https:\/\/legrenierdelatour.be\/brocante\/wp-json\/wp\/v2\/media\/11808"}],"wp:attachment":[{"href":"https:\/\/legrenierdelatour.be\/brocante\/wp-json\/wp\/v2\/media?parent=11807"}],"wp:term":[{"taxonomy":"product_brand","embeddable":true,"href":"https:\/\/legrenierdelatour.be\/brocante\/wp-json\/wp\/v2\/product_brand?post=11807"},{"taxonomy":"product_cat","embeddable":true,"href":"https:\/\/legrenierdelatour.be\/brocante\/wp-json\/wp\/v2\/product_cat?post=11807"},{"taxonomy":"product_tag","embeddable":true,"href":"https:\/\/legrenierdelatour.be\/brocante\/wp-json\/wp\/v2\/product_tag?post=11807"}],"curies":[{"name":"wp","href":"https:\/\/api.w.org\/{rel}","templated":true}]}}