{"id":11802,"date":"2025-10-14T15:46:16","date_gmt":"2025-10-14T13:46:16","guid":{"rendered":"https:\/\/legrenierdelatour.be\/brocante\/?post_type=product&#038;p=11802"},"modified":"2025-10-14T15:46:16","modified_gmt":"2025-10-14T13:46:16","slug":"terrine-en-faience-fine-guirlande-boch-luxembourg-18e-siecle","status":"publish","type":"product","link":"https:\/\/legrenierdelatour.be\/brocante\/produit\/terrine-en-faience-fine-guirlande-boch-luxembourg-18e-siecle\/","title":{"rendered":"Terrine en fa\u00efence fine, Guirlande, Boch Luxembourg 18\u00e8 si\u00e8cle"},"content":{"rendered":"<p>Terrine ronde en fa\u00efence fine (24 cm de diam\u00e8tre) et son pr\u00e9sentoir (31 cm de diam\u00e8tre) avec un couvervcle au fretll en forme de pomme. Le d\u00e9cor en cama\u00efeu bleu au grand feu est un d\u00e9cor \u00e0 la guirlande. Les diff\u00e9rentes pi\u00e8ces sont intactes mais avec des \u00e9caillures au pied et au rebord int\u00e9rieur du couvercle. Cette terrine ne porte pas de marque, si ce n\u2019est un \u00ab\u00a0f\u00a0\u00bb sous l\u2019assiette. C\u2019est sans doute une production de Boch Luxembourg, de la fin du 18\u00e8-d\u00e9but du 109\u00e8 si\u00e8cle, vu l\u2019apparition du d\u00e9cor \u00e0 la guirlande vers 1790.<\/p>\n<div>R\u00e9f 47.13<\/div>\n","protected":false},"excerpt":{"rendered":"<p>Terrine ronde en fa\u00efence fine (24 cm de diam\u00e8tre) et son pr\u00e9sentoir (31 cm de diam\u00e8tre) avec un couvervcle au fretll en forme de pomme. Le d\u00e9cor en cama\u00efeu bleu au grand feu est un d\u00e9cor \u00e0 la guirlande. Les diff\u00e9rentes pi\u00e8ces sont intactes mais avec des \u00e9caillures au pied et au rebord int\u00e9rieur du&hellip;&nbsp;<a href=\"https:\/\/legrenierdelatour.be\/brocante\/produit\/terrine-en-faience-fine-guirlande-boch-luxembourg-18e-siecle\/\" class=\"\" rel=\"bookmark\">Lire la suite &raquo;<span class=\"screen-reader-text\">Terrine en fa\u00efence fine, Guirlande, Boch Luxembourg 18\u00e8 si\u00e8cle<\/span><\/a><\/p>\n","protected":false},"featured_media":11803,"comment_status":"open","ping_status":"closed","template":"","meta":{"neve_meta_sidebar":"","neve_meta_container":"","neve_meta_enable_content_width":"off","neve_meta_content_width":100,"neve_meta_title_alignment":"","neve_meta_author_avatar":"","neve_post_elements_order":"","neve_meta_disable_header":"","neve_meta_disable_footer":"","neve_meta_disable_title":""},"product_brand":[],"product_cat":[16,165],"product_tag":[],"class_list":{"0":"post-11802","1":"product","2":"type-product","3":"status-publish","4":"has-post-thumbnail","6":"product_cat-ceramique","7":"product_cat-luxembourg","9":"first","10":"instock","11":"shipping-taxable","12":"purchasable","13":"product-type-simple"},"_links":{"self":[{"href":"https:\/\/legrenierdelatour.be\/brocante\/wp-json\/wp\/v2\/product\/11802","targetHints":{"allow":["GET"]}}],"collection":[{"href":"https:\/\/legrenierdelatour.be\/brocante\/wp-json\/wp\/v2\/product"}],"about":[{"href":"https:\/\/legrenierdelatour.be\/brocante\/wp-json\/wp\/v2\/types\/product"}],"replies":[{"embeddable":true,"href":"https:\/\/legrenierdelatour.be\/brocante\/wp-json\/wp\/v2\/comments?post=11802"}],"wp:featuredmedia":[{"embeddable":true,"href":"https:\/\/legrenierdelatour.be\/brocante\/wp-json\/wp\/v2\/media\/11803"}],"wp:attachment":[{"href":"https:\/\/legrenierdelatour.be\/brocante\/wp-json\/wp\/v2\/media?parent=11802"}],"wp:term":[{"taxonomy":"product_brand","embeddable":true,"href":"https:\/\/legrenierdelatour.be\/brocante\/wp-json\/wp\/v2\/product_brand?post=11802"},{"taxonomy":"product_cat","embeddable":true,"href":"https:\/\/legrenierdelatour.be\/brocante\/wp-json\/wp\/v2\/product_cat?post=11802"},{"taxonomy":"product_tag","embeddable":true,"href":"https:\/\/legrenierdelatour.be\/brocante\/wp-json\/wp\/v2\/product_tag?post=11802"}],"curies":[{"name":"wp","href":"https:\/\/api.w.org\/{rel}","templated":true}]}}