{"id":11736,"date":"2025-10-01T14:54:50","date_gmt":"2025-10-01T12:54:50","guid":{"rendered":"https:\/\/legrenierdelatour.be\/brocante\/?post_type=product&#038;p=11736"},"modified":"2025-10-01T14:54:50","modified_gmt":"2025-10-01T12:54:50","slug":"terrine-et-plateau-brindille-boch-luxembourg-187-siecle","status":"publish","type":"product","link":"https:\/\/legrenierdelatour.be\/brocante\/produit\/terrine-et-plateau-brindille-boch-luxembourg-187-siecle\/","title":{"rendered":"Terrine et plateau \u00ab\u00a0Brindille, Boch Luxembourg, 187 si\u00e8cle"},"content":{"rendered":"<p>Petite terrine (25 cm avec anses) et son pr\u00e9sentoir (31 cm de long) en fa\u00efence fine , Boch Luxembourg 1770-1787. L\u2019nsemble porte le d\u00e9cor \u00e0 la brindille. La terrine de forme ovale \u00e0 c\u00f4tes torses porte la marque BL en creux ainsi que le chiffre 16, sous le couvercle et sous la terrine, permettant de dater l,ensemble des alentours de 1787. Le plateau de forme festonn\u00e9e \u00e0 c\u00f4tes torses porte la marque BL en bleu, datant le plateau de 1770-1787. L\u2019ensemble est en bon \u00e9tat.<\/p>\n<div>R\u00e9f 46.86<\/div>\n","protected":false},"excerpt":{"rendered":"<p>Petite terrine (25 cm avec anses) et son pr\u00e9sentoir (31 cm de long) en fa\u00efence fine , Boch Luxembourg 1770-1787. L\u2019nsemble porte le d\u00e9cor \u00e0 la brindille. La terrine de forme ovale \u00e0 c\u00f4tes torses porte la marque BL en creux ainsi que le chiffre 16, sous le couvercle et sous la terrine, permettant de&hellip;&nbsp;<a href=\"https:\/\/legrenierdelatour.be\/brocante\/produit\/terrine-et-plateau-brindille-boch-luxembourg-187-siecle\/\" class=\"\" rel=\"bookmark\">Lire la suite &raquo;<span class=\"screen-reader-text\">Terrine et plateau \u00ab\u00a0Brindille, Boch Luxembourg, 187 si\u00e8cle<\/span><\/a><\/p>\n","protected":false},"featured_media":11737,"comment_status":"open","ping_status":"closed","template":"","meta":{"neve_meta_sidebar":"","neve_meta_container":"","neve_meta_enable_content_width":"off","neve_meta_content_width":100,"neve_meta_title_alignment":"","neve_meta_author_avatar":"","neve_post_elements_order":"","neve_meta_disable_header":"","neve_meta_disable_footer":"","neve_meta_disable_title":""},"product_brand":[],"product_cat":[16,165],"product_tag":[],"class_list":{"0":"post-11736","1":"product","2":"type-product","3":"status-publish","4":"has-post-thumbnail","6":"product_cat-ceramique","7":"product_cat-luxembourg","9":"first","10":"instock","11":"shipping-taxable","12":"purchasable","13":"product-type-simple"},"_links":{"self":[{"href":"https:\/\/legrenierdelatour.be\/brocante\/wp-json\/wp\/v2\/product\/11736","targetHints":{"allow":["GET"]}}],"collection":[{"href":"https:\/\/legrenierdelatour.be\/brocante\/wp-json\/wp\/v2\/product"}],"about":[{"href":"https:\/\/legrenierdelatour.be\/brocante\/wp-json\/wp\/v2\/types\/product"}],"replies":[{"embeddable":true,"href":"https:\/\/legrenierdelatour.be\/brocante\/wp-json\/wp\/v2\/comments?post=11736"}],"wp:featuredmedia":[{"embeddable":true,"href":"https:\/\/legrenierdelatour.be\/brocante\/wp-json\/wp\/v2\/media\/11737"}],"wp:attachment":[{"href":"https:\/\/legrenierdelatour.be\/brocante\/wp-json\/wp\/v2\/media?parent=11736"}],"wp:term":[{"taxonomy":"product_brand","embeddable":true,"href":"https:\/\/legrenierdelatour.be\/brocante\/wp-json\/wp\/v2\/product_brand?post=11736"},{"taxonomy":"product_cat","embeddable":true,"href":"https:\/\/legrenierdelatour.be\/brocante\/wp-json\/wp\/v2\/product_cat?post=11736"},{"taxonomy":"product_tag","embeddable":true,"href":"https:\/\/legrenierdelatour.be\/brocante\/wp-json\/wp\/v2\/product_tag?post=11736"}],"curies":[{"name":"wp","href":"https:\/\/api.w.org\/{rel}","templated":true}]}}