{"id":11733,"date":"2025-10-01T14:39:09","date_gmt":"2025-10-01T12:39:09","guid":{"rendered":"https:\/\/legrenierdelatour.be\/brocante\/?post_type=product&#038;p=11733"},"modified":"2025-10-01T14:39:09","modified_gmt":"2025-10-01T12:39:09","slug":"assiette-en-faience-fine-boch-luxembourg-18e-siecle-2","status":"publish","type":"product","link":"https:\/\/legrenierdelatour.be\/brocante\/produit\/assiette-en-faience-fine-boch-luxembourg-18e-siecle-2\/","title":{"rendered":"Assiette en fa\u00efence fine, Boch Luxembourg, 18\u00e8 si\u00e8cle"},"content":{"rendered":"<p>Assiette en fa\u00efence fine (23 cm de diam\u00e8tre) au motif de tr\u00e8fle, produite par Boch Luxembourg au 18\u00e8 si\u00e8cle. Elle ne porte pas de marque. L\u2019assiette est de forme festonn\u00e9es, avec trois filets de bordure en relief. Les ailes portent des d\u00e9cor \u00ab\u00a0au tr\u00e8fle\u00a0\u00bb.<\/p>\n<div>\n<div>R\u00e9f 46.85<\/div>\n<\/div>\n","protected":false},"excerpt":{"rendered":"<p>Assiette en fa\u00efence fine (23 cm de diam\u00e8tre) au motif de tr\u00e8fle, produite par Boch Luxembourg au 18\u00e8 si\u00e8cle. Elle ne porte pas de marque. L\u2019assiette est de forme festonn\u00e9es, avec trois filets de bordure en relief. Les ailes portent des d\u00e9cor \u00ab\u00a0au tr\u00e8fle\u00a0\u00bb. R\u00e9f 46.85<\/p>\n","protected":false},"featured_media":11734,"comment_status":"open","ping_status":"closed","template":"","meta":{"neve_meta_sidebar":"","neve_meta_container":"","neve_meta_enable_content_width":"off","neve_meta_content_width":100,"neve_meta_title_alignment":"","neve_meta_author_avatar":"","neve_post_elements_order":"","neve_meta_disable_header":"","neve_meta_disable_footer":"","neve_meta_disable_title":""},"product_brand":[],"product_cat":[16,29],"product_tag":[],"class_list":{"0":"post-11733","1":"product","2":"type-product","3":"status-publish","4":"has-post-thumbnail","6":"product_cat-ceramique","7":"product_cat-villeroy-boch","9":"first","10":"instock","11":"shipping-taxable","12":"purchasable","13":"product-type-simple"},"_links":{"self":[{"href":"https:\/\/legrenierdelatour.be\/brocante\/wp-json\/wp\/v2\/product\/11733","targetHints":{"allow":["GET"]}}],"collection":[{"href":"https:\/\/legrenierdelatour.be\/brocante\/wp-json\/wp\/v2\/product"}],"about":[{"href":"https:\/\/legrenierdelatour.be\/brocante\/wp-json\/wp\/v2\/types\/product"}],"replies":[{"embeddable":true,"href":"https:\/\/legrenierdelatour.be\/brocante\/wp-json\/wp\/v2\/comments?post=11733"}],"wp:featuredmedia":[{"embeddable":true,"href":"https:\/\/legrenierdelatour.be\/brocante\/wp-json\/wp\/v2\/media\/11734"}],"wp:attachment":[{"href":"https:\/\/legrenierdelatour.be\/brocante\/wp-json\/wp\/v2\/media?parent=11733"}],"wp:term":[{"taxonomy":"product_brand","embeddable":true,"href":"https:\/\/legrenierdelatour.be\/brocante\/wp-json\/wp\/v2\/product_brand?post=11733"},{"taxonomy":"product_cat","embeddable":true,"href":"https:\/\/legrenierdelatour.be\/brocante\/wp-json\/wp\/v2\/product_cat?post=11733"},{"taxonomy":"product_tag","embeddable":true,"href":"https:\/\/legrenierdelatour.be\/brocante\/wp-json\/wp\/v2\/product_tag?post=11733"}],"curies":[{"name":"wp","href":"https:\/\/api.w.org\/{rel}","templated":true}]}}