{"id":11726,"date":"2025-10-01T14:35:28","date_gmt":"2025-10-01T12:35:28","guid":{"rendered":"https:\/\/legrenierdelatour.be\/brocante\/?post_type=product&#038;p=11726"},"modified":"2026-02-09T10:49:43","modified_gmt":"2026-02-09T09:49:43","slug":"assiette-en-faience-fine-boch-luxembourg-18e-siecle","status":"publish","type":"product","link":"https:\/\/legrenierdelatour.be\/brocante\/produit\/assiette-en-faience-fine-boch-luxembourg-18e-siecle\/","title":{"rendered":"Assiette en fa\u00efence fine, Boch Luxembourg, 18\u00e8 si\u00e8cle"},"content":{"rendered":"<p>Assiette en fa\u00efence fine (23,5 cm de diam\u00e8tre) au motif de tr\u00e8fle, produite par Boch Luxembourg vers 1770-1787, d\u2019apr\u00e8s le monogramme \u00ab\u00a0BL\u00a0\u00bb \u00a0en bleu, et le paraphe \u00ab\u00a0F\u00a0\u00bb, initiale du peintre d\u00e9corateur. L\u2019assiette est de forme festonn\u00e9es, avec trois filets de bordure en relief. Les ailes portent des d\u00e9cor \u00ab\u00a0au tr\u00e8fle\u00a0\u00bb. Les assiettes ont des \u00e9tats correct.<\/p>\n<div>Trois exemplaires disponibles au prix de 50\u20ac pi\u00e8ce.<\/div>\n<div>\n<div>R\u00e9f 46.84<\/div>\n<\/div>\n","protected":false},"excerpt":{"rendered":"<p>Assiette en fa\u00efence fine (23,5 cm de diam\u00e8tre) au motif de tr\u00e8fle, produite par Boch Luxembourg vers 1770-1787, d\u2019apr\u00e8s le monogramme \u00ab\u00a0BL\u00a0\u00bb \u00a0en bleu, et le paraphe \u00ab\u00a0F\u00a0\u00bb, initiale du peintre d\u00e9corateur. L\u2019assiette est de forme festonn\u00e9es, avec trois filets de bordure en relief. Les ailes portent des d\u00e9cor \u00ab\u00a0au tr\u00e8fle\u00a0\u00bb. Les assiettes ont des&hellip;&nbsp;<a href=\"https:\/\/legrenierdelatour.be\/brocante\/produit\/assiette-en-faience-fine-boch-luxembourg-18e-siecle\/\" class=\"\" rel=\"bookmark\">Lire la suite &raquo;<span class=\"screen-reader-text\">Assiette en fa\u00efence fine, Boch Luxembourg, 18\u00e8 si\u00e8cle<\/span><\/a><\/p>\n","protected":false},"featured_media":11727,"comment_status":"open","ping_status":"closed","template":"","meta":{"neve_meta_sidebar":"","neve_meta_container":"","neve_meta_enable_content_width":"off","neve_meta_content_width":100,"neve_meta_title_alignment":"","neve_meta_author_avatar":"","neve_post_elements_order":"","neve_meta_disable_header":"","neve_meta_disable_footer":"","neve_meta_disable_title":""},"product_brand":[],"product_cat":[15],"product_tag":[],"class_list":{"0":"post-11726","1":"product","2":"type-product","3":"status-publish","4":"has-post-thumbnail","6":"product_cat-non-classe","8":"first","9":"instock","10":"shipping-taxable","11":"purchasable","12":"product-type-simple"},"_links":{"self":[{"href":"https:\/\/legrenierdelatour.be\/brocante\/wp-json\/wp\/v2\/product\/11726","targetHints":{"allow":["GET"]}}],"collection":[{"href":"https:\/\/legrenierdelatour.be\/brocante\/wp-json\/wp\/v2\/product"}],"about":[{"href":"https:\/\/legrenierdelatour.be\/brocante\/wp-json\/wp\/v2\/types\/product"}],"replies":[{"embeddable":true,"href":"https:\/\/legrenierdelatour.be\/brocante\/wp-json\/wp\/v2\/comments?post=11726"}],"wp:featuredmedia":[{"embeddable":true,"href":"https:\/\/legrenierdelatour.be\/brocante\/wp-json\/wp\/v2\/media\/11727"}],"wp:attachment":[{"href":"https:\/\/legrenierdelatour.be\/brocante\/wp-json\/wp\/v2\/media?parent=11726"}],"wp:term":[{"taxonomy":"product_brand","embeddable":true,"href":"https:\/\/legrenierdelatour.be\/brocante\/wp-json\/wp\/v2\/product_brand?post=11726"},{"taxonomy":"product_cat","embeddable":true,"href":"https:\/\/legrenierdelatour.be\/brocante\/wp-json\/wp\/v2\/product_cat?post=11726"},{"taxonomy":"product_tag","embeddable":true,"href":"https:\/\/legrenierdelatour.be\/brocante\/wp-json\/wp\/v2\/product_tag?post=11726"}],"curies":[{"name":"wp","href":"https:\/\/api.w.org\/{rel}","templated":true}]}}