{"id":11663,"date":"2025-09-29T16:08:28","date_gmt":"2025-09-29T14:08:28","guid":{"rendered":"https:\/\/legrenierdelatour.be\/brocante\/?post_type=product&#038;p=11663"},"modified":"2025-09-29T16:08:28","modified_gmt":"2025-09-29T14:08:28","slug":"aquarelle-vieux-bouleaux-dans-le-vent-pierre-chariot-1982","status":"publish","type":"product","link":"https:\/\/legrenierdelatour.be\/brocante\/produit\/aquarelle-vieux-bouleaux-dans-le-vent-pierre-chariot-1982\/","title":{"rendered":"Aquarelle \u00ab\u00a0Vieux bouleaux dans le vent\u00a0\u00bb, Pierre Chariot 1982"},"content":{"rendered":"<p>Aquarelle (43&#215;52 cm cadre compris) d\u2019un paysage intitul\u00e9 \u00ab\u00a0Vieux bouleaux dans le vent\u00a0\u00bb et dat\u00e9 de 1982. Le tableau ex\u00e9cut\u00e9 dans les Fagnes, est sign\u00e9 et contre-sign\u00e9 par l\u2019artiste en bas \u00e0 gauche, P. Chariot. Artiste belge n\u00e9 en 1929 \u00e0 Saint Mard, Pierre Chariot peint des aquarelles l\u00e9g\u00e8res qui ont \u00e9t\u00e9 expos\u00e9es de nombreuses fois. Il a obtenu de nombreux prix et a enseign\u00e9 l\u2019aquarelle dans son atelier de Bruxelles. El\u00e8ve de Nestor Outer, il sera toujours attir\u00e9 par sa Gaume natale.<\/p>\n<div>R\u00e9f 46.69<\/div>\n","protected":false},"excerpt":{"rendered":"<p>Aquarelle (43&#215;52 cm cadre compris) d\u2019un paysage intitul\u00e9 \u00ab\u00a0Vieux bouleaux dans le vent\u00a0\u00bb et dat\u00e9 de 1982. Le tableau ex\u00e9cut\u00e9 dans les Fagnes, est sign\u00e9 et contre-sign\u00e9 par l\u2019artiste en bas \u00e0 gauche, P. Chariot. Artiste belge n\u00e9 en 1929 \u00e0 Saint Mard, Pierre Chariot peint des aquarelles l\u00e9g\u00e8res qui ont \u00e9t\u00e9 expos\u00e9es de nombreuses&hellip;&nbsp;<a href=\"https:\/\/legrenierdelatour.be\/brocante\/produit\/aquarelle-vieux-bouleaux-dans-le-vent-pierre-chariot-1982\/\" class=\"\" rel=\"bookmark\">Lire la suite &raquo;<span class=\"screen-reader-text\">Aquarelle \u00ab\u00a0Vieux bouleaux dans le vent\u00a0\u00bb, Pierre Chariot 1982<\/span><\/a><\/p>\n","protected":false},"featured_media":11675,"comment_status":"open","ping_status":"closed","template":"","meta":{"neve_meta_sidebar":"","neve_meta_container":"","neve_meta_enable_content_width":"off","neve_meta_content_width":100,"neve_meta_title_alignment":"","neve_meta_author_avatar":"","neve_post_elements_order":"","neve_meta_disable_header":"","neve_meta_disable_footer":"","neve_meta_disable_title":""},"product_brand":[],"product_cat":[31,167],"product_tag":[],"class_list":{"0":"post-11663","1":"product","2":"type-product","3":"status-publish","4":"has-post-thumbnail","6":"product_cat-pays-darlon","7":"product_cat-peintures-et-sculptures","9":"first","10":"instock","11":"shipping-taxable","12":"purchasable","13":"product-type-simple"},"_links":{"self":[{"href":"https:\/\/legrenierdelatour.be\/brocante\/wp-json\/wp\/v2\/product\/11663","targetHints":{"allow":["GET"]}}],"collection":[{"href":"https:\/\/legrenierdelatour.be\/brocante\/wp-json\/wp\/v2\/product"}],"about":[{"href":"https:\/\/legrenierdelatour.be\/brocante\/wp-json\/wp\/v2\/types\/product"}],"replies":[{"embeddable":true,"href":"https:\/\/legrenierdelatour.be\/brocante\/wp-json\/wp\/v2\/comments?post=11663"}],"wp:featuredmedia":[{"embeddable":true,"href":"https:\/\/legrenierdelatour.be\/brocante\/wp-json\/wp\/v2\/media\/11675"}],"wp:attachment":[{"href":"https:\/\/legrenierdelatour.be\/brocante\/wp-json\/wp\/v2\/media?parent=11663"}],"wp:term":[{"taxonomy":"product_brand","embeddable":true,"href":"https:\/\/legrenierdelatour.be\/brocante\/wp-json\/wp\/v2\/product_brand?post=11663"},{"taxonomy":"product_cat","embeddable":true,"href":"https:\/\/legrenierdelatour.be\/brocante\/wp-json\/wp\/v2\/product_cat?post=11663"},{"taxonomy":"product_tag","embeddable":true,"href":"https:\/\/legrenierdelatour.be\/brocante\/wp-json\/wp\/v2\/product_tag?post=11663"}],"curies":[{"name":"wp","href":"https:\/\/api.w.org\/{rel}","templated":true}]}}