{"id":11658,"date":"2025-09-25T14:32:55","date_gmt":"2025-09-25T12:32:55","guid":{"rendered":"https:\/\/legrenierdelatour.be\/brocante\/?post_type=product&#038;p=11658"},"modified":"2025-09-25T14:32:55","modified_gmt":"2025-09-25T12:32:55","slug":"service-a-cafe-en-porcelaine-senta-bavaria","status":"publish","type":"product","link":"https:\/\/legrenierdelatour.be\/brocante\/produit\/service-a-cafe-en-porcelaine-senta-bavaria\/","title":{"rendered":"Service \u00e0 caf\u00e9 en porcelaine, \u00ab\u00a0Senta\u00a0\u00bb, Bavaria"},"content":{"rendered":"<p>Service en porcelaine pour enfants, compos\u00e9 d\u2019une cafeti\u00e8re (17 cm de haut), d\u2019un pot \u00e0 lait (8 cm de haut), d\u2019un sucrier (10 cm de diam\u00e8tre, de 6 tasses (4 cm de haut) et 6 sous-tasses. Il a \u00e9t\u00e9 produit par une manufacture en Bavi\u00e8re. Il est en parfait \u00e9tat et date sans doute des ann\u00e9es 1950.<\/p>\n<div>R\u00e9f 46.67<\/div>\n","protected":false},"excerpt":{"rendered":"<p>Service en porcelaine pour enfants, compos\u00e9 d\u2019une cafeti\u00e8re (17 cm de haut), d\u2019un pot \u00e0 lait (8 cm de haut), d\u2019un sucrier (10 cm de diam\u00e8tre, de 6 tasses (4 cm de haut) et 6 sous-tasses. Il a \u00e9t\u00e9 produit par une manufacture en Bavi\u00e8re. Il est en parfait \u00e9tat et date sans doute des&hellip;&nbsp;<a href=\"https:\/\/legrenierdelatour.be\/brocante\/produit\/service-a-cafe-en-porcelaine-senta-bavaria\/\" class=\"\" rel=\"bookmark\">Lire la suite &raquo;<span class=\"screen-reader-text\">Service \u00e0 caf\u00e9 en porcelaine, \u00ab\u00a0Senta\u00a0\u00bb, Bavaria<\/span><\/a><\/p>\n","protected":false},"featured_media":11660,"comment_status":"open","ping_status":"closed","template":"","meta":{"neve_meta_sidebar":"","neve_meta_container":"","neve_meta_enable_content_width":"off","neve_meta_content_width":100,"neve_meta_title_alignment":"","neve_meta_author_avatar":"","neve_post_elements_order":"","neve_meta_disable_header":"","neve_meta_disable_footer":"","neve_meta_disable_title":""},"product_brand":[],"product_cat":[168,16],"product_tag":[],"class_list":{"0":"post-11658","1":"product","2":"type-product","3":"status-publish","4":"has-post-thumbnail","6":"product_cat-bavaria","7":"product_cat-ceramique","9":"first","10":"instock","11":"shipping-taxable","12":"purchasable","13":"product-type-simple"},"_links":{"self":[{"href":"https:\/\/legrenierdelatour.be\/brocante\/wp-json\/wp\/v2\/product\/11658","targetHints":{"allow":["GET"]}}],"collection":[{"href":"https:\/\/legrenierdelatour.be\/brocante\/wp-json\/wp\/v2\/product"}],"about":[{"href":"https:\/\/legrenierdelatour.be\/brocante\/wp-json\/wp\/v2\/types\/product"}],"replies":[{"embeddable":true,"href":"https:\/\/legrenierdelatour.be\/brocante\/wp-json\/wp\/v2\/comments?post=11658"}],"wp:featuredmedia":[{"embeddable":true,"href":"https:\/\/legrenierdelatour.be\/brocante\/wp-json\/wp\/v2\/media\/11660"}],"wp:attachment":[{"href":"https:\/\/legrenierdelatour.be\/brocante\/wp-json\/wp\/v2\/media?parent=11658"}],"wp:term":[{"taxonomy":"product_brand","embeddable":true,"href":"https:\/\/legrenierdelatour.be\/brocante\/wp-json\/wp\/v2\/product_brand?post=11658"},{"taxonomy":"product_cat","embeddable":true,"href":"https:\/\/legrenierdelatour.be\/brocante\/wp-json\/wp\/v2\/product_cat?post=11658"},{"taxonomy":"product_tag","embeddable":true,"href":"https:\/\/legrenierdelatour.be\/brocante\/wp-json\/wp\/v2\/product_tag?post=11658"}],"curies":[{"name":"wp","href":"https:\/\/api.w.org\/{rel}","templated":true}]}}