{"id":11643,"date":"2025-09-20T16:11:25","date_gmt":"2025-09-20T14:11:25","guid":{"rendered":"https:\/\/legrenierdelatour.be\/brocante\/?post_type=product&#038;p=11643"},"modified":"2025-09-20T16:11:25","modified_gmt":"2025-09-20T14:11:25","slug":"ensemble-de-carrelages-blason-de-la-province-de-luxembourg","status":"publish","type":"product","link":"https:\/\/legrenierdelatour.be\/brocante\/produit\/ensemble-de-carrelages-blason-de-la-province-de-luxembourg\/","title":{"rendered":"Ensemble de carrelages, Blason de la Province de Luxembourg"},"content":{"rendered":"<p>Grand assemblage sur panneau encadr\u00e9 de ch\u00eane (60&#215;50 cm) de carrelages (11 cm de c\u00f4t\u00e9) repr\u00e9sentant l\u2019\u00e9cusson de la Province de Luxembourg. Ces carrelages ont probablement \u00e9t\u00e9 cr\u00e9\u00e9 par Ernest Bernardy (Athus 1923-2000), un artiste athusien, attach\u00e9 \u00e0 la Gaume.<\/p>\n<div>R\u00e9f 46.57<\/div>\n","protected":false},"excerpt":{"rendered":"<p>Grand assemblage sur panneau encadr\u00e9 de ch\u00eane (60&#215;50 cm) de carrelages (11 cm de c\u00f4t\u00e9) repr\u00e9sentant l\u2019\u00e9cusson de la Province de Luxembourg. Ces carrelages ont probablement \u00e9t\u00e9 cr\u00e9\u00e9 par Ernest Bernardy (Athus 1923-2000), un artiste athusien, attach\u00e9 \u00e0 la Gaume. R\u00e9f 46.57<\/p>\n","protected":false},"featured_media":11644,"comment_status":"open","ping_status":"closed","template":"","meta":{"neve_meta_sidebar":"","neve_meta_container":"","neve_meta_enable_content_width":"off","neve_meta_content_width":100,"neve_meta_title_alignment":"","neve_meta_author_avatar":"","neve_post_elements_order":"","neve_meta_disable_header":"","neve_meta_disable_footer":"","neve_meta_disable_title":""},"product_brand":[],"product_cat":[37,16,31,167],"product_tag":[],"class_list":{"0":"post-11643","1":"product","2":"type-product","3":"status-publish","4":"has-post-thumbnail","6":"product_cat-belgique","7":"product_cat-ceramique","8":"product_cat-pays-darlon","9":"product_cat-peintures-et-sculptures","11":"first","12":"instock","13":"shipping-taxable","14":"purchasable","15":"product-type-simple"},"_links":{"self":[{"href":"https:\/\/legrenierdelatour.be\/brocante\/wp-json\/wp\/v2\/product\/11643","targetHints":{"allow":["GET"]}}],"collection":[{"href":"https:\/\/legrenierdelatour.be\/brocante\/wp-json\/wp\/v2\/product"}],"about":[{"href":"https:\/\/legrenierdelatour.be\/brocante\/wp-json\/wp\/v2\/types\/product"}],"replies":[{"embeddable":true,"href":"https:\/\/legrenierdelatour.be\/brocante\/wp-json\/wp\/v2\/comments?post=11643"}],"wp:featuredmedia":[{"embeddable":true,"href":"https:\/\/legrenierdelatour.be\/brocante\/wp-json\/wp\/v2\/media\/11644"}],"wp:attachment":[{"href":"https:\/\/legrenierdelatour.be\/brocante\/wp-json\/wp\/v2\/media?parent=11643"}],"wp:term":[{"taxonomy":"product_brand","embeddable":true,"href":"https:\/\/legrenierdelatour.be\/brocante\/wp-json\/wp\/v2\/product_brand?post=11643"},{"taxonomy":"product_cat","embeddable":true,"href":"https:\/\/legrenierdelatour.be\/brocante\/wp-json\/wp\/v2\/product_cat?post=11643"},{"taxonomy":"product_tag","embeddable":true,"href":"https:\/\/legrenierdelatour.be\/brocante\/wp-json\/wp\/v2\/product_tag?post=11643"}],"curies":[{"name":"wp","href":"https:\/\/api.w.org\/{rel}","templated":true}]}}