{"id":11615,"date":"2025-09-20T10:29:44","date_gmt":"2025-09-20T08:29:44","guid":{"rendered":"https:\/\/legrenierdelatour.be\/brocante\/?post_type=product&#038;p=11615"},"modified":"2025-09-20T10:29:44","modified_gmt":"2025-09-20T08:29:44","slug":"gravure-luxembourg-norbert-hastert-1978","status":"publish","type":"product","link":"https:\/\/legrenierdelatour.be\/brocante\/produit\/gravure-luxembourg-norbert-hastert-1978\/","title":{"rendered":"Gravure Luxembourg, Norbert Hastert, 1978"},"content":{"rendered":"<p>Belle gravure (33&#215;25 cm cadre compris) repr\u00e9sentant une vue de Luxembourg. Elle a \u00e9t\u00e9 r\u00e9alis\u00e9e par Norbert Hastert en 1978. Elle est num\u00e9rot\u00e9e 11\/30. Norbert Hastert, n\u00e9 Luxembourg en 1942, a appris l\u2019art \u00e0 Tr\u00e8ves et est membre du Cercle Artistique de Luxembourg.<\/p>\n<div>R\u00e9f 46.48<\/div>\n","protected":false},"excerpt":{"rendered":"<p>Belle gravure (33&#215;25 cm cadre compris) repr\u00e9sentant une vue de Luxembourg. Elle a \u00e9t\u00e9 r\u00e9alis\u00e9e par Norbert Hastert en 1978. Elle est num\u00e9rot\u00e9e 11\/30. Norbert Hastert, n\u00e9 Luxembourg en 1942, a appris l\u2019art \u00e0 Tr\u00e8ves et est membre du Cercle Artistique de Luxembourg. R\u00e9f 46.48<\/p>\n","protected":false},"featured_media":11610,"comment_status":"open","ping_status":"closed","template":"","meta":{"neve_meta_sidebar":"","neve_meta_container":"","neve_meta_enable_content_width":"off","neve_meta_content_width":100,"neve_meta_title_alignment":"","neve_meta_author_avatar":"","neve_post_elements_order":"","neve_meta_disable_header":"","neve_meta_disable_footer":"","neve_meta_disable_title":""},"product_brand":[],"product_cat":[166,167],"product_tag":[],"class_list":{"0":"post-11615","1":"product","2":"type-product","3":"status-publish","4":"has-post-thumbnail","6":"product_cat-luxemburgensia-luxemburgensia","7":"product_cat-peintures-et-sculptures","9":"first","10":"instock","11":"shipping-taxable","12":"purchasable","13":"product-type-simple"},"_links":{"self":[{"href":"https:\/\/legrenierdelatour.be\/brocante\/wp-json\/wp\/v2\/product\/11615","targetHints":{"allow":["GET"]}}],"collection":[{"href":"https:\/\/legrenierdelatour.be\/brocante\/wp-json\/wp\/v2\/product"}],"about":[{"href":"https:\/\/legrenierdelatour.be\/brocante\/wp-json\/wp\/v2\/types\/product"}],"replies":[{"embeddable":true,"href":"https:\/\/legrenierdelatour.be\/brocante\/wp-json\/wp\/v2\/comments?post=11615"}],"wp:featuredmedia":[{"embeddable":true,"href":"https:\/\/legrenierdelatour.be\/brocante\/wp-json\/wp\/v2\/media\/11610"}],"wp:attachment":[{"href":"https:\/\/legrenierdelatour.be\/brocante\/wp-json\/wp\/v2\/media?parent=11615"}],"wp:term":[{"taxonomy":"product_brand","embeddable":true,"href":"https:\/\/legrenierdelatour.be\/brocante\/wp-json\/wp\/v2\/product_brand?post=11615"},{"taxonomy":"product_cat","embeddable":true,"href":"https:\/\/legrenierdelatour.be\/brocante\/wp-json\/wp\/v2\/product_cat?post=11615"},{"taxonomy":"product_tag","embeddable":true,"href":"https:\/\/legrenierdelatour.be\/brocante\/wp-json\/wp\/v2\/product_tag?post=11615"}],"curies":[{"name":"wp","href":"https:\/\/api.w.org\/{rel}","templated":true}]}}