{"id":11597,"date":"2025-09-20T09:44:40","date_gmt":"2025-09-20T07:44:40","guid":{"rendered":"https:\/\/legrenierdelatour.be\/brocante\/?post_type=product&#038;p=11597"},"modified":"2025-09-20T09:44:40","modified_gmt":"2025-09-20T07:44:40","slug":"sous-plat-chevreuils-villeroy-boch-mettlach","status":"publish","type":"product","link":"https:\/\/legrenierdelatour.be\/brocante\/produit\/sous-plat-chevreuils-villeroy-boch-mettlach\/","title":{"rendered":"Sous-plat \u00ab\u00a0Chevreuils\u00a0\u00bb, Villeroy &#038; Boch Mettlach"},"content":{"rendered":"<p>Sous-plat compos\u00e9 d\u2019un carrelage (15x15cm) sur un support m\u00e9tallique dor\u00e9. Le carrelage repr\u00e9sente un couple de chevreuils d\u2019apr\u00e8s un dessin de Xavier von Poret (1894-1975) et a \u00e9t\u00e9 produit par Villroy et Boch \u00e0 Mettlach.<\/p>\n<div>R\u00e9f 46.43<\/div>\n","protected":false},"excerpt":{"rendered":"<p>Sous-plat compos\u00e9 d\u2019un carrelage (15x15cm) sur un support m\u00e9tallique dor\u00e9. Le carrelage repr\u00e9sente un couple de chevreuils d\u2019apr\u00e8s un dessin de Xavier von Poret (1894-1975) et a \u00e9t\u00e9 produit par Villroy et Boch \u00e0 Mettlach. R\u00e9f 46.43<\/p>\n","protected":false},"featured_media":11599,"comment_status":"open","ping_status":"closed","template":"","meta":{"neve_meta_sidebar":"","neve_meta_container":"","neve_meta_enable_content_width":"off","neve_meta_content_width":100,"neve_meta_title_alignment":"","neve_meta_author_avatar":"","neve_post_elements_order":"","neve_meta_disable_header":"","neve_meta_disable_footer":"","neve_meta_disable_title":""},"product_brand":[],"product_cat":[16,29],"product_tag":[],"class_list":{"0":"post-11597","1":"product","2":"type-product","3":"status-publish","4":"has-post-thumbnail","6":"product_cat-ceramique","7":"product_cat-villeroy-boch","9":"first","10":"instock","11":"shipping-taxable","12":"purchasable","13":"product-type-simple"},"_links":{"self":[{"href":"https:\/\/legrenierdelatour.be\/brocante\/wp-json\/wp\/v2\/product\/11597","targetHints":{"allow":["GET"]}}],"collection":[{"href":"https:\/\/legrenierdelatour.be\/brocante\/wp-json\/wp\/v2\/product"}],"about":[{"href":"https:\/\/legrenierdelatour.be\/brocante\/wp-json\/wp\/v2\/types\/product"}],"replies":[{"embeddable":true,"href":"https:\/\/legrenierdelatour.be\/brocante\/wp-json\/wp\/v2\/comments?post=11597"}],"wp:featuredmedia":[{"embeddable":true,"href":"https:\/\/legrenierdelatour.be\/brocante\/wp-json\/wp\/v2\/media\/11599"}],"wp:attachment":[{"href":"https:\/\/legrenierdelatour.be\/brocante\/wp-json\/wp\/v2\/media?parent=11597"}],"wp:term":[{"taxonomy":"product_brand","embeddable":true,"href":"https:\/\/legrenierdelatour.be\/brocante\/wp-json\/wp\/v2\/product_brand?post=11597"},{"taxonomy":"product_cat","embeddable":true,"href":"https:\/\/legrenierdelatour.be\/brocante\/wp-json\/wp\/v2\/product_cat?post=11597"},{"taxonomy":"product_tag","embeddable":true,"href":"https:\/\/legrenierdelatour.be\/brocante\/wp-json\/wp\/v2\/product_tag?post=11597"}],"curies":[{"name":"wp","href":"https:\/\/api.w.org\/{rel}","templated":true}]}}