{"id":11586,"date":"2025-09-14T15:39:06","date_gmt":"2025-09-14T13:39:06","guid":{"rendered":"https:\/\/legrenierdelatour.be\/brocante\/?post_type=product&#038;p=11586"},"modified":"2025-09-14T15:39:06","modified_gmt":"2025-09-14T13:39:06","slug":"flacon-a-liqueur-en-verre-annees-1930-50","status":"publish","type":"product","link":"https:\/\/legrenierdelatour.be\/brocante\/produit\/flacon-a-liqueur-en-verre-annees-1930-50\/","title":{"rendered":"Flacon \u00e0 liqueur en verre, Ann\u00e9es 1930-50"},"content":{"rendered":"<p>Ensemble \u00e0 liqueur compos\u00e9 d\u2019un flacon (19 cm d haut bouchon compris) et de 6 verres 6 cm de haut. L\u2019ensemble en verre comporte des dorures en bon \u00e9tat. Il pourrait avoir \u00e9t\u00e9 produit par Cristalor dans les ann\u00e9es 1930-50.<\/p>\n<div>R\u00e9f 46.37<\/div>\n","protected":false},"excerpt":{"rendered":"<p>Ensemble \u00e0 liqueur compos\u00e9 d\u2019un flacon (19 cm d haut bouchon compris) et de 6 verres 6 cm de haut. L\u2019ensemble en verre comporte des dorures en bon \u00e9tat. Il pourrait avoir \u00e9t\u00e9 produit par Cristalor dans les ann\u00e9es 1930-50. R\u00e9f 46.37<\/p>\n","protected":false},"featured_media":11587,"comment_status":"open","ping_status":"closed","template":"","meta":{"neve_meta_sidebar":"","neve_meta_container":"","neve_meta_enable_content_width":"off","neve_meta_content_width":100,"neve_meta_title_alignment":"","neve_meta_author_avatar":"","neve_post_elements_order":"","neve_meta_disable_header":"","neve_meta_disable_footer":"","neve_meta_disable_title":""},"product_brand":[],"product_cat":[22],"product_tag":[],"class_list":{"0":"post-11586","1":"product","2":"type-product","3":"status-publish","4":"has-post-thumbnail","6":"product_cat-verrerie","8":"first","9":"instock","10":"shipping-taxable","11":"purchasable","12":"product-type-simple"},"_links":{"self":[{"href":"https:\/\/legrenierdelatour.be\/brocante\/wp-json\/wp\/v2\/product\/11586","targetHints":{"allow":["GET"]}}],"collection":[{"href":"https:\/\/legrenierdelatour.be\/brocante\/wp-json\/wp\/v2\/product"}],"about":[{"href":"https:\/\/legrenierdelatour.be\/brocante\/wp-json\/wp\/v2\/types\/product"}],"replies":[{"embeddable":true,"href":"https:\/\/legrenierdelatour.be\/brocante\/wp-json\/wp\/v2\/comments?post=11586"}],"wp:featuredmedia":[{"embeddable":true,"href":"https:\/\/legrenierdelatour.be\/brocante\/wp-json\/wp\/v2\/media\/11587"}],"wp:attachment":[{"href":"https:\/\/legrenierdelatour.be\/brocante\/wp-json\/wp\/v2\/media?parent=11586"}],"wp:term":[{"taxonomy":"product_brand","embeddable":true,"href":"https:\/\/legrenierdelatour.be\/brocante\/wp-json\/wp\/v2\/product_brand?post=11586"},{"taxonomy":"product_cat","embeddable":true,"href":"https:\/\/legrenierdelatour.be\/brocante\/wp-json\/wp\/v2\/product_cat?post=11586"},{"taxonomy":"product_tag","embeddable":true,"href":"https:\/\/legrenierdelatour.be\/brocante\/wp-json\/wp\/v2\/product_tag?post=11586"}],"curies":[{"name":"wp","href":"https:\/\/api.w.org\/{rel}","templated":true}]}}