{"id":11585,"date":"2025-09-14T14:20:44","date_gmt":"2025-09-14T12:20:44","guid":{"rendered":"https:\/\/legrenierdelatour.be\/brocante\/?post_type=product&#038;p=11585"},"modified":"2025-09-14T14:20:44","modified_gmt":"2025-09-14T12:20:44","slug":"assiettes-au-decor-floral-boch-freres-keramis-debut-du-20e-siecle","status":"publish","type":"product","link":"https:\/\/legrenierdelatour.be\/brocante\/produit\/assiettes-au-decor-floral-boch-freres-keramis-debut-du-20e-siecle\/","title":{"rendered":"Assiettes au d\u00e9cor floral, Boch fr\u00e8res K\u00e9ramis, d\u00e9but du 20\u00e8 si\u00e8cle"},"content":{"rendered":"<p>Assiette creuse (23 cm de diam\u00e8tre) et assiette plate (24 cm de diam\u00e8tre) portant une d\u00e9coration florale peinte \u00e0 la main. Ces assiettes en fa\u00efence portent dessous le cachet rond \u00ab\u00a0BFK Made in Belgium\u00a0\u00bb, de la manufacture Boch Fr\u00e8res K\u00e9ramis \u00e0 La Louvi\u00e8re, datant du d\u00e9but du 20\u00e8 si\u00e8cle.<\/p>\n<div>Deux assiettes plates et une profonde disponibles, vendues \u00e0 8\u20ac pi\u00e8ce.<\/div>\n<div>R\u00e9f 46.36<\/div>\n","protected":false},"excerpt":{"rendered":"<p>Assiette creuse (23 cm de diam\u00e8tre) et assiette plate (24 cm de diam\u00e8tre) portant une d\u00e9coration florale peinte \u00e0 la main. Ces assiettes en fa\u00efence portent dessous le cachet rond \u00ab\u00a0BFK Made in Belgium\u00a0\u00bb, de la manufacture Boch Fr\u00e8res K\u00e9ramis \u00e0 La Louvi\u00e8re, datant du d\u00e9but du 20\u00e8 si\u00e8cle. Deux assiettes plates et une profonde&hellip;&nbsp;<a href=\"https:\/\/legrenierdelatour.be\/brocante\/produit\/assiettes-au-decor-floral-boch-freres-keramis-debut-du-20e-siecle\/\" class=\"\" rel=\"bookmark\">Lire la suite &raquo;<span class=\"screen-reader-text\">Assiettes au d\u00e9cor floral, Boch fr\u00e8res K\u00e9ramis, d\u00e9but du 20\u00e8 si\u00e8cle<\/span><\/a><\/p>\n","protected":false},"featured_media":11582,"comment_status":"open","ping_status":"closed","template":"","meta":{"neve_meta_sidebar":"","neve_meta_container":"","neve_meta_enable_content_width":"off","neve_meta_content_width":100,"neve_meta_title_alignment":"","neve_meta_author_avatar":"","neve_post_elements_order":"","neve_meta_disable_header":"","neve_meta_disable_footer":"","neve_meta_disable_title":""},"product_brand":[],"product_cat":[37,175,16],"product_tag":[],"class_list":{"0":"post-11585","1":"product","2":"type-product","3":"status-publish","4":"has-post-thumbnail","6":"product_cat-belgique","7":"product_cat-boch","8":"product_cat-ceramique","10":"first","11":"instock","12":"shipping-taxable","13":"purchasable","14":"product-type-simple"},"_links":{"self":[{"href":"https:\/\/legrenierdelatour.be\/brocante\/wp-json\/wp\/v2\/product\/11585","targetHints":{"allow":["GET"]}}],"collection":[{"href":"https:\/\/legrenierdelatour.be\/brocante\/wp-json\/wp\/v2\/product"}],"about":[{"href":"https:\/\/legrenierdelatour.be\/brocante\/wp-json\/wp\/v2\/types\/product"}],"replies":[{"embeddable":true,"href":"https:\/\/legrenierdelatour.be\/brocante\/wp-json\/wp\/v2\/comments?post=11585"}],"wp:featuredmedia":[{"embeddable":true,"href":"https:\/\/legrenierdelatour.be\/brocante\/wp-json\/wp\/v2\/media\/11582"}],"wp:attachment":[{"href":"https:\/\/legrenierdelatour.be\/brocante\/wp-json\/wp\/v2\/media?parent=11585"}],"wp:term":[{"taxonomy":"product_brand","embeddable":true,"href":"https:\/\/legrenierdelatour.be\/brocante\/wp-json\/wp\/v2\/product_brand?post=11585"},{"taxonomy":"product_cat","embeddable":true,"href":"https:\/\/legrenierdelatour.be\/brocante\/wp-json\/wp\/v2\/product_cat?post=11585"},{"taxonomy":"product_tag","embeddable":true,"href":"https:\/\/legrenierdelatour.be\/brocante\/wp-json\/wp\/v2\/product_tag?post=11585"}],"curies":[{"name":"wp","href":"https:\/\/api.w.org\/{rel}","templated":true}]}}