{"id":11577,"date":"2025-09-14T13:51:15","date_gmt":"2025-09-14T11:51:15","guid":{"rendered":"https:\/\/legrenierdelatour.be\/brocante\/?post_type=product&#038;p=11577"},"modified":"2025-09-14T13:58:16","modified_gmt":"2025-09-14T11:58:16","slug":"vase-aux-biches-bleues-charleau-catteau-vers-1925","status":"publish","type":"product","link":"https:\/\/legrenierdelatour.be\/brocante\/produit\/vase-aux-biches-bleues-charleau-catteau-vers-1925\/","title":{"rendered":"Vase aux Daims bleus, Charleau Catteau vers 1925"},"content":{"rendered":"<div>Beau vase en fa\u00efence (32 cm de haut) par Charles Catteau vers 1925 pour Boch La Louvi\u00e8re (il a travaill\u00e9 pour l&rsquo;Atelier de Fantaisie de 1906 \u00e0 1946). Il porte le num\u00e9ro de forme en creux 909, Ce vase est d\u00e9cor\u00e9 de \u00ab Daims bleus \u00bb un d\u00e9cor tournant d biches et cerfs \u00e9maill\u00e9 bleu, noir et vert, sur fond cr\u00e8me craquel\u00e9 cr\u00e9\u00e9 par Charles Catteau (1880-1966). Ce d\u00e9cor (D943) \u00e9tait expos\u00e9 \u00e0 l\u2019Exposition Internationale des Arts D\u00e9coratifs et Industriels de Paris en 1925. Le vase n\u2019est pas cachet\u00e9 ni sign\u00e9, mais est en parfait \u00e9tat.<\/div>\n<div>R\u00e9f 46.34<\/div>\n","protected":false},"excerpt":{"rendered":"<p>Beau vase en fa\u00efence (32 cm de haut) par Charles Catteau vers 1925 pour Boch La Louvi\u00e8re (il a travaill\u00e9 pour l&rsquo;Atelier de Fantaisie de 1906 \u00e0 1946). Il porte le num\u00e9ro de forme en creux 909, Ce vase est d\u00e9cor\u00e9 de \u00ab Daims bleus \u00bb un d\u00e9cor tournant d biches et cerfs \u00e9maill\u00e9 bleu,&hellip;&nbsp;<a href=\"https:\/\/legrenierdelatour.be\/brocante\/produit\/vase-aux-biches-bleues-charleau-catteau-vers-1925\/\" class=\"\" rel=\"bookmark\">Lire la suite &raquo;<span class=\"screen-reader-text\">Vase aux Daims bleus, Charleau Catteau vers 1925<\/span><\/a><\/p>\n","protected":false},"featured_media":11550,"comment_status":"open","ping_status":"closed","template":"","meta":{"neve_meta_sidebar":"","neve_meta_container":"","neve_meta_enable_content_width":"off","neve_meta_content_width":100,"neve_meta_title_alignment":"","neve_meta_author_avatar":"","neve_post_elements_order":"","neve_meta_disable_header":"","neve_meta_disable_footer":"","neve_meta_disable_title":""},"product_brand":[],"product_cat":[37,175,16],"product_tag":[],"class_list":{"0":"post-11577","1":"product","2":"type-product","3":"status-publish","4":"has-post-thumbnail","6":"product_cat-belgique","7":"product_cat-boch","8":"product_cat-ceramique","10":"first","11":"instock","12":"shipping-taxable","13":"purchasable","14":"product-type-simple"},"_links":{"self":[{"href":"https:\/\/legrenierdelatour.be\/brocante\/wp-json\/wp\/v2\/product\/11577","targetHints":{"allow":["GET"]}}],"collection":[{"href":"https:\/\/legrenierdelatour.be\/brocante\/wp-json\/wp\/v2\/product"}],"about":[{"href":"https:\/\/legrenierdelatour.be\/brocante\/wp-json\/wp\/v2\/types\/product"}],"replies":[{"embeddable":true,"href":"https:\/\/legrenierdelatour.be\/brocante\/wp-json\/wp\/v2\/comments?post=11577"}],"wp:featuredmedia":[{"embeddable":true,"href":"https:\/\/legrenierdelatour.be\/brocante\/wp-json\/wp\/v2\/media\/11550"}],"wp:attachment":[{"href":"https:\/\/legrenierdelatour.be\/brocante\/wp-json\/wp\/v2\/media?parent=11577"}],"wp:term":[{"taxonomy":"product_brand","embeddable":true,"href":"https:\/\/legrenierdelatour.be\/brocante\/wp-json\/wp\/v2\/product_brand?post=11577"},{"taxonomy":"product_cat","embeddable":true,"href":"https:\/\/legrenierdelatour.be\/brocante\/wp-json\/wp\/v2\/product_cat?post=11577"},{"taxonomy":"product_tag","embeddable":true,"href":"https:\/\/legrenierdelatour.be\/brocante\/wp-json\/wp\/v2\/product_tag?post=11577"}],"curies":[{"name":"wp","href":"https:\/\/api.w.org\/{rel}","templated":true}]}}