{"id":11576,"date":"2025-09-14T12:29:57","date_gmt":"2025-09-14T10:29:57","guid":{"rendered":"https:\/\/legrenierdelatour.be\/brocante\/?post_type=product&#038;p=11576"},"modified":"2025-10-01T15:09:09","modified_gmt":"2025-10-01T13:09:09","slug":"assiette-en-faience-fine-arlon-boch-luxembourg-19e-siecle","status":"publish","type":"product","link":"https:\/\/legrenierdelatour.be\/brocante\/produit\/assiette-en-faience-fine-arlon-boch-luxembourg-19e-siecle\/","title":{"rendered":"Assiette en fa\u00efence fine, Arlon, Boch Luxembourg 19\u00e8 si\u00e8cle"},"content":{"rendered":"<p>Assiette en fa\u00efence fine (24 cm de diam\u00e8tre) portant un d\u00e9cor imprim\u00e9 d&rsquo;Arlon. Les dessins imprim\u00e9s noirs apparaissent chez Boch Luxembourg, apr\u00e8s 1823. Les d\u00e9cors chinois sont, au 19\u00e8 si\u00e8cle, une r\u00e9miniscence du go\u00fbt orientalisant du 18\u00e8 si\u00e8cle. Toutes les manufactures europ\u00e9ennes de fa\u00efence les ont utilis\u00e9s. Cette assiette ne porte pas de marque si ce n\u2019est en impression XXV, sans doute le num\u00e9ro de stte gravure. Elle date probablement de la moiti\u00e9 du 19\u00e8 si\u00e8cle.<\/p>\n<div>R\u00e9f 46.33<\/div>\n","protected":false},"excerpt":{"rendered":"<p>Assiette en fa\u00efence fine (24 cm de diam\u00e8tre) portant un d\u00e9cor imprim\u00e9 d&rsquo;Arlon. Les dessins imprim\u00e9s noirs apparaissent chez Boch Luxembourg, apr\u00e8s 1823. Les d\u00e9cors chinois sont, au 19\u00e8 si\u00e8cle, une r\u00e9miniscence du go\u00fbt orientalisant du 18\u00e8 si\u00e8cle. Toutes les manufactures europ\u00e9ennes de fa\u00efence les ont utilis\u00e9s. Cette assiette ne porte pas de marque si&hellip;&nbsp;<a href=\"https:\/\/legrenierdelatour.be\/brocante\/produit\/assiette-en-faience-fine-arlon-boch-luxembourg-19e-siecle\/\" class=\"\" rel=\"bookmark\">Lire la suite &raquo;<span class=\"screen-reader-text\">Assiette en fa\u00efence fine, Arlon, Boch Luxembourg 19\u00e8 si\u00e8cle<\/span><\/a><\/p>\n","protected":false},"featured_media":11569,"comment_status":"open","ping_status":"closed","template":"","meta":{"neve_meta_sidebar":"","neve_meta_container":"","neve_meta_enable_content_width":"off","neve_meta_content_width":100,"neve_meta_title_alignment":"","neve_meta_author_avatar":"","neve_post_elements_order":"","neve_meta_disable_header":"","neve_meta_disable_footer":"","neve_meta_disable_title":""},"product_brand":[],"product_cat":[16,31,29],"product_tag":[],"class_list":{"0":"post-11576","1":"product","2":"type-product","3":"status-publish","4":"has-post-thumbnail","6":"product_cat-ceramique","7":"product_cat-pays-darlon","8":"product_cat-villeroy-boch","10":"first","11":"instock","12":"shipping-taxable","13":"purchasable","14":"product-type-simple"},"_links":{"self":[{"href":"https:\/\/legrenierdelatour.be\/brocante\/wp-json\/wp\/v2\/product\/11576","targetHints":{"allow":["GET"]}}],"collection":[{"href":"https:\/\/legrenierdelatour.be\/brocante\/wp-json\/wp\/v2\/product"}],"about":[{"href":"https:\/\/legrenierdelatour.be\/brocante\/wp-json\/wp\/v2\/types\/product"}],"replies":[{"embeddable":true,"href":"https:\/\/legrenierdelatour.be\/brocante\/wp-json\/wp\/v2\/comments?post=11576"}],"wp:featuredmedia":[{"embeddable":true,"href":"https:\/\/legrenierdelatour.be\/brocante\/wp-json\/wp\/v2\/media\/11569"}],"wp:attachment":[{"href":"https:\/\/legrenierdelatour.be\/brocante\/wp-json\/wp\/v2\/media?parent=11576"}],"wp:term":[{"taxonomy":"product_brand","embeddable":true,"href":"https:\/\/legrenierdelatour.be\/brocante\/wp-json\/wp\/v2\/product_brand?post=11576"},{"taxonomy":"product_cat","embeddable":true,"href":"https:\/\/legrenierdelatour.be\/brocante\/wp-json\/wp\/v2\/product_cat?post=11576"},{"taxonomy":"product_tag","embeddable":true,"href":"https:\/\/legrenierdelatour.be\/brocante\/wp-json\/wp\/v2\/product_tag?post=11576"}],"curies":[{"name":"wp","href":"https:\/\/api.w.org\/{rel}","templated":true}]}}