{"id":11575,"date":"2025-09-14T12:20:39","date_gmt":"2025-09-14T10:20:39","guid":{"rendered":"https:\/\/legrenierdelatour.be\/brocante\/?post_type=product&#038;p=11575"},"modified":"2025-09-14T12:21:54","modified_gmt":"2025-09-14T10:21:54","slug":"assiette-usuelle-en-faience-boch-luxembourg-19e-siecle","status":"publish","type":"product","link":"https:\/\/legrenierdelatour.be\/brocante\/produit\/assiette-usuelle-en-faience-boch-luxembourg-19e-siecle\/","title":{"rendered":"Assiette usuelle en fa\u00efence, Boch Luxembourg, 19\u00e8 si\u00e8cle"},"content":{"rendered":"<p>Assiette en fa\u00efence fine (20 cm de diam\u00e8tre) portant la marque en creux rond \u00abBoch \u00e0 Luxembourg\u00bb, datant du 19\u00e8 si\u00e8cle. Il s\u2019agit ici d\u2019une assiette de type usuel, en fa\u00efence plus \u00e9paisse.<\/p>\n<div>R\u00e9f 46.32<\/div>\n","protected":false},"excerpt":{"rendered":"<p>Assiette en fa\u00efence fine (20 cm de diam\u00e8tre) portant la marque en creux rond \u00abBoch \u00e0 Luxembourg\u00bb, datant du 19\u00e8 si\u00e8cle. Il s\u2019agit ici d\u2019une assiette de type usuel, en fa\u00efence plus \u00e9paisse. R\u00e9f 46.32<\/p>\n","protected":false},"featured_media":11562,"comment_status":"open","ping_status":"closed","template":"","meta":{"neve_meta_sidebar":"","neve_meta_container":"","neve_meta_enable_content_width":"off","neve_meta_content_width":100,"neve_meta_title_alignment":"","neve_meta_author_avatar":"","neve_post_elements_order":"","neve_meta_disable_header":"","neve_meta_disable_footer":"","neve_meta_disable_title":""},"product_brand":[],"product_cat":[16,165,29],"product_tag":[],"class_list":{"0":"post-11575","1":"product","2":"type-product","3":"status-publish","4":"has-post-thumbnail","6":"product_cat-ceramique","7":"product_cat-luxembourg","8":"product_cat-villeroy-boch","10":"first","11":"instock","12":"shipping-taxable","13":"purchasable","14":"product-type-simple"},"_links":{"self":[{"href":"https:\/\/legrenierdelatour.be\/brocante\/wp-json\/wp\/v2\/product\/11575","targetHints":{"allow":["GET"]}}],"collection":[{"href":"https:\/\/legrenierdelatour.be\/brocante\/wp-json\/wp\/v2\/product"}],"about":[{"href":"https:\/\/legrenierdelatour.be\/brocante\/wp-json\/wp\/v2\/types\/product"}],"replies":[{"embeddable":true,"href":"https:\/\/legrenierdelatour.be\/brocante\/wp-json\/wp\/v2\/comments?post=11575"}],"wp:featuredmedia":[{"embeddable":true,"href":"https:\/\/legrenierdelatour.be\/brocante\/wp-json\/wp\/v2\/media\/11562"}],"wp:attachment":[{"href":"https:\/\/legrenierdelatour.be\/brocante\/wp-json\/wp\/v2\/media?parent=11575"}],"wp:term":[{"taxonomy":"product_brand","embeddable":true,"href":"https:\/\/legrenierdelatour.be\/brocante\/wp-json\/wp\/v2\/product_brand?post=11575"},{"taxonomy":"product_cat","embeddable":true,"href":"https:\/\/legrenierdelatour.be\/brocante\/wp-json\/wp\/v2\/product_cat?post=11575"},{"taxonomy":"product_tag","embeddable":true,"href":"https:\/\/legrenierdelatour.be\/brocante\/wp-json\/wp\/v2\/product_tag?post=11575"}],"curies":[{"name":"wp","href":"https:\/\/api.w.org\/{rel}","templated":true}]}}