{"id":11573,"date":"2025-09-14T12:13:16","date_gmt":"2025-09-14T10:13:16","guid":{"rendered":"https:\/\/legrenierdelatour.be\/brocante\/?post_type=product&#038;p=11573"},"modified":"2025-09-14T12:13:16","modified_gmt":"2025-09-14T10:13:16","slug":"terrine-en-faience-fine-blanche-boch-luxembourg-19esiecle","status":"publish","type":"product","link":"https:\/\/legrenierdelatour.be\/brocante\/produit\/terrine-en-faience-fine-blanche-boch-luxembourg-19esiecle\/","title":{"rendered":"Terrine en fa\u00efence fine blanche, Boch Luxembourg 19\u00e8si\u00e8cle"},"content":{"rendered":"<p>Terrine en fa\u00efence fine (35&#215;20 cm) portant la marque en creux rond\u00abBoch \u00e0 Luxembourg\/2 \u00a0\u00bb, datant des ann\u00e9es 1813-1825. Elle est en tr\u00e8s bel \u00e9tat.<\/p>\n<div>R\u00e9f 46.31<\/div>\n","protected":false},"excerpt":{"rendered":"<p>Terrine en fa\u00efence fine (35&#215;20 cm) portant la marque en creux rond\u00abBoch \u00e0 Luxembourg\/2 \u00a0\u00bb, datant des ann\u00e9es 1813-1825. Elle est en tr\u00e8s bel \u00e9tat. R\u00e9f 46.31<\/p>\n","protected":false},"featured_media":11565,"comment_status":"open","ping_status":"closed","template":"","meta":{"neve_meta_sidebar":"","neve_meta_container":"","neve_meta_enable_content_width":"off","neve_meta_content_width":100,"neve_meta_title_alignment":"","neve_meta_author_avatar":"","neve_post_elements_order":"","neve_meta_disable_header":"","neve_meta_disable_footer":"","neve_meta_disable_title":""},"product_brand":[],"product_cat":[16,165,29],"product_tag":[],"class_list":{"0":"post-11573","1":"product","2":"type-product","3":"status-publish","4":"has-post-thumbnail","6":"product_cat-ceramique","7":"product_cat-luxembourg","8":"product_cat-villeroy-boch","10":"first","11":"instock","12":"shipping-taxable","13":"purchasable","14":"product-type-simple"},"_links":{"self":[{"href":"https:\/\/legrenierdelatour.be\/brocante\/wp-json\/wp\/v2\/product\/11573","targetHints":{"allow":["GET"]}}],"collection":[{"href":"https:\/\/legrenierdelatour.be\/brocante\/wp-json\/wp\/v2\/product"}],"about":[{"href":"https:\/\/legrenierdelatour.be\/brocante\/wp-json\/wp\/v2\/types\/product"}],"replies":[{"embeddable":true,"href":"https:\/\/legrenierdelatour.be\/brocante\/wp-json\/wp\/v2\/comments?post=11573"}],"wp:featuredmedia":[{"embeddable":true,"href":"https:\/\/legrenierdelatour.be\/brocante\/wp-json\/wp\/v2\/media\/11565"}],"wp:attachment":[{"href":"https:\/\/legrenierdelatour.be\/brocante\/wp-json\/wp\/v2\/media?parent=11573"}],"wp:term":[{"taxonomy":"product_brand","embeddable":true,"href":"https:\/\/legrenierdelatour.be\/brocante\/wp-json\/wp\/v2\/product_brand?post=11573"},{"taxonomy":"product_cat","embeddable":true,"href":"https:\/\/legrenierdelatour.be\/brocante\/wp-json\/wp\/v2\/product_cat?post=11573"},{"taxonomy":"product_tag","embeddable":true,"href":"https:\/\/legrenierdelatour.be\/brocante\/wp-json\/wp\/v2\/product_tag?post=11573"}],"curies":[{"name":"wp","href":"https:\/\/api.w.org\/{rel}","templated":true}]}}