{"id":11572,"date":"2025-09-14T12:09:16","date_gmt":"2025-09-14T10:09:16","guid":{"rendered":"https:\/\/legrenierdelatour.be\/brocante\/?post_type=product&#038;p=11572"},"modified":"2025-09-14T12:09:17","modified_gmt":"2025-09-14T10:09:17","slug":"assiette-en-faience-fine-luxembourg-boch-luxembourg-19e-siecle","status":"publish","type":"product","link":"https:\/\/legrenierdelatour.be\/brocante\/produit\/assiette-en-faience-fine-luxembourg-boch-luxembourg-19e-siecle\/","title":{"rendered":"Assiette en fa\u00efence fine, Luxembourg, Boch Luxembourg 19\u00e8 si\u00e8cle"},"content":{"rendered":"<p>Assiette en fa\u00efence fine (23,5 cm de diam\u00e8tre) portant la marque en creux \u00ab\u00a0Porcelaine\/Opaque\/1.\/ JP Boch &amp; co\/ Luxembourg\u00a0\u00bb, datant des ann\u00e9es 1838-1844. Elle porte un d\u00e9cor imprim\u00e9 de la ville de Luxembourg. Les dessins imprim\u00e9s noirs apparaissent chez Boch Luxembourg, apr\u00e8s 1823. Les d\u00e9cors chinois sont, au 19\u00e8 si\u00e8cle, une r\u00e9miniscence du go\u00fbt orientalisant du 18\u00e8 si\u00e8cle. Toutes les manufactures europ\u00e9ennes de fa\u00efence les ont utilis\u00e9s.<\/p>\n<div>R\u00e9f 46.30<\/div>\n","protected":false},"excerpt":{"rendered":"<p>Assiette en fa\u00efence fine (23,5 cm de diam\u00e8tre) portant la marque en creux \u00ab\u00a0Porcelaine\/Opaque\/1.\/ JP Boch &amp; co\/ Luxembourg\u00a0\u00bb, datant des ann\u00e9es 1838-1844. Elle porte un d\u00e9cor imprim\u00e9 de la ville de Luxembourg. Les dessins imprim\u00e9s noirs apparaissent chez Boch Luxembourg, apr\u00e8s 1823. Les d\u00e9cors chinois sont, au 19\u00e8 si\u00e8cle, une r\u00e9miniscence du go\u00fbt orientalisant&hellip;&nbsp;<a href=\"https:\/\/legrenierdelatour.be\/brocante\/produit\/assiette-en-faience-fine-luxembourg-boch-luxembourg-19e-siecle\/\" class=\"\" rel=\"bookmark\">Lire la suite &raquo;<span class=\"screen-reader-text\">Assiette en fa\u00efence fine, Luxembourg, Boch Luxembourg 19\u00e8 si\u00e8cle<\/span><\/a><\/p>\n","protected":false},"featured_media":11556,"comment_status":"open","ping_status":"closed","template":"","meta":{"neve_meta_sidebar":"","neve_meta_container":"","neve_meta_enable_content_width":"off","neve_meta_content_width":100,"neve_meta_title_alignment":"","neve_meta_author_avatar":"","neve_post_elements_order":"","neve_meta_disable_header":"","neve_meta_disable_footer":"","neve_meta_disable_title":""},"product_brand":[],"product_cat":[16,165,29],"product_tag":[],"class_list":{"0":"post-11572","1":"product","2":"type-product","3":"status-publish","4":"has-post-thumbnail","6":"product_cat-ceramique","7":"product_cat-luxembourg","8":"product_cat-villeroy-boch","10":"first","11":"instock","12":"shipping-taxable","13":"purchasable","14":"product-type-simple"},"_links":{"self":[{"href":"https:\/\/legrenierdelatour.be\/brocante\/wp-json\/wp\/v2\/product\/11572","targetHints":{"allow":["GET"]}}],"collection":[{"href":"https:\/\/legrenierdelatour.be\/brocante\/wp-json\/wp\/v2\/product"}],"about":[{"href":"https:\/\/legrenierdelatour.be\/brocante\/wp-json\/wp\/v2\/types\/product"}],"replies":[{"embeddable":true,"href":"https:\/\/legrenierdelatour.be\/brocante\/wp-json\/wp\/v2\/comments?post=11572"}],"wp:featuredmedia":[{"embeddable":true,"href":"https:\/\/legrenierdelatour.be\/brocante\/wp-json\/wp\/v2\/media\/11556"}],"wp:attachment":[{"href":"https:\/\/legrenierdelatour.be\/brocante\/wp-json\/wp\/v2\/media?parent=11572"}],"wp:term":[{"taxonomy":"product_brand","embeddable":true,"href":"https:\/\/legrenierdelatour.be\/brocante\/wp-json\/wp\/v2\/product_brand?post=11572"},{"taxonomy":"product_cat","embeddable":true,"href":"https:\/\/legrenierdelatour.be\/brocante\/wp-json\/wp\/v2\/product_cat?post=11572"},{"taxonomy":"product_tag","embeddable":true,"href":"https:\/\/legrenierdelatour.be\/brocante\/wp-json\/wp\/v2\/product_tag?post=11572"}],"curies":[{"name":"wp","href":"https:\/\/api.w.org\/{rel}","templated":true}]}}