{"id":11549,"date":"2025-09-14T12:06:03","date_gmt":"2025-09-14T10:06:03","guid":{"rendered":"https:\/\/legrenierdelatour.be\/brocante\/?post_type=product&#038;p=11549"},"modified":"2025-09-14T12:06:03","modified_gmt":"2025-09-14T10:06:03","slug":"plat-rond-en-faience-fine-chinois-boch-luxembourg-19e-siecle","status":"publish","type":"product","link":"https:\/\/legrenierdelatour.be\/brocante\/produit\/plat-rond-en-faience-fine-chinois-boch-luxembourg-19e-siecle\/","title":{"rendered":"Plat rond en fa\u00efence fine, Chinois, Boch Luxembourg 19\u00e8 si\u00e8cle"},"content":{"rendered":"<p>Grande assiette en fa\u00efence fine (29 cm de diam\u00e8tre) portant la marque en creux \u00ab\u00a0Porcelaine\/Opaque\/1.\/ JP Boch &amp; co\/ Luxembourg\u00a0\u00bb, datant des ann\u00e9es 1838-1844. Elle porte un d\u00e9cor imprim\u00e9 d\u2019une sc\u00e8ne d\u2019enfants chinois jouant \u00e0 l\u2019arc \u00e0 fl\u00e8ches. Les dessins imprim\u00e9s noirs apparaissent chez Boch Luxembourg, apr\u00e8s 1823. Les d\u00e9cors chinois sont, au 19\u00e8 si\u00e8cle, une r\u00e9miniscence du go\u00fbt orientalisant du 18\u00e8 si\u00e8cle. Toutes les manufactures europ\u00e9ennes de fa\u00efence les ont utilis\u00e9s.<\/p>\n<div>R\u00e9f 46.29<\/div>\n","protected":false},"excerpt":{"rendered":"<p>Grande assiette en fa\u00efence fine (29 cm de diam\u00e8tre) portant la marque en creux \u00ab\u00a0Porcelaine\/Opaque\/1.\/ JP Boch &amp; co\/ Luxembourg\u00a0\u00bb, datant des ann\u00e9es 1838-1844. Elle porte un d\u00e9cor imprim\u00e9 d\u2019une sc\u00e8ne d\u2019enfants chinois jouant \u00e0 l\u2019arc \u00e0 fl\u00e8ches. Les dessins imprim\u00e9s noirs apparaissent chez Boch Luxembourg, apr\u00e8s 1823. Les d\u00e9cors chinois sont, au 19\u00e8 si\u00e8cle,&hellip;&nbsp;<a href=\"https:\/\/legrenierdelatour.be\/brocante\/produit\/plat-rond-en-faience-fine-chinois-boch-luxembourg-19e-siecle\/\" class=\"\" rel=\"bookmark\">Lire la suite &raquo;<span class=\"screen-reader-text\">Plat rond en fa\u00efence fine, Chinois, Boch Luxembourg 19\u00e8 si\u00e8cle<\/span><\/a><\/p>\n","protected":false},"featured_media":11559,"comment_status":"open","ping_status":"closed","template":"","meta":{"neve_meta_sidebar":"","neve_meta_container":"","neve_meta_enable_content_width":"off","neve_meta_content_width":100,"neve_meta_title_alignment":"","neve_meta_author_avatar":"","neve_post_elements_order":"","neve_meta_disable_header":"","neve_meta_disable_footer":"","neve_meta_disable_title":""},"product_brand":[],"product_cat":[16,165,29],"product_tag":[],"class_list":{"0":"post-11549","1":"product","2":"type-product","3":"status-publish","4":"has-post-thumbnail","6":"product_cat-ceramique","7":"product_cat-luxembourg","8":"product_cat-villeroy-boch","10":"first","11":"instock","12":"shipping-taxable","13":"purchasable","14":"product-type-simple"},"_links":{"self":[{"href":"https:\/\/legrenierdelatour.be\/brocante\/wp-json\/wp\/v2\/product\/11549","targetHints":{"allow":["GET"]}}],"collection":[{"href":"https:\/\/legrenierdelatour.be\/brocante\/wp-json\/wp\/v2\/product"}],"about":[{"href":"https:\/\/legrenierdelatour.be\/brocante\/wp-json\/wp\/v2\/types\/product"}],"replies":[{"embeddable":true,"href":"https:\/\/legrenierdelatour.be\/brocante\/wp-json\/wp\/v2\/comments?post=11549"}],"wp:featuredmedia":[{"embeddable":true,"href":"https:\/\/legrenierdelatour.be\/brocante\/wp-json\/wp\/v2\/media\/11559"}],"wp:attachment":[{"href":"https:\/\/legrenierdelatour.be\/brocante\/wp-json\/wp\/v2\/media?parent=11549"}],"wp:term":[{"taxonomy":"product_brand","embeddable":true,"href":"https:\/\/legrenierdelatour.be\/brocante\/wp-json\/wp\/v2\/product_brand?post=11549"},{"taxonomy":"product_cat","embeddable":true,"href":"https:\/\/legrenierdelatour.be\/brocante\/wp-json\/wp\/v2\/product_cat?post=11549"},{"taxonomy":"product_tag","embeddable":true,"href":"https:\/\/legrenierdelatour.be\/brocante\/wp-json\/wp\/v2\/product_tag?post=11549"}],"curies":[{"name":"wp","href":"https:\/\/api.w.org\/{rel}","templated":true}]}}