{"id":11545,"date":"2025-09-14T11:54:49","date_gmt":"2025-09-14T09:54:49","guid":{"rendered":"https:\/\/legrenierdelatour.be\/brocante\/?post_type=product&#038;p=11545"},"modified":"2025-09-14T12:01:59","modified_gmt":"2025-09-14T10:01:59","slug":"plat-rectangulaire-en-faience-fine-boch-luxembourg-19e-siecle","status":"publish","type":"product","link":"https:\/\/legrenierdelatour.be\/brocante\/produit\/plat-rectangulaire-en-faience-fine-boch-luxembourg-19e-siecle\/","title":{"rendered":"Plat rectangulaire en fa\u00efence fine, Boch Luxembourg 19\u00e8 si\u00e8cle"},"content":{"rendered":"<p>Grand plateau en fa\u00efence fine (39 x28 cm) portant la marque en creux \u00ab Porcelaine\/Opaque\/ PJ Boch\/ Luxembourg \u00bb, datant des ann\u00e9es 1830-1855. De couleur blanche, il servait certainement de sous-plat \u00e0 une terrine.<\/p>\n<div>R\u00e9f 46.28<\/div>\n","protected":false},"excerpt":{"rendered":"<p>Grand plateau en fa\u00efence fine (39 x28 cm) portant la marque en creux \u00ab Porcelaine\/Opaque\/ PJ Boch\/ Luxembourg \u00bb, datant des ann\u00e9es 1830-1855. De couleur blanche, il servait certainement de sous-plat \u00e0 une terrine. R\u00e9f 46.28<\/p>\n","protected":false},"featured_media":11546,"comment_status":"open","ping_status":"closed","template":"","meta":{"neve_meta_sidebar":"","neve_meta_container":"","neve_meta_enable_content_width":"off","neve_meta_content_width":100,"neve_meta_title_alignment":"","neve_meta_author_avatar":"","neve_post_elements_order":"","neve_meta_disable_header":"","neve_meta_disable_footer":"","neve_meta_disable_title":""},"product_brand":[],"product_cat":[16,165,29],"product_tag":[],"class_list":{"0":"post-11545","1":"product","2":"type-product","3":"status-publish","4":"has-post-thumbnail","6":"product_cat-ceramique","7":"product_cat-luxembourg","8":"product_cat-villeroy-boch","10":"first","11":"instock","12":"shipping-taxable","13":"purchasable","14":"product-type-simple"},"_links":{"self":[{"href":"https:\/\/legrenierdelatour.be\/brocante\/wp-json\/wp\/v2\/product\/11545","targetHints":{"allow":["GET"]}}],"collection":[{"href":"https:\/\/legrenierdelatour.be\/brocante\/wp-json\/wp\/v2\/product"}],"about":[{"href":"https:\/\/legrenierdelatour.be\/brocante\/wp-json\/wp\/v2\/types\/product"}],"replies":[{"embeddable":true,"href":"https:\/\/legrenierdelatour.be\/brocante\/wp-json\/wp\/v2\/comments?post=11545"}],"wp:featuredmedia":[{"embeddable":true,"href":"https:\/\/legrenierdelatour.be\/brocante\/wp-json\/wp\/v2\/media\/11546"}],"wp:attachment":[{"href":"https:\/\/legrenierdelatour.be\/brocante\/wp-json\/wp\/v2\/media?parent=11545"}],"wp:term":[{"taxonomy":"product_brand","embeddable":true,"href":"https:\/\/legrenierdelatour.be\/brocante\/wp-json\/wp\/v2\/product_brand?post=11545"},{"taxonomy":"product_cat","embeddable":true,"href":"https:\/\/legrenierdelatour.be\/brocante\/wp-json\/wp\/v2\/product_cat?post=11545"},{"taxonomy":"product_tag","embeddable":true,"href":"https:\/\/legrenierdelatour.be\/brocante\/wp-json\/wp\/v2\/product_tag?post=11545"}],"curies":[{"name":"wp","href":"https:\/\/api.w.org\/{rel}","templated":true}]}}