{"id":11544,"date":"2025-09-13T12:10:45","date_gmt":"2025-09-13T10:10:45","guid":{"rendered":"https:\/\/legrenierdelatour.be\/brocante\/?post_type=product&#038;p=11544"},"modified":"2025-09-13T12:10:45","modified_gmt":"2025-09-13T10:10:45","slug":"petit-bol-en-faience-fine-19eme-siecle","status":"publish","type":"product","link":"https:\/\/legrenierdelatour.be\/brocante\/produit\/petit-bol-en-faience-fine-19eme-siecle\/","title":{"rendered":"Petit bol en fa\u00efence fine, 19\u00e8me si\u00e8cle"},"content":{"rendered":"<p>Petit bol en fa\u00efence fine (7 cm de diam\u00e8tre) ,\u00a0portant des repr\u00e9sentations bucoliques\u00a0.\u00a0Il n&rsquo;est pas marqu\u00e9. Il date de la seuxi\u00e8me moiti\u00e9 du 19\u00e8 si\u00e8cle; La manufacture n\u2019est pas identifi\u00e9e.<\/p>\n<div>\n<div>R\u00e9f 46.27<\/div>\n<\/div>\n","protected":false},"excerpt":{"rendered":"<p>Petit bol en fa\u00efence fine (7 cm de diam\u00e8tre) ,\u00a0portant des repr\u00e9sentations bucoliques\u00a0.\u00a0Il n&rsquo;est pas marqu\u00e9. Il date de la seuxi\u00e8me moiti\u00e9 du 19\u00e8 si\u00e8cle; La manufacture n\u2019est pas identifi\u00e9e. R\u00e9f 46.27<\/p>\n","protected":false},"featured_media":11513,"comment_status":"open","ping_status":"closed","template":"","meta":{"neve_meta_sidebar":"","neve_meta_container":"","neve_meta_enable_content_width":"off","neve_meta_content_width":100,"neve_meta_title_alignment":"","neve_meta_author_avatar":"","neve_post_elements_order":"","neve_meta_disable_header":"","neve_meta_disable_footer":"","neve_meta_disable_title":""},"product_brand":[],"product_cat":[16],"product_tag":[],"class_list":{"0":"post-11544","1":"product","2":"type-product","3":"status-publish","4":"has-post-thumbnail","6":"product_cat-ceramique","8":"first","9":"instock","10":"shipping-taxable","11":"purchasable","12":"product-type-simple"},"_links":{"self":[{"href":"https:\/\/legrenierdelatour.be\/brocante\/wp-json\/wp\/v2\/product\/11544","targetHints":{"allow":["GET"]}}],"collection":[{"href":"https:\/\/legrenierdelatour.be\/brocante\/wp-json\/wp\/v2\/product"}],"about":[{"href":"https:\/\/legrenierdelatour.be\/brocante\/wp-json\/wp\/v2\/types\/product"}],"replies":[{"embeddable":true,"href":"https:\/\/legrenierdelatour.be\/brocante\/wp-json\/wp\/v2\/comments?post=11544"}],"wp:featuredmedia":[{"embeddable":true,"href":"https:\/\/legrenierdelatour.be\/brocante\/wp-json\/wp\/v2\/media\/11513"}],"wp:attachment":[{"href":"https:\/\/legrenierdelatour.be\/brocante\/wp-json\/wp\/v2\/media?parent=11544"}],"wp:term":[{"taxonomy":"product_brand","embeddable":true,"href":"https:\/\/legrenierdelatour.be\/brocante\/wp-json\/wp\/v2\/product_brand?post=11544"},{"taxonomy":"product_cat","embeddable":true,"href":"https:\/\/legrenierdelatour.be\/brocante\/wp-json\/wp\/v2\/product_cat?post=11544"},{"taxonomy":"product_tag","embeddable":true,"href":"https:\/\/legrenierdelatour.be\/brocante\/wp-json\/wp\/v2\/product_tag?post=11544"}],"curies":[{"name":"wp","href":"https:\/\/api.w.org\/{rel}","templated":true}]}}