{"id":11541,"date":"2025-09-13T11:42:20","date_gmt":"2025-09-13T09:42:20","guid":{"rendered":"https:\/\/legrenierdelatour.be\/brocante\/?post_type=product&#038;p=11541"},"modified":"2025-09-13T11:42:20","modified_gmt":"2025-09-13T09:42:20","slug":"petit-bol-en-faience-fine-boch-19-e-siecle","status":"publish","type":"product","link":"https:\/\/legrenierdelatour.be\/brocante\/produit\/petit-bol-en-faience-fine-boch-19-e-siecle\/","title":{"rendered":"Petit bol en fa\u00efence fine, Boch 19 \u00e8 si\u00e8cle"},"content":{"rendered":"<p>Petit bol en fa\u00efence fine (7 cm de diam\u00e8tre) , portant des repr\u00e9sentations d&rsquo;orphelins.\u00a0Il n&rsquo;est pasmarqu\u00e9 Le sucrier date sans doute de la deuxi\u00e8me moiti\u00e9 du 19\u00e8 si\u00e8cle et\u00a0est issu de la manufacture de Boch Fr\u00e8res K\u00e9ramis (1841-auj).<\/p>\n<div>R\u00e9f 46.24<\/div>\n","protected":false},"excerpt":{"rendered":"<p>Petit bol en fa\u00efence fine (7 cm de diam\u00e8tre) , portant des repr\u00e9sentations d&rsquo;orphelins.\u00a0Il n&rsquo;est pasmarqu\u00e9 Le sucrier date sans doute de la deuxi\u00e8me moiti\u00e9 du 19\u00e8 si\u00e8cle et\u00a0est issu de la manufacture de Boch Fr\u00e8res K\u00e9ramis (1841-auj). R\u00e9f 46.24<\/p>\n","protected":false},"featured_media":11498,"comment_status":"open","ping_status":"closed","template":"","meta":{"neve_meta_sidebar":"","neve_meta_container":"","neve_meta_enable_content_width":"off","neve_meta_content_width":100,"neve_meta_title_alignment":"","neve_meta_author_avatar":"","neve_post_elements_order":"","neve_meta_disable_header":"","neve_meta_disable_footer":"","neve_meta_disable_title":""},"product_brand":[],"product_cat":[37,175,16],"product_tag":[],"class_list":{"0":"post-11541","1":"product","2":"type-product","3":"status-publish","4":"has-post-thumbnail","6":"product_cat-belgique","7":"product_cat-boch","8":"product_cat-ceramique","10":"first","11":"instock","12":"shipping-taxable","13":"purchasable","14":"product-type-simple"},"_links":{"self":[{"href":"https:\/\/legrenierdelatour.be\/brocante\/wp-json\/wp\/v2\/product\/11541","targetHints":{"allow":["GET"]}}],"collection":[{"href":"https:\/\/legrenierdelatour.be\/brocante\/wp-json\/wp\/v2\/product"}],"about":[{"href":"https:\/\/legrenierdelatour.be\/brocante\/wp-json\/wp\/v2\/types\/product"}],"replies":[{"embeddable":true,"href":"https:\/\/legrenierdelatour.be\/brocante\/wp-json\/wp\/v2\/comments?post=11541"}],"wp:featuredmedia":[{"embeddable":true,"href":"https:\/\/legrenierdelatour.be\/brocante\/wp-json\/wp\/v2\/media\/11498"}],"wp:attachment":[{"href":"https:\/\/legrenierdelatour.be\/brocante\/wp-json\/wp\/v2\/media?parent=11541"}],"wp:term":[{"taxonomy":"product_brand","embeddable":true,"href":"https:\/\/legrenierdelatour.be\/brocante\/wp-json\/wp\/v2\/product_brand?post=11541"},{"taxonomy":"product_cat","embeddable":true,"href":"https:\/\/legrenierdelatour.be\/brocante\/wp-json\/wp\/v2\/product_cat?post=11541"},{"taxonomy":"product_tag","embeddable":true,"href":"https:\/\/legrenierdelatour.be\/brocante\/wp-json\/wp\/v2\/product_tag?post=11541"}],"curies":[{"name":"wp","href":"https:\/\/api.w.org\/{rel}","templated":true}]}}