{"id":11540,"date":"2025-09-13T11:34:22","date_gmt":"2025-09-13T09:34:22","guid":{"rendered":"https:\/\/legrenierdelatour.be\/brocante\/?post_type=product&#038;p=11540"},"modified":"2025-09-13T11:34:22","modified_gmt":"2025-09-13T09:34:22","slug":"sucrier-faience-fine-scenes-de-combat-19e-siecle","status":"publish","type":"product","link":"https:\/\/legrenierdelatour.be\/brocante\/produit\/sucrier-faience-fine-scenes-de-combat-19e-siecle\/","title":{"rendered":"Sucrier fa\u00efence fine, sc\u00e8nes de combat, 19\u00e8 si\u00e8cle"},"content":{"rendered":"<div>Sucrier en fa\u00efence fine sans couvercle (9,5 cm de haut) de forme Empire, portant des repr\u00e9sentations de guerres. Il n&rsquo;est pas marqu\u00e9. Petites anses en t\u00eates f\u00e9minines. Restes de cachet dessous, mais la manufacture n\u2019a pas pu \u00eatre d\u00e9termin\u00e9e.<\/div>\n<div>R\u00e9f 46.22<\/div>\n","protected":false},"excerpt":{"rendered":"<p>Sucrier en fa\u00efence fine sans couvercle (9,5 cm de haut) de forme Empire, portant des repr\u00e9sentations de guerres. Il n&rsquo;est pas marqu\u00e9. Petites anses en t\u00eates f\u00e9minines. Restes de cachet dessous, mais la manufacture n\u2019a pas pu \u00eatre d\u00e9termin\u00e9e. R\u00e9f 46.22<\/p>\n","protected":false},"featured_media":11523,"comment_status":"open","ping_status":"closed","template":"","meta":{"neve_meta_sidebar":"","neve_meta_container":"","neve_meta_enable_content_width":"off","neve_meta_content_width":100,"neve_meta_title_alignment":"","neve_meta_author_avatar":"","neve_post_elements_order":"","neve_meta_disable_header":"","neve_meta_disable_footer":"","neve_meta_disable_title":""},"product_brand":[],"product_cat":[16],"product_tag":[],"class_list":{"0":"post-11540","1":"product","2":"type-product","3":"status-publish","4":"has-post-thumbnail","6":"product_cat-ceramique","8":"first","9":"instock","10":"shipping-taxable","11":"purchasable","12":"product-type-simple"},"_links":{"self":[{"href":"https:\/\/legrenierdelatour.be\/brocante\/wp-json\/wp\/v2\/product\/11540","targetHints":{"allow":["GET"]}}],"collection":[{"href":"https:\/\/legrenierdelatour.be\/brocante\/wp-json\/wp\/v2\/product"}],"about":[{"href":"https:\/\/legrenierdelatour.be\/brocante\/wp-json\/wp\/v2\/types\/product"}],"replies":[{"embeddable":true,"href":"https:\/\/legrenierdelatour.be\/brocante\/wp-json\/wp\/v2\/comments?post=11540"}],"wp:featuredmedia":[{"embeddable":true,"href":"https:\/\/legrenierdelatour.be\/brocante\/wp-json\/wp\/v2\/media\/11523"}],"wp:attachment":[{"href":"https:\/\/legrenierdelatour.be\/brocante\/wp-json\/wp\/v2\/media?parent=11540"}],"wp:term":[{"taxonomy":"product_brand","embeddable":true,"href":"https:\/\/legrenierdelatour.be\/brocante\/wp-json\/wp\/v2\/product_brand?post=11540"},{"taxonomy":"product_cat","embeddable":true,"href":"https:\/\/legrenierdelatour.be\/brocante\/wp-json\/wp\/v2\/product_cat?post=11540"},{"taxonomy":"product_tag","embeddable":true,"href":"https:\/\/legrenierdelatour.be\/brocante\/wp-json\/wp\/v2\/product_tag?post=11540"}],"curies":[{"name":"wp","href":"https:\/\/api.w.org\/{rel}","templated":true}]}}