{"id":11495,"date":"2025-09-13T10:33:48","date_gmt":"2025-09-13T08:33:48","guid":{"rendered":"https:\/\/legrenierdelatour.be\/brocante\/?post_type=product&#038;p=11495"},"modified":"2025-09-13T10:40:54","modified_gmt":"2025-09-13T08:40:54","slug":"sucrier-en-faience-fine-timor-societe-ceramique-maestricht","status":"publish","type":"product","link":"https:\/\/legrenierdelatour.be\/brocante\/produit\/sucrier-en-faience-fine-timor-societe-ceramique-maestricht\/","title":{"rendered":"Sucrier en fa\u00efence fine \u00ab\u00a0Timor\u00a0\u00bb, Soci\u00e9t\u00e9 c\u00e9ramique Maestricht"},"content":{"rendered":"<div>Sucrier en fa\u00efence fine (16 cm de haut couvercle compris) portant des repr\u00e9sentations orientales et non marqu\u00e9e. Petites anses en forme de t\u00eates f\u00e9minines. \u00ab\u00a0Timor\u00a0\u00bb montre un d\u00e9cor oriental, utilis\u00e9 sur la vaisselle haut de gamme produite entre 1880 et 1930 pour le march\u00e9 des Indes orientales n\u00e9erlandaises.\u00a0Cette tasse date de la fin du 19\u00e8 si\u00e8cle et est sans doute une production des Pays-Bas, Soci\u00e9t\u00e9 C\u00e9ramique (1863-1958 fusion avec Sphinx Petrus Regout C\u00e9ramique).<\/div>\n<div>R\u00e9f 46.16<\/div>\n","protected":false},"excerpt":{"rendered":"<p>Sucrier en fa\u00efence fine (16 cm de haut couvercle compris) portant des repr\u00e9sentations orientales et non marqu\u00e9e. Petites anses en forme de t\u00eates f\u00e9minines. \u00ab\u00a0Timor\u00a0\u00bb montre un d\u00e9cor oriental, utilis\u00e9 sur la vaisselle haut de gamme produite entre 1880 et 1930 pour le march\u00e9 des Indes orientales n\u00e9erlandaises.\u00a0Cette tasse date de la fin du 19\u00e8&hellip;&nbsp;<a href=\"https:\/\/legrenierdelatour.be\/brocante\/produit\/sucrier-en-faience-fine-timor-societe-ceramique-maestricht\/\" class=\"\" rel=\"bookmark\">Lire la suite &raquo;<span class=\"screen-reader-text\">Sucrier en fa\u00efence fine \u00ab\u00a0Timor\u00a0\u00bb, Soci\u00e9t\u00e9 c\u00e9ramique Maestricht<\/span><\/a><\/p>\n","protected":false},"featured_media":11535,"comment_status":"open","ping_status":"closed","template":"","meta":{"neve_meta_sidebar":"","neve_meta_container":"","neve_meta_enable_content_width":"off","neve_meta_content_width":100,"neve_meta_title_alignment":"","neve_meta_author_avatar":"","neve_post_elements_order":"","neve_meta_disable_header":"","neve_meta_disable_footer":"","neve_meta_disable_title":""},"product_brand":[],"product_cat":[16],"product_tag":[],"class_list":{"0":"post-11495","1":"product","2":"type-product","3":"status-publish","4":"has-post-thumbnail","6":"product_cat-ceramique","8":"first","9":"instock","10":"shipping-taxable","11":"purchasable","12":"product-type-simple"},"_links":{"self":[{"href":"https:\/\/legrenierdelatour.be\/brocante\/wp-json\/wp\/v2\/product\/11495","targetHints":{"allow":["GET"]}}],"collection":[{"href":"https:\/\/legrenierdelatour.be\/brocante\/wp-json\/wp\/v2\/product"}],"about":[{"href":"https:\/\/legrenierdelatour.be\/brocante\/wp-json\/wp\/v2\/types\/product"}],"replies":[{"embeddable":true,"href":"https:\/\/legrenierdelatour.be\/brocante\/wp-json\/wp\/v2\/comments?post=11495"}],"wp:featuredmedia":[{"embeddable":true,"href":"https:\/\/legrenierdelatour.be\/brocante\/wp-json\/wp\/v2\/media\/11535"}],"wp:attachment":[{"href":"https:\/\/legrenierdelatour.be\/brocante\/wp-json\/wp\/v2\/media?parent=11495"}],"wp:term":[{"taxonomy":"product_brand","embeddable":true,"href":"https:\/\/legrenierdelatour.be\/brocante\/wp-json\/wp\/v2\/product_brand?post=11495"},{"taxonomy":"product_cat","embeddable":true,"href":"https:\/\/legrenierdelatour.be\/brocante\/wp-json\/wp\/v2\/product_cat?post=11495"},{"taxonomy":"product_tag","embeddable":true,"href":"https:\/\/legrenierdelatour.be\/brocante\/wp-json\/wp\/v2\/product_tag?post=11495"}],"curies":[{"name":"wp","href":"https:\/\/api.w.org\/{rel}","templated":true}]}}