{"id":11493,"date":"2025-09-13T10:01:35","date_gmt":"2025-09-13T08:01:35","guid":{"rendered":"https:\/\/legrenierdelatour.be\/brocante\/?post_type=product&#038;p=11493"},"modified":"2025-09-13T10:01:35","modified_gmt":"2025-09-13T08:01:35","slug":"tasse-en-faience-fine-timor-societe-ceramique-maastricht","status":"publish","type":"product","link":"https:\/\/legrenierdelatour.be\/brocante\/produit\/tasse-en-faience-fine-timor-societe-ceramique-maastricht\/","title":{"rendered":"Tasse en fa\u00efence fine \u00ab\u00a0Timor\u00a0\u00bb, Soci\u00e9t\u00e9 c\u00e9ramique Maastricht"},"content":{"rendered":"<div>Tasse en fa\u00efence fine (10 cm de diam\u00e8tre) portant des repr\u00e9sentations japonisantes et marqu\u00e9e dessous par un cachet bleu \u00ab\u00a0Timor\/Soci\u00e9t\u00e9 c\u00e9ramique\/ Maestricht\/ Made in Holland\u00a0\u00bb. Cette tasse date de la fin du 19\u00e8 si\u00e8cle. \u00ab\u00a0Timor\u00a0\u00bb montre un d\u00e9cor oriental, utilis\u00e9 sur la vaisselle haut de gamme produite entre 1880 et 1930 pour le march\u00e9 des Indes orientales n\u00e9erlandaises. La Soci\u00e9t\u00e9 C\u00e9ramique (1863-1958 fusion avec Sphinx Petrus Regout C\u00e9ramique), est issue d\u2019une soci\u00e9t\u00e9 plus ancienne \u00ab\u00a0Clermont &amp; Chainaye\u00a0\u00bb (1851-1863).<\/div>\n<div>R\u00e9f 46.15<\/div>\n","protected":false},"excerpt":{"rendered":"<p>Tasse en fa\u00efence fine (10 cm de diam\u00e8tre) portant des repr\u00e9sentations japonisantes et marqu\u00e9e dessous par un cachet bleu \u00ab\u00a0Timor\/Soci\u00e9t\u00e9 c\u00e9ramique\/ Maestricht\/ Made in Holland\u00a0\u00bb. Cette tasse date de la fin du 19\u00e8 si\u00e8cle. \u00ab\u00a0Timor\u00a0\u00bb montre un d\u00e9cor oriental, utilis\u00e9 sur la vaisselle haut de gamme produite entre 1880 et 1930 pour le march\u00e9 des&hellip;&nbsp;<a href=\"https:\/\/legrenierdelatour.be\/brocante\/produit\/tasse-en-faience-fine-timor-societe-ceramique-maastricht\/\" class=\"\" rel=\"bookmark\">Lire la suite &raquo;<span class=\"screen-reader-text\">Tasse en fa\u00efence fine \u00ab\u00a0Timor\u00a0\u00bb, Soci\u00e9t\u00e9 c\u00e9ramique Maastricht<\/span><\/a><\/p>\n","protected":false},"featured_media":11469,"comment_status":"open","ping_status":"closed","template":"","meta":{"neve_meta_sidebar":"","neve_meta_container":"","neve_meta_enable_content_width":"off","neve_meta_content_width":100,"neve_meta_title_alignment":"","neve_meta_author_avatar":"","neve_post_elements_order":"","neve_meta_disable_header":"","neve_meta_disable_footer":"","neve_meta_disable_title":""},"product_brand":[],"product_cat":[16],"product_tag":[],"class_list":{"0":"post-11493","1":"product","2":"type-product","3":"status-publish","4":"has-post-thumbnail","6":"product_cat-ceramique","8":"first","9":"instock","10":"shipping-taxable","11":"purchasable","12":"product-type-simple"},"_links":{"self":[{"href":"https:\/\/legrenierdelatour.be\/brocante\/wp-json\/wp\/v2\/product\/11493","targetHints":{"allow":["GET"]}}],"collection":[{"href":"https:\/\/legrenierdelatour.be\/brocante\/wp-json\/wp\/v2\/product"}],"about":[{"href":"https:\/\/legrenierdelatour.be\/brocante\/wp-json\/wp\/v2\/types\/product"}],"replies":[{"embeddable":true,"href":"https:\/\/legrenierdelatour.be\/brocante\/wp-json\/wp\/v2\/comments?post=11493"}],"wp:featuredmedia":[{"embeddable":true,"href":"https:\/\/legrenierdelatour.be\/brocante\/wp-json\/wp\/v2\/media\/11469"}],"wp:attachment":[{"href":"https:\/\/legrenierdelatour.be\/brocante\/wp-json\/wp\/v2\/media?parent=11493"}],"wp:term":[{"taxonomy":"product_brand","embeddable":true,"href":"https:\/\/legrenierdelatour.be\/brocante\/wp-json\/wp\/v2\/product_brand?post=11493"},{"taxonomy":"product_cat","embeddable":true,"href":"https:\/\/legrenierdelatour.be\/brocante\/wp-json\/wp\/v2\/product_cat?post=11493"},{"taxonomy":"product_tag","embeddable":true,"href":"https:\/\/legrenierdelatour.be\/brocante\/wp-json\/wp\/v2\/product_tag?post=11493"}],"curies":[{"name":"wp","href":"https:\/\/api.w.org\/{rel}","templated":true}]}}