{"id":11491,"date":"2025-09-12T15:22:35","date_gmt":"2025-09-12T13:22:35","guid":{"rendered":"https:\/\/legrenierdelatour.be\/brocante\/?post_type=product&#038;p=11491"},"modified":"2025-09-12T15:22:35","modified_gmt":"2025-09-12T13:22:35","slug":"sucrier-en-faience-fine-genoa-boch-freres-keramis-19e","status":"publish","type":"product","link":"https:\/\/legrenierdelatour.be\/brocante\/produit\/sucrier-en-faience-fine-genoa-boch-freres-keramis-19e\/","title":{"rendered":"Sucrier en fa\u00efence fine \u00ab\u00a0G\u00e9noa\u00a0\u00bb, Boch Fr\u00e8res K\u00e9ramis, 19\u00e8"},"content":{"rendered":"<div>Sucrier en fa\u00efence fine sans couvercle (9 cm de haut) , portant des repr\u00e9sentations de la ville de G\u00eanes. Il est marqu\u00e9 dessous d\u2019un cachet bleu \u00ab\u00a0Genoa\/BF Keramis \u00bb. Les petites anses sont en forme de t\u00eates f\u00e9minines. Le d\u00e9cor Genoa est de Henri Mouzin en 1874. Le sucrier date sans doute de la fin du 19\u00e8 si\u00e8cle et\u00a0est issu de la manufacture de Boch Fr\u00e8res K\u00e9ramis (1841-auj).<\/div>\n<div>\n<div>\n<div>R\u00e9f 46.13<\/div>\n<\/div>\n<\/div>\n","protected":false},"excerpt":{"rendered":"<p>Sucrier en fa\u00efence fine sans couvercle (9 cm de haut) , portant des repr\u00e9sentations de la ville de G\u00eanes. Il est marqu\u00e9 dessous d\u2019un cachet bleu \u00ab\u00a0Genoa\/BF Keramis \u00bb. Les petites anses sont en forme de t\u00eates f\u00e9minines. Le d\u00e9cor Genoa est de Henri Mouzin en 1874. Le sucrier date sans doute de la fin&hellip;&nbsp;<a href=\"https:\/\/legrenierdelatour.be\/brocante\/produit\/sucrier-en-faience-fine-genoa-boch-freres-keramis-19e\/\" class=\"\" rel=\"bookmark\">Lire la suite &raquo;<span class=\"screen-reader-text\">Sucrier en fa\u00efence fine \u00ab\u00a0G\u00e9noa\u00a0\u00bb, Boch Fr\u00e8res K\u00e9ramis, 19\u00e8<\/span><\/a><\/p>\n","protected":false},"featured_media":11462,"comment_status":"open","ping_status":"closed","template":"","meta":{"neve_meta_sidebar":"","neve_meta_container":"","neve_meta_enable_content_width":"off","neve_meta_content_width":100,"neve_meta_title_alignment":"","neve_meta_author_avatar":"","neve_post_elements_order":"","neve_meta_disable_header":"","neve_meta_disable_footer":"","neve_meta_disable_title":""},"product_brand":[],"product_cat":[37,175,16],"product_tag":[],"class_list":{"0":"post-11491","1":"product","2":"type-product","3":"status-publish","4":"has-post-thumbnail","6":"product_cat-belgique","7":"product_cat-boch","8":"product_cat-ceramique","10":"first","11":"instock","12":"shipping-taxable","13":"purchasable","14":"product-type-simple"},"_links":{"self":[{"href":"https:\/\/legrenierdelatour.be\/brocante\/wp-json\/wp\/v2\/product\/11491","targetHints":{"allow":["GET"]}}],"collection":[{"href":"https:\/\/legrenierdelatour.be\/brocante\/wp-json\/wp\/v2\/product"}],"about":[{"href":"https:\/\/legrenierdelatour.be\/brocante\/wp-json\/wp\/v2\/types\/product"}],"replies":[{"embeddable":true,"href":"https:\/\/legrenierdelatour.be\/brocante\/wp-json\/wp\/v2\/comments?post=11491"}],"wp:featuredmedia":[{"embeddable":true,"href":"https:\/\/legrenierdelatour.be\/brocante\/wp-json\/wp\/v2\/media\/11462"}],"wp:attachment":[{"href":"https:\/\/legrenierdelatour.be\/brocante\/wp-json\/wp\/v2\/media?parent=11491"}],"wp:term":[{"taxonomy":"product_brand","embeddable":true,"href":"https:\/\/legrenierdelatour.be\/brocante\/wp-json\/wp\/v2\/product_brand?post=11491"},{"taxonomy":"product_cat","embeddable":true,"href":"https:\/\/legrenierdelatour.be\/brocante\/wp-json\/wp\/v2\/product_cat?post=11491"},{"taxonomy":"product_tag","embeddable":true,"href":"https:\/\/legrenierdelatour.be\/brocante\/wp-json\/wp\/v2\/product_tag?post=11491"}],"curies":[{"name":"wp","href":"https:\/\/api.w.org\/{rel}","templated":true}]}}