{"id":11488,"date":"2025-09-12T14:53:29","date_gmt":"2025-09-12T12:53:29","guid":{"rendered":"https:\/\/legrenierdelatour.be\/brocante\/?post_type=product&#038;p=11488"},"modified":"2025-09-12T14:53:56","modified_gmt":"2025-09-12T12:53:56","slug":"sucrier-faience-fine-lion-antique-boch-freres-keramis-19e","status":"publish","type":"product","link":"https:\/\/legrenierdelatour.be\/brocante\/produit\/sucrier-faience-fine-lion-antique-boch-freres-keramis-19e\/","title":{"rendered":"Sucrier Fa\u00efence fine, Lion Antique, Boch Fr\u00e8res Keramis, 19\u00e8"},"content":{"rendered":"<div>Sucrier en fa\u00efence fine (15 cm de haut) , portant des repr\u00e9sentations d\u2019enfants nus jouant . Il est marqu\u00e9 dessous d\u2019un cachet bleu \u00ab Lion antique\/BF K\u00e9ramis\u00a0\u00bb \u00bb. Les petites anses sont en forme de t\u00eates de lion. Le d\u00e9cor \u00ab Lion Antique \u00bb est un d\u00e9cor de Henri Mouzin, vers 1856. Ce sucrier est issu de la manufacture de Boch Fr\u00e8res K\u00e9ramis (1841-auj), dans la deuxi\u00e8me moiti\u00e9 du 19\u00e8 si\u00e8cle.<\/div>\n<div>\n<div>\n<div>R\u00e9f 46.10<\/div>\n<\/div>\n<\/div>\n","protected":false},"excerpt":{"rendered":"<p>Sucrier en fa\u00efence fine (15 cm de haut) , portant des repr\u00e9sentations d\u2019enfants nus jouant . Il est marqu\u00e9 dessous d\u2019un cachet bleu \u00ab Lion antique\/BF K\u00e9ramis\u00a0\u00bb \u00bb. Les petites anses sont en forme de t\u00eates de lion. Le d\u00e9cor \u00ab Lion Antique \u00bb est un d\u00e9cor de Henri Mouzin, vers 1856. Ce sucrier est&hellip;&nbsp;<a href=\"https:\/\/legrenierdelatour.be\/brocante\/produit\/sucrier-faience-fine-lion-antique-boch-freres-keramis-19e\/\" class=\"\" rel=\"bookmark\">Lire la suite &raquo;<span class=\"screen-reader-text\">Sucrier Fa\u00efence fine, Lion Antique, Boch Fr\u00e8res Keramis, 19\u00e8<\/span><\/a><\/p>\n","protected":false},"featured_media":11430,"comment_status":"open","ping_status":"closed","template":"","meta":{"neve_meta_sidebar":"","neve_meta_container":"","neve_meta_enable_content_width":"off","neve_meta_content_width":100,"neve_meta_title_alignment":"","neve_meta_author_avatar":"","neve_post_elements_order":"","neve_meta_disable_header":"","neve_meta_disable_footer":"","neve_meta_disable_title":""},"product_brand":[],"product_cat":[37,175,16],"product_tag":[],"class_list":{"0":"post-11488","1":"product","2":"type-product","3":"status-publish","4":"has-post-thumbnail","6":"product_cat-belgique","7":"product_cat-boch","8":"product_cat-ceramique","10":"first","11":"instock","12":"shipping-taxable","13":"purchasable","14":"product-type-simple"},"_links":{"self":[{"href":"https:\/\/legrenierdelatour.be\/brocante\/wp-json\/wp\/v2\/product\/11488","targetHints":{"allow":["GET"]}}],"collection":[{"href":"https:\/\/legrenierdelatour.be\/brocante\/wp-json\/wp\/v2\/product"}],"about":[{"href":"https:\/\/legrenierdelatour.be\/brocante\/wp-json\/wp\/v2\/types\/product"}],"replies":[{"embeddable":true,"href":"https:\/\/legrenierdelatour.be\/brocante\/wp-json\/wp\/v2\/comments?post=11488"}],"wp:featuredmedia":[{"embeddable":true,"href":"https:\/\/legrenierdelatour.be\/brocante\/wp-json\/wp\/v2\/media\/11430"}],"wp:attachment":[{"href":"https:\/\/legrenierdelatour.be\/brocante\/wp-json\/wp\/v2\/media?parent=11488"}],"wp:term":[{"taxonomy":"product_brand","embeddable":true,"href":"https:\/\/legrenierdelatour.be\/brocante\/wp-json\/wp\/v2\/product_brand?post=11488"},{"taxonomy":"product_cat","embeddable":true,"href":"https:\/\/legrenierdelatour.be\/brocante\/wp-json\/wp\/v2\/product_cat?post=11488"},{"taxonomy":"product_tag","embeddable":true,"href":"https:\/\/legrenierdelatour.be\/brocante\/wp-json\/wp\/v2\/product_tag?post=11488"}],"curies":[{"name":"wp","href":"https:\/\/api.w.org\/{rel}","templated":true}]}}